{"id":5,"date":"2016-03-15T04:10:27","date_gmt":"2016-03-15T04:10:27","guid":{"rendered":"http:\/\/ultimato.com.br\/sites\/serie-ciencia-e-fe-crista\/?page_id=5"},"modified":"2019-04-12T13:38:56","modified_gmt":"2019-04-12T13:38:56","slug":"a-serie","status":"publish","type":"page","link":"https:\/\/ultimato.com.br\/sites\/serie-ciencia-e-fe-crista\/","title":{"rendered":"A S\u00c9RIE"},"content":{"rendered":"<p>&nbsp;<\/p>\n<p><strong>CI\u00caNCIA e F\u00c9 CRIST\u00c3<\/strong>\u00a0\u00e9 o nome da s\u00e9rie publicada pela\u00a0<strong>Editora Ultimato<\/strong>, em parceria com a\u00a0<a href=\"http:\/\/www.cristaosnaciencia.org.br\/\">Associa\u00e7\u00e3o Brasileira de Crist\u00e3os na Ci\u00eancia<\/a>, iniciada\u00a0em 2016.<\/p>\n<p>&nbsp;<\/p>\n<p><strong>\u2022 Em 2016<\/strong> foram foram lan\u00e7ados os primeiros volumes:\u00a0<a href=\"http:\/\/ultimato.com.br\/sites\/ciencia-de-deus\/\">A Ci\u00eancia de Deus \u2013 Uma Introdu\u00e7\u00e3o \u00e0 Teologia Cient\u00edfica<\/a>, de Alister McGrath;\u00a0<a href=\"http:\/\/ultimato.com.br\/sites\/verdadeiros-cientistas-fe-verdadeira\/\">Verdadeiros Cientistas, F\u00e9 Verdadeira<\/a>, com Francis Collins, Alister McGrath, John\u00a0Houghton, entre outros; e,\u00a0<a href=\"http:\/\/www.ultimato.com.br\/loja\/produtos\/fe-esperanca-e-tecnologia\">F\u00e9, Esperan\u00e7a e Tecnologia \u2013 Ci\u00eancia e F\u00e9 Crist\u00e3 em uma\u00a0Cultura Tecnol\u00f3gica<\/a>, de Egbert Schuurman.<\/p>\n<p><a href=\"http:\/\/ultimato.com.br\/sites\/fe-esperanca-tecnologia\/\" target=\"_blank\" rel=\"noopener noreferrer\"><img loading=\"lazy\" decoding=\"async\" class=\"alignleft wp-image-7\" src=\"http:\/\/ultimato.com.br\/sites\/serie-ciencia-e-fe-crista\/files\/2016\/03\/capa_fet.jpg\" alt=\"capa_fet\" width=\"150\" height=\"212\" srcset=\"https:\/\/ultimato.com.br\/sites\/serie-ciencia-e-fe-crista\/files\/2016\/03\/capa_fet.jpg 395w, https:\/\/ultimato.com.br\/sites\/serie-ciencia-e-fe-crista\/files\/2016\/03\/capa_fet-212x300.jpg 212w, https:\/\/ultimato.com.br\/sites\/serie-ciencia-e-fe-crista\/files\/2016\/03\/capa_fet-106x150.jpg 106w\" sizes=\"auto, (max-width: 150px) 100vw, 150px\" \/><\/a><a href=\"http:\/\/ultimato.com.br\/sites\/ciencia-de-deus\/\" target=\"_blank\" rel=\"noopener noreferrer\"><img loading=\"lazy\" decoding=\"async\" class=\"alignleft wp-image-8\" src=\"http:\/\/ultimato.com.br\/sites\/serie-ciencia-e-fe-crista\/files\/2016\/03\/capa_acdd.jpg\" alt=\"capa_acdd\" width=\"150\" height=\"212\" srcset=\"https:\/\/ultimato.com.br\/sites\/serie-ciencia-e-fe-crista\/files\/2016\/03\/capa_acdd.jpg 395w, https:\/\/ultimato.com.br\/sites\/serie-ciencia-e-fe-crista\/files\/2016\/03\/capa_acdd-212x300.jpg 212w, https:\/\/ultimato.com.br\/sites\/serie-ciencia-e-fe-crista\/files\/2016\/03\/capa_acdd-106x150.jpg 106w\" sizes=\"auto, (max-width: 150px) 100vw, 150px\" \/><\/a><a href=\"http:\/\/ultimato.com.br\/sites\/verdadeiros-cientistas-fe-verdadeira\/\" target=\"_blank\" rel=\"noopener noreferrer\"><img loading=\"lazy\" decoding=\"async\" class=\"alignleft wp-image-6\" src=\"http:\/\/ultimato.com.br\/sites\/serie-ciencia-e-fe-crista\/files\/2016\/03\/livro_vcfv.jpg\" alt=\"livro_vcfv\" width=\"150\" height=\"212\" srcset=\"https:\/\/ultimato.com.br\/sites\/serie-ciencia-e-fe-crista\/files\/2016\/03\/livro_vcfv.jpg 395w, https:\/\/ultimato.com.br\/sites\/serie-ciencia-e-fe-crista\/files\/2016\/03\/livro_vcfv-212x300.jpg 212w, https:\/\/ultimato.com.br\/sites\/serie-ciencia-e-fe-crista\/files\/2016\/03\/livro_vcfv-106x150.jpg 106w\" sizes=\"auto, (max-width: 150px) 100vw, 150px\" \/><\/a><\/p>\n<p>&nbsp;<\/p>\n<p>&nbsp;<\/p>\n<p>&nbsp;<\/p>\n<p>&nbsp;<\/p>\n<p>&nbsp;<\/p>\n<p>&nbsp;<\/p>\n<p>&nbsp;<\/p>\n<p>&nbsp;<\/p>\n<p>Em setembro e outubro do mesmo ano, a s\u00e9rie ganhou a companhia de outros 3 t\u00edtulos imperd\u00edveis para quem quer conversar sobre ci\u00eancia e f\u00e9: <a href=\"http:\/\/www.ultimato.com.br\/loja\/produtos\/deus-e-darwin\">Deus e Darwin \u2013 Pensamento evolutivo e teologia natural<\/a>, de Alister McGrath; <a href=\"http:\/\/www.ultimato.com.br\/loja\/produtos\/mentes-cerebros-almas-e-deuses\">Mentes, C\u00e9rebros, Almas e Deus \u2013 Uma conversa sobre f\u00e9, psicologia e neuroci\u00eancia<\/a>, de Malcolm Jeeves; e, <a href=\"http:\/\/www.ultimato.com.br\/loja\/produtos\/o-mundo-perdido-de-adao-e-eva\">O Mundo Perdido de Ad\u00e3o e Eva \u2013 O debate sobre a origem da humanidade e a leitura de G\u00eanesis<\/a>, de John Walton, com a participa\u00e7\u00e3o de N. T. Wright.<\/p>\n<p><a href=\"http:\/\/www.ultimato.com.br\/loja\/produtos\/mentes-cerebros-almas-e-deuses\"><img loading=\"lazy\" decoding=\"async\" class=\"alignleft wp-image-28\" src=\"http:\/\/ultimato.com.br\/sites\/serie-ciencia-e-fe-crista\/files\/2016\/03\/capa_hs_mcad-150x150.jpg\" alt=\"capa_hs_mcad\" width=\"161\" height=\"212\" srcset=\"https:\/\/ultimato.com.br\/sites\/serie-ciencia-e-fe-crista\/files\/2016\/03\/capa_hs_mcad-227x300.jpg 227w, https:\/\/ultimato.com.br\/sites\/serie-ciencia-e-fe-crista\/files\/2016\/03\/capa_hs_mcad-114x150.jpg 114w, https:\/\/ultimato.com.br\/sites\/serie-ciencia-e-fe-crista\/files\/2016\/03\/capa_hs_mcad.jpg 423w\" sizes=\"auto, (max-width: 161px) 100vw, 161px\" \/><\/a><a href=\"http:\/\/www.ultimato.com.br\/loja\/produtos\/o-mundo-perdido-de-adao-e-eva\"><img loading=\"lazy\" decoding=\"async\" class=\"alignleft wp-image-27\" src=\"http:\/\/ultimato.com.br\/sites\/serie-ciencia-e-fe-crista\/files\/2016\/03\/capa_hs_ompae-150x150.jpg\" alt=\"capa_hs_ompae\" width=\"157\" height=\"212\" srcset=\"https:\/\/ultimato.com.br\/sites\/serie-ciencia-e-fe-crista\/files\/2016\/03\/capa_hs_ompae-223x300.jpg 223w, https:\/\/ultimato.com.br\/sites\/serie-ciencia-e-fe-crista\/files\/2016\/03\/capa_hs_ompae-111x150.jpg 111w, https:\/\/ultimato.com.br\/sites\/serie-ciencia-e-fe-crista\/files\/2016\/03\/capa_hs_ompae.jpg 414w\" sizes=\"auto, (max-width: 157px) 100vw, 157px\" \/><\/a>\u00a0 \u00a0\u00a0<a href=\"http:\/\/www.ultimato.com.br\/loja\/produtos\/deus-e-darwin\"><img loading=\"lazy\" decoding=\"async\" class=\"alignleft wp-image-26\" src=\"http:\/\/ultimato.com.br\/sites\/serie-ciencia-e-fe-crista\/files\/2016\/03\/capa_hs_ded-1-150x150.jpg\" alt=\"capa_hs_ded (1)\" width=\"155\" height=\"212\" srcset=\"https:\/\/ultimato.com.br\/sites\/serie-ciencia-e-fe-crista\/files\/2016\/03\/capa_hs_ded-1-219x300.jpg 219w, https:\/\/ultimato.com.br\/sites\/serie-ciencia-e-fe-crista\/files\/2016\/03\/capa_hs_ded-1-110x150.jpg 110w, https:\/\/ultimato.com.br\/sites\/serie-ciencia-e-fe-crista\/files\/2016\/03\/capa_hs_ded-1.jpg 414w\" sizes=\"auto, (max-width: 155px) 100vw, 155px\" \/><\/a><\/p>\n<p>&nbsp;<\/p>\n<p>&nbsp;<\/p>\n<p>&nbsp;<\/p>\n<p>&nbsp;<\/p>\n<p>&nbsp;<\/p>\n<p>&nbsp;<\/p>\n<p>&nbsp;<\/p>\n<p>&nbsp;<\/p>\n<p><strong>\u2022 Em 2017<\/strong> a discuss\u00e3o\u00a0sobre as rela\u00e7\u00f5es entre a ci\u00eancia e a vida religiosa ganhou for\u00e7a com o lan\u00e7amento de tr\u00eas volumes: <a href=\"http:\/\/www.ultimato.com.br\/loja\/produtos\/os-territorios-da-ciencia-e-da-religiao\">Os Territ\u00f3rios da Ci\u00eancia e da Religi\u00e3o<\/a>, de Peter Harrison; e, <a href=\"http:\/\/www.ultimato.com.br\/loja\/produtos\/criacao-ou-evolucao-precisamos-escolher\">Cria\u00e7\u00e3o ou Evolu\u00e7\u00e3o &#8211; Precisamos Escolher?<\/a>, de Denis Alexander, no primeiro semestre; e,\u00a0<a href=\"http:\/\/www.ultimato.com.br\/loja\/produtos\/o-ajuste-fino-do-universo\">O Ajuste Fino do Universo &#8211; Em busca de Deus na ci\u00eancia e na teologia<\/a>, de\u00a0Alister McGrath, em setembro.<\/p>\n<p><a href=\"http:\/\/www.ultimato.com.br\/loja\/produtos\/o-ajuste-fino-do-universo\"><img loading=\"lazy\" decoding=\"async\" class=\"alignleft wp-image-58\" src=\"http:\/\/ultimato.com.br\/sites\/serie-ciencia-e-fe-crista\/files\/Ajuste-Fino-do-Universo_3D.jpg\" alt=\"\" width=\"157\" height=\"235\" srcset=\"https:\/\/ultimato.com.br\/sites\/serie-ciencia-e-fe-crista\/files\/Ajuste-Fino-do-Universo_3D.jpg 300w, https:\/\/ultimato.com.br\/sites\/serie-ciencia-e-fe-crista\/files\/Ajuste-Fino-do-Universo_3D-200x300.jpg 200w, https:\/\/ultimato.com.br\/sites\/serie-ciencia-e-fe-crista\/files\/Ajuste-Fino-do-Universo_3D-100x150.jpg 100w\" sizes=\"auto, (max-width: 157px) 100vw, 157px\" \/><\/a><a href=\"http:\/\/www.ultimato.com.br\/loja\/produtos\/os-territorios-da-ciencia-e-da-religiao\"><img loading=\"lazy\" decoding=\"async\" class=\"alignleft wp-image-45\" src=\"http:\/\/ultimato.com.br\/sites\/serie-ciencia-e-fe-crista\/files\/2016\/03\/capa_3d_territorios.jpg\" alt=\"\" width=\"155\" height=\"227\" srcset=\"https:\/\/ultimato.com.br\/sites\/serie-ciencia-e-fe-crista\/files\/2016\/03\/capa_3d_territorios.jpg 411w, https:\/\/ultimato.com.br\/sites\/serie-ciencia-e-fe-crista\/files\/2016\/03\/capa_3d_territorios-205x300.jpg 205w, https:\/\/ultimato.com.br\/sites\/serie-ciencia-e-fe-crista\/files\/2016\/03\/capa_3d_territorios-103x150.jpg 103w\" sizes=\"auto, (max-width: 155px) 100vw, 155px\" \/><\/a><a href=\"http:\/\/www.ultimato.com.br\/loja\/produtos\/criacao-ou-evolucao-precisamos-escolher\"><img loading=\"lazy\" decoding=\"async\" class=\"alignleft wp-image-52\" src=\"http:\/\/ultimato.com.br\/sites\/serie-ciencia-e-fe-crista\/files\/2016\/03\/coe_3d_hs.jpg\" alt=\"\" width=\"166\" height=\"224\" srcset=\"https:\/\/ultimato.com.br\/sites\/serie-ciencia-e-fe-crista\/files\/2016\/03\/coe_3d_hs.jpg 348w, https:\/\/ultimato.com.br\/sites\/serie-ciencia-e-fe-crista\/files\/2016\/03\/coe_3d_hs-223x300.jpg 223w, https:\/\/ultimato.com.br\/sites\/serie-ciencia-e-fe-crista\/files\/2016\/03\/coe_3d_hs-111x150.jpg 111w\" sizes=\"auto, (max-width: 166px) 100vw, 166px\" \/><\/a><\/p>\n<p>&nbsp;<\/p>\n<p>&nbsp;<\/p>\n<p>&nbsp;<\/p>\n<p>&nbsp;<\/p>\n<p>&nbsp;<\/p>\n<p>&nbsp;<\/p>\n<p>&nbsp;<\/p>\n<p>&nbsp;<\/p>\n<p>&nbsp;<\/p>\n<p>&nbsp;<\/p>\n<p><strong>\u2022 Em maio de 2018,\u00a0<\/strong>mais um lan\u00e7amento de peso: <a href=\"http:\/\/www.ultimato.com.br\/loja\/produtos\/filosofia-da-tecnologia\">Filosofia da Tecnologia \u2014 Uma Introdu\u00e7\u00e3o<\/a>, apresentado por um dos\u00a0principais sistematizadores da \u00e1rea \u2013 Carl Mitcham.<\/p>\n<p><a href=\"http:\/\/www.ultimato.com.br\/loja\/produtos\/filosofia-da-tecnologia\"><img loading=\"lazy\" decoding=\"async\" class=\"alignleft wp-image-65\" src=\"http:\/\/ultimato.com.br\/sites\/serie-ciencia-e-fe-crista\/files\/capa_filosofia_3d.jpg\" alt=\"\" width=\"200\" height=\"262\" srcset=\"https:\/\/ultimato.com.br\/sites\/serie-ciencia-e-fe-crista\/files\/capa_filosofia_3d.jpg 400w, https:\/\/ultimato.com.br\/sites\/serie-ciencia-e-fe-crista\/files\/capa_filosofia_3d-229x300.jpg 229w\" sizes=\"auto, (max-width: 200px) 100vw, 200px\" \/><\/a><\/p>\n<p>&nbsp;<\/p>\n<p>&nbsp;<\/p>\n<p>&nbsp;<\/p>\n<p>&nbsp;<\/p>\n<p>&nbsp;<\/p>\n<p>&nbsp;<\/p>\n<p>&nbsp;<\/p>\n<p>&nbsp;<\/p>\n<p>&nbsp;<\/p>\n<p>&nbsp;<\/p>\n<p><strong>\u2022 Em julho de 2018\u00a0<\/strong>a s\u00e9rie ganhou a companhia de um livro que j\u00e1 nasce um cl\u00e1ssico. <a href=\"http:\/\/www.ultimato.com.br\/loja\/produtos\/a-penultima-curiosidade\">A Pen\u00faltima Curiosidade \u2013 como a ci\u00eancia navega nas quest\u00f5es \u00faltimas da exist\u00eancia<\/a>, tamb\u00e9m rec\u00e9m-lan\u00e7ado na Europa e chamado pelo jornal ingl\u00eas <strong>Financial Times<\/strong> de &#8220;fascinante&#8221; e de &#8220;obra de refer\u00eancia&#8221;.<\/p>\n<p><a href=\"http:\/\/www.ultimato.com.br\/loja\/produtos\/a-penultima-curiosidade\"><img loading=\"lazy\" decoding=\"async\" class=\"alignleft wp-image-85\" src=\"http:\/\/ultimato.com.br\/sites\/serie-ciencia-e-fe-crista\/files\/capa_penultima_dvd2-260x300.jpg\" alt=\"\" width=\"240\" height=\"277\" srcset=\"https:\/\/ultimato.com.br\/sites\/serie-ciencia-e-fe-crista\/files\/capa_penultima_dvd2-260x300.jpg 260w, https:\/\/ultimato.com.br\/sites\/serie-ciencia-e-fe-crista\/files\/capa_penultima_dvd2.jpg 372w\" sizes=\"auto, (max-width: 240px) 100vw, 240px\" \/><\/a><\/p>\n<p>&nbsp;<\/p>\n<p>&nbsp;<\/p>\n<p>&nbsp;<\/p>\n<p>&nbsp;<\/p>\n<p>&nbsp;<\/p>\n<pre><span style=\"color: #808000;\"><strong>\u00bb A Pen\u00faltima Curiosidade\u00a0<\/strong>vem acompanhado de um bel\u00edssimo document\u00e1rio (DVD), apresentado pelos autores, em uma verdadeira viagem pelo tempo, mostrando lugares, ilustrando e apontando fatos que moldaram a civiliza\u00e7\u00e3o, da pr\u00e9-hist\u00f3ria \u00e0 revolu\u00e7\u00e3o cient\u00edfica dos dias atuais.<\/span><\/pre>\n<p>&nbsp;<\/p>\n<p>&nbsp;<\/p>\n<p>&nbsp;<\/p>\n<p><strong>\u2022 <\/strong>O lan\u00e7amento de\u00a0<strong>abril de 2019<\/strong>, <a href=\"https:\/\/www.ultimato.com.br\/loja\/produtos\/capitalismo-e-progresso\">Capitalismo e Progresso \u2013 um diagn\u00f3stico da sociedade ocidental<\/a> \u00a0\u00e9 um livro raro. Afinal, existe uma abordagem crist\u00e3 para a economia? Do economista e professor em\u00e9rito da Universidade Livre de Amsterd\u00e3, Bob Goudzwaard, \u00e9 o 12\u00ba volume da s\u00e9rie Ci\u00eancia e F\u00e9 Crist\u00e3.<\/p>\n<p><a href=\"https:\/\/www.ultimato.com.br\/loja\/produtos\/capitalismo-e-progresso\"><img loading=\"lazy\" decoding=\"async\" class=\"alignleft wp-image-96 size-medium\" src=\"http:\/\/ultimato.com.br\/sites\/serie-ciencia-e-fe-crista\/files\/Capitalismo-e-Progresso_3d_web-206x300.jpg\" alt=\"\" width=\"206\" height=\"300\" srcset=\"https:\/\/ultimato.com.br\/sites\/serie-ciencia-e-fe-crista\/files\/Capitalismo-e-Progresso_3d_web-206x300.jpg 206w, https:\/\/ultimato.com.br\/sites\/serie-ciencia-e-fe-crista\/files\/Capitalismo-e-Progresso_3d_web.jpg 220w\" sizes=\"auto, (max-width: 206px) 100vw, 206px\" \/><\/a><\/p>\n<div id=\"alldebrid_hover\" style=\"display: none;\"><img decoding=\"async\" src=\"https:\/\/alldebrid.fr\/lib\/images\/hover2.png\" alt=\"\" \/><\/div>\n<div id=\"alldebrid_hover\" style=\"display: none;\"><img decoding=\"async\" src=\"https:\/\/alldebrid.fr\/lib\/images\/hover2.png\" alt=\"\" \/><\/div>\n<div id=\"alldebrid_hover\" style=\"display: none; width; 153px; height: 24px; cursor: pointer; position: absolute;\"><img decoding=\"async\" src=\"https:\/\/alldebrid.fr\/lib\/images\/hover2.png\" alt=\"\" \/><\/div>\n","protected":false},"excerpt":{"rendered":"<p>&nbsp; CI\u00caNCIA e F\u00c9 CRIST\u00c3\u00a0\u00e9 o nome da s\u00e9rie publicada pela\u00a0Editora Ultimato, em parceria com a\u00a0Associa\u00e7\u00e3o Brasileira de Crist\u00e3os na Ci\u00eancia, iniciada\u00a0em 2016. &nbsp; \u2022 Em 2016 foram foram lan\u00e7ados os primeiros volumes:\u00a0A Ci\u00eancia de Deus \u2013 Uma Introdu\u00e7\u00e3o \u00e0 Teologia Cient\u00edfica, de Alister McGrath;\u00a0Verdadeiros Cientistas, F\u00e9 Verdadeira, com Francis Collins, Alister McGrath, John\u00a0Houghton, entre [&hellip;]<\/p>\n","protected":false},"author":24,"featured_media":0,"parent":0,"menu_order":0,"comment_status":"closed","ping_status":"closed","template":"","meta":{"footnotes":""},"class_list":["post-5","page","type-page","status-publish","hentry","count-0","even alt","author-andrebt","last"],"_links":{"self":[{"href":"https:\/\/ultimato.com.br\/sites\/serie-ciencia-e-fe-crista\/wp-json\/wp\/v2\/pages\/5","targetHints":{"allow":["GET"]}}],"collection":[{"href":"https:\/\/ultimato.com.br\/sites\/serie-ciencia-e-fe-crista\/wp-json\/wp\/v2\/pages"}],"about":[{"href":"https:\/\/ultimato.com.br\/sites\/serie-ciencia-e-fe-crista\/wp-json\/wp\/v2\/types\/page"}],"author":[{"embeddable":true,"href":"https:\/\/ultimato.com.br\/sites\/serie-ciencia-e-fe-crista\/wp-json\/wp\/v2\/users\/24"}],"replies":[{"embeddable":true,"href":"https:\/\/ultimato.com.br\/sites\/serie-ciencia-e-fe-crista\/wp-json\/wp\/v2\/comments?post=5"}],"version-history":[{"count":60,"href":"https:\/\/ultimato.com.br\/sites\/serie-ciencia-e-fe-crista\/wp-json\/wp\/v2\/pages\/5\/revisions"}],"predecessor-version":[{"id":102,"href":"https:\/\/ultimato.com.br\/sites\/serie-ciencia-e-fe-crista\/wp-json\/wp\/v2\/pages\/5\/revisions\/102"}],"wp:attachment":[{"href":"https:\/\/ultimato.com.br\/sites\/serie-ciencia-e-fe-crista\/wp-json\/wp\/v2\/media?parent=5"}],"curies":[{"name":"wp","href":"https:\/\/api.w.org\/{rel}","templated":true}]}}