{"id":13,"date":"2016-03-16T22:51:47","date_gmt":"2016-03-16T22:51:47","guid":{"rendered":"http:\/\/ultimato.com.br\/sites\/serie-ciencia-e-fe-crista\/?page_id=13"},"modified":"2017-05-17T14:51:45","modified_gmt":"2017-05-17T14:51:45","slug":"ciencia-e-fe-crista","status":"publish","type":"page","link":"https:\/\/ultimato.com.br\/sites\/serie-ciencia-e-fe-crista\/ciencia-e-fe-crista\/","title":{"rendered":"CI\u00caNCIA E F\u00c9 CRIST\u00c3"},"content":{"rendered":"<p>&nbsp;<\/p>\n<p><em>Com a palavra, os editores.<\/em><\/p>\n<p>&nbsp;<\/p>\n<p><iframe loading=\"lazy\" src=\"https:\/\/www.youtube.com\/embed\/xxKNrBceD8A\" width=\"420\" height=\"315\" frameborder=\"0\" allowfullscreen=\"allowfullscreen\"><\/iframe><\/p>\n<p>&nbsp;<\/p>\n<p>&nbsp;<\/p>\n<p><strong>EDITORIAL<\/strong><\/p>\n<p>&nbsp;<\/p>\n<p>As \u00faltimas d\u00e9cadas testemunharam um florescimento mundial sem precedentes do di\u00e1logo entre a religi\u00e3o e as ci\u00eancias, particularmente entre a teologia crist\u00e3 e o campo cient\u00edfico. Atualmente v\u00e1rias associa\u00e7\u00f5es internacionais, institui\u00e7\u00f5es acad\u00eamicas, igrejas e miss\u00f5es crist\u00e3s contribuem para um esfor\u00e7o conjunto de constru\u00e7\u00e3o de pontes entre a f\u00e9 crist\u00e3 e a ci\u00eancia contempor\u00e2nea. No Brasil, tanto as press\u00f5es laicizantes dentro e fora das igrejas quanto o pr\u00f3prio amadurecimento intelectual e cultural dos crist\u00e3os v\u00eam aprofundando e expandindo o debate sobre f\u00e9 e ci\u00eancia, fazendo dele um imperativo espiritual e testemunhal para nossa gera\u00e7\u00e3o.<\/p>\n<p>Para ajudar a comunidade crist\u00e3 e a comunidade cient\u00edfica na compreens\u00e3o da import\u00e2ncia e do car\u00e1ter desse di\u00e1logo global, e visando uma comunica\u00e7\u00e3o rica e significativa entre esses campos, apresentamos a s\u00e9rie \u201cCi\u00eancia e F\u00e9 Crist\u00e3\u201d. Apresentar\u00e1 perspectivas crist\u00e3s sobre campos diversos, como a teologia natural ou teologia da natureza, filosofia da tecnologia, biologia e teoria evolucion\u00e1ria, hist\u00f3ria da ci\u00eancia, temas de filosofia da ci\u00eancia, neuroci\u00eancias, f\u00edsica e cosmologia, e a rela\u00e7\u00e3o entre a B\u00edblia e a ci\u00eancia.<\/p>\n<p>A amostragem de obras inclu\u00eddas nesta s\u00e9rie privilegia contribui\u00e7\u00f5es substanciais a esse di\u00e1logo contempor\u00e2neo realizadas a partir da tradi\u00e7\u00e3o crist\u00e3 evang\u00e9lica ou compat\u00edveis com essa tradi\u00e7\u00e3o de f\u00e9. Com isso, a s\u00e9rie procura fertilizar a reflex\u00e3o avan\u00e7ada sobre tais temas no contexto evangelical brasileiro e entre aqueles interessados no di\u00e1logo, com vistas a uma participa\u00e7\u00e3o mais rica e independente na conversa\u00e7\u00e3o p\u00fablica dos evang\u00e9licos com outras tradi\u00e7\u00f5es religiosas ou seculares.<\/p>\n<p>Esperamos, ainda, promover uma contribui\u00e7\u00e3o amadurecida para o universo acad\u00eamico brasileiro.<\/p>\n<p>A s\u00e9rie \u201cCi\u00eancia e F\u00e9 Crist\u00e3\u201d \u00e9, enfim, um convite a todos aqueles que queiram mergulhar nesse fant\u00e1stico universo de debates, conhecimentos e quest\u00f5es que tocam a nossa exist\u00eancia. Afinal, tanto o Livro da Cria\u00e7\u00e3o quanto o Livro da Revela\u00e7\u00e3o merecem lugar em nossas cabeceiras.<\/p>\n<p><em>Soli Deo Gloria.<\/em><\/p>\n<p><strong>\u00a0<\/strong><\/p>\n<p><strong>Guilherme de Carvalho <\/strong>e <strong>Roberto Covolan<\/strong><\/p>\n<p>Editores<\/p>\n<div id=\"alldebrid_hover\" style=\"display: none;\"><img decoding=\"async\" src=\"https:\/\/alldebrid.fr\/lib\/images\/hover2.png\" alt=\"\" \/><\/div>\n","protected":false},"excerpt":{"rendered":"<p>&nbsp; Com a palavra, os editores. &nbsp; &nbsp; &nbsp; EDITORIAL &nbsp; As \u00faltimas d\u00e9cadas testemunharam um florescimento mundial sem precedentes do di\u00e1logo entre a religi\u00e3o e as ci\u00eancias, particularmente entre a teologia crist\u00e3 e o campo cient\u00edfico. Atualmente v\u00e1rias associa\u00e7\u00f5es internacionais, institui\u00e7\u00f5es acad\u00eamicas, igrejas e miss\u00f5es crist\u00e3s contribuem para um esfor\u00e7o conjunto de constru\u00e7\u00e3o de [&hellip;]<\/p>\n","protected":false},"author":24,"featured_media":0,"parent":0,"menu_order":2,"comment_status":"closed","ping_status":"closed","template":"","meta":{"footnotes":""},"class_list":["post-13","page","type-page","status-publish","hentry","count-0","even alt","author-andrebt","last"],"_links":{"self":[{"href":"https:\/\/ultimato.com.br\/sites\/serie-ciencia-e-fe-crista\/wp-json\/wp\/v2\/pages\/13","targetHints":{"allow":["GET"]}}],"collection":[{"href":"https:\/\/ultimato.com.br\/sites\/serie-ciencia-e-fe-crista\/wp-json\/wp\/v2\/pages"}],"about":[{"href":"https:\/\/ultimato.com.br\/sites\/serie-ciencia-e-fe-crista\/wp-json\/wp\/v2\/types\/page"}],"author":[{"embeddable":true,"href":"https:\/\/ultimato.com.br\/sites\/serie-ciencia-e-fe-crista\/wp-json\/wp\/v2\/users\/24"}],"replies":[{"embeddable":true,"href":"https:\/\/ultimato.com.br\/sites\/serie-ciencia-e-fe-crista\/wp-json\/wp\/v2\/comments?post=13"}],"version-history":[{"count":5,"href":"https:\/\/ultimato.com.br\/sites\/serie-ciencia-e-fe-crista\/wp-json\/wp\/v2\/pages\/13\/revisions"}],"predecessor-version":[{"id":50,"href":"https:\/\/ultimato.com.br\/sites\/serie-ciencia-e-fe-crista\/wp-json\/wp\/v2\/pages\/13\/revisions\/50"}],"wp:attachment":[{"href":"https:\/\/ultimato.com.br\/sites\/serie-ciencia-e-fe-crista\/wp-json\/wp\/v2\/media?parent=13"}],"curies":[{"name":"wp","href":"https:\/\/api.w.org\/{rel}","templated":true}]}}