{"id":4,"date":"2013-04-07T15:55:38","date_gmt":"2013-04-07T15:55:38","guid":{"rendered":"http:\/\/ultimato.com.br\/sites\/serie-45-anos\/?page_id=4"},"modified":"2013-10-28T10:10:23","modified_gmt":"2013-10-28T13:10:23","slug":"a-serie","status":"publish","type":"page","link":"https:\/\/ultimato.com.br\/sites\/serie-45-anos\/","title":{"rendered":"A S\u00e9rie"},"content":{"rendered":"<p>A s\u00e9rie \u201c45 Anos\u201d coloca \u00e0 disposi\u00e7\u00e3o dos leitores uma sele\u00e7\u00e3o de t\u00edtulos em formato digital (e-book), dedicados \u00e0 celebra\u00e7\u00e3o de datas especiais em 2013.<\/p>\n<p>Assim, a Editora Ultimato quer compartilhar parte do seu acervo \u2013 al\u00e9m da contribui\u00e7\u00e3o dos seus autores \u2013 sobre temas importantes da f\u00e9 crist\u00e3, no ano em que comemora 45 anos de publica\u00e7\u00e3o ininterrupta da revista Ultimato.<\/p>\n<p>Espalhe essa not\u00edcia e fique \u00e0 vontade para baixar gratuitamente o seu livro.<!--more--><!--more--><\/p>\n<p><a href=\"http:\/\/www.ultimato.com.br\/loja\/produtos\/nem-tudo-e-sexta-feira-ebook\" target=\"_blank\"><img loading=\"lazy\" decoding=\"async\" class=\"alignleft size-medium wp-image-13\" alt=\"pascoa_liv_tab\" src=\"http:\/\/ultimato.com.br\/sites\/serie-45-anos\/files\/2013\/04\/pascoa_liv_tab-208x300.jpg\" width=\"208\" height=\"300\" srcset=\"https:\/\/ultimato.com.br\/sites\/serie-45-anos\/files\/2013\/04\/pascoa_liv_tab-208x300.jpg 208w, https:\/\/ultimato.com.br\/sites\/serie-45-anos\/files\/2013\/04\/pascoa_liv_tab-104x150.jpg 104w, https:\/\/ultimato.com.br\/sites\/serie-45-anos\/files\/2013\/04\/pascoa_liv_tab.jpg 377w\" sizes=\"auto, (max-width: 208px) 100vw, 208px\" \/><\/a><a href=\"http:\/\/www.ultimato.com.br\/loja\/produtos\/casamento-e-familia-encantamento-e-obrigacoes-ebook\" target=\"_blank\"><img loading=\"lazy\" decoding=\"async\" class=\"alignleft size-medium wp-image-30\" alt=\"capa_casamento_tab\" src=\"http:\/\/ultimato.com.br\/sites\/serie-45-anos\/files\/2013\/04\/capa_casamento_tab-208x300.jpg\" width=\"208\" height=\"300\" srcset=\"https:\/\/ultimato.com.br\/sites\/serie-45-anos\/files\/2013\/04\/capa_casamento_tab-208x300.jpg 208w, https:\/\/ultimato.com.br\/sites\/serie-45-anos\/files\/2013\/04\/capa_casamento_tab-104x150.jpg 104w, https:\/\/ultimato.com.br\/sites\/serie-45-anos\/files\/2013\/04\/capa_casamento_tab.jpg 377w\" sizes=\"auto, (max-width: 208px) 100vw, 208px\" \/><\/a><\/p>\n<p><a href=\"http:\/\/www.ultimato.com.br\/loja\/produtos\/era-uma-vez-um-natal-sem-papai-noel-ebook\" target=\"_blank\"><img loading=\"lazy\" decoding=\"async\" class=\"alignleft size-medium wp-image-11\" alt=\"capa_natal_tab\" src=\"http:\/\/ultimato.com.br\/sites\/serie-45-anos\/files\/2013\/04\/capa_natal_tab-208x300.jpg\" width=\"208\" height=\"300\" srcset=\"https:\/\/ultimato.com.br\/sites\/serie-45-anos\/files\/2013\/04\/capa_natal_tab-208x300.jpg 208w, https:\/\/ultimato.com.br\/sites\/serie-45-anos\/files\/2013\/04\/capa_natal_tab-104x150.jpg 104w, https:\/\/ultimato.com.br\/sites\/serie-45-anos\/files\/2013\/04\/capa_natal_tab.jpg 377w\" sizes=\"auto, (max-width: 208px) 100vw, 208px\" \/><\/a><\/p>\n<p><a href=\"http:\/\/www.ultimato.com.br\/loja\/produtos\/igreja-evangelica-identidade-unidade-e-servico-ebook\" target=\"_blank\"><img loading=\"lazy\" decoding=\"async\" class=\"alignleft size-medium wp-image-12\" alt=\"capa_rc_tab\" src=\"http:\/\/ultimato.com.br\/sites\/serie-45-anos\/files\/2013\/04\/capa_rc_tab-208x300.jpg\" width=\"208\" height=\"300\" srcset=\"https:\/\/ultimato.com.br\/sites\/serie-45-anos\/files\/2013\/04\/capa_rc_tab-208x300.jpg 208w, https:\/\/ultimato.com.br\/sites\/serie-45-anos\/files\/2013\/04\/capa_rc_tab-104x150.jpg 104w, https:\/\/ultimato.com.br\/sites\/serie-45-anos\/files\/2013\/04\/capa_rc_tab.jpg 377w\" sizes=\"auto, (max-width: 208px) 100vw, 208px\" \/><\/a><\/p>\n<p><a href=\"http:\/\/www.ultimato.com.br\/loja\/produtos\/reforma-a-vitoria-da-graca-ebook\" target=\"_blank\"><img loading=\"lazy\" decoding=\"async\" class=\"alignleft size-medium wp-image-12\" alt=\"capa_reforma_tab\" src=\"http:\/\/ultimato.com.br\/sites\/serie-45-anos\/files\/2013\/04\/capa_reforma_tab.jpg\" width=\"208\" height=\"300\" \/><\/a><\/p>\n","protected":false},"excerpt":{"rendered":"<p>A s\u00e9rie \u201c45 Anos\u201d coloca \u00e0 disposi\u00e7\u00e3o dos leitores uma sele\u00e7\u00e3o de t\u00edtulos em formato digital (e-book), dedicados \u00e0 celebra\u00e7\u00e3o de datas especiais em 2013. Assim, a Editora Ultimato quer compartilhar parte do seu acervo \u2013 al\u00e9m da contribui\u00e7\u00e3o dos seus autores \u2013 sobre temas importantes da f\u00e9 crist\u00e3, no ano em que comemora 45 [&hellip;]<\/p>\n","protected":false},"author":24,"featured_media":0,"parent":0,"menu_order":0,"comment_status":"open","ping_status":"open","template":"","meta":{"footnotes":""},"class_list":["post-4","page","type-page","status-publish","hentry","count-0","even alt","author-andrebt","last"],"_links":{"self":[{"href":"https:\/\/ultimato.com.br\/sites\/serie-45-anos\/wp-json\/wp\/v2\/pages\/4","targetHints":{"allow":["GET"]}}],"collection":[{"href":"https:\/\/ultimato.com.br\/sites\/serie-45-anos\/wp-json\/wp\/v2\/pages"}],"about":[{"href":"https:\/\/ultimato.com.br\/sites\/serie-45-anos\/wp-json\/wp\/v2\/types\/page"}],"author":[{"embeddable":true,"href":"https:\/\/ultimato.com.br\/sites\/serie-45-anos\/wp-json\/wp\/v2\/users\/24"}],"replies":[{"embeddable":true,"href":"https:\/\/ultimato.com.br\/sites\/serie-45-anos\/wp-json\/wp\/v2\/comments?post=4"}],"version-history":[{"count":14,"href":"https:\/\/ultimato.com.br\/sites\/serie-45-anos\/wp-json\/wp\/v2\/pages\/4\/revisions"}],"predecessor-version":[{"id":40,"href":"https:\/\/ultimato.com.br\/sites\/serie-45-anos\/wp-json\/wp\/v2\/pages\/4\/revisions\/40"}],"wp:attachment":[{"href":"https:\/\/ultimato.com.br\/sites\/serie-45-anos\/wp-json\/wp\/v2\/media?parent=4"}],"curies":[{"name":"wp","href":"https:\/\/api.w.org\/{rel}","templated":true}]}}