{"id":9,"date":"2016-05-24T10:41:57","date_gmt":"2016-05-24T13:41:57","guid":{"rendered":"http:\/\/ultimato.com.br\/sites\/ser-evangelico-ser-brasileiro\/?page_id=9"},"modified":"2016-05-24T11:43:01","modified_gmt":"2016-05-24T14:43:01","slug":"o-autor","status":"publish","type":"page","link":"https:\/\/ultimato.com.br\/sites\/ser-evangelico-ser-brasileiro\/o-autor\/","title":{"rendered":"O Autor"},"content":{"rendered":"<p><strong><img loading=\"lazy\" decoding=\"async\" class=\"alignleft size-thumbnail wp-image-48\" src=\"http:\/\/ultimato.com.br\/sites\/ser-evangelico-ser-brasileiro\/files\/2016\/05\/foto_autor_sesdsb-150x150.jpg\" alt=\"foto_autor_sesdsb\" width=\"150\" height=\"150\" \/>Gerson Borges<\/strong> \u00e9 cantor, compositor (<em>A Volta do Filho Pr\u00f3digo<\/em>, <em>Nordestinamente<\/em> e <em>Quero Aprender a Orar<\/em>, entre outros \u00e1lbuns gravados em quase tr\u00eas d\u00e9cadas) e pastor na Comunidade de Jesus em S\u00e3o Bernardo do Campo, SP. Viaja anualmente por todo o pa\u00eds palestrando sobre teologia da adora\u00e7\u00e3o, arte, cultura, fam\u00edlia e espiritualidade crist\u00e3, tema do seu livro <em>Quero Aprender a Orar<\/em> (Editora Palavra). Carioca, casado com Rosana M\u00e1rcia e pai de Bernardo e Pablo, Gerson define-se vocacionalmente como &#8220;pastoetador&#8221;. \u00c9 colaborador do portal Ultimato.<\/p>\n","protected":false},"excerpt":{"rendered":"<p>Gerson Borges \u00e9 cantor, compositor (A Volta do Filho Pr\u00f3digo, Nordestinamente e Quero Aprender a Orar, entre outros \u00e1lbuns gravados em quase tr\u00eas d\u00e9cadas) e pastor na Comunidade de Jesus em S\u00e3o Bernardo do Campo, SP. Viaja anualmente por todo o pa\u00eds palestrando sobre teologia da adora\u00e7\u00e3o, arte, cultura, fam\u00edlia e espiritualidade crist\u00e3, tema do [&hellip;]<\/p>\n","protected":false},"author":24,"featured_media":0,"parent":0,"menu_order":2,"comment_status":"closed","ping_status":"closed","template":"","meta":{"footnotes":""},"class_list":["post-9","page","type-page","status-publish","hentry"],"_links":{"self":[{"href":"https:\/\/ultimato.com.br\/sites\/ser-evangelico-ser-brasileiro\/wp-json\/wp\/v2\/pages\/9","targetHints":{"allow":["GET"]}}],"collection":[{"href":"https:\/\/ultimato.com.br\/sites\/ser-evangelico-ser-brasileiro\/wp-json\/wp\/v2\/pages"}],"about":[{"href":"https:\/\/ultimato.com.br\/sites\/ser-evangelico-ser-brasileiro\/wp-json\/wp\/v2\/types\/page"}],"author":[{"embeddable":true,"href":"https:\/\/ultimato.com.br\/sites\/ser-evangelico-ser-brasileiro\/wp-json\/wp\/v2\/users\/24"}],"replies":[{"embeddable":true,"href":"https:\/\/ultimato.com.br\/sites\/ser-evangelico-ser-brasileiro\/wp-json\/wp\/v2\/comments?post=9"}],"version-history":[{"count":3,"href":"https:\/\/ultimato.com.br\/sites\/ser-evangelico-ser-brasileiro\/wp-json\/wp\/v2\/pages\/9\/revisions"}],"predecessor-version":[{"id":51,"href":"https:\/\/ultimato.com.br\/sites\/ser-evangelico-ser-brasileiro\/wp-json\/wp\/v2\/pages\/9\/revisions\/51"}],"wp:attachment":[{"href":"https:\/\/ultimato.com.br\/sites\/ser-evangelico-ser-brasileiro\/wp-json\/wp\/v2\/media?parent=9"}],"curies":[{"name":"wp","href":"https:\/\/api.w.org\/{rel}","templated":true}]}}