{"id":7,"date":"2016-05-24T10:41:26","date_gmt":"2016-05-24T13:41:26","guid":{"rendered":"http:\/\/ultimato.com.br\/sites\/ser-evangelico-ser-brasileiro\/?page_id=7"},"modified":"2016-06-02T00:09:53","modified_gmt":"2016-06-02T03:09:53","slug":"o-livro","status":"publish","type":"page","link":"https:\/\/ultimato.com.br\/sites\/ser-evangelico-ser-brasileiro\/","title":{"rendered":"O Livro"},"content":{"rendered":"<p><iframe loading=\"lazy\" src=\"https:\/\/www.youtube.com\/embed\/lduVl1iSF68\" width=\"640\" height=\"360\" frameborder=\"0\" allowfullscreen=\"allowfullscreen\"><\/iframe><\/p>\n<p>O que faz do brasileiro, brasileiro? O que faz do evang\u00e9lico, evang\u00e9lico?<\/p>\n<p>E como ser o segundo sem deixar de ser o primeiro?<strong>\u00a0<\/strong><\/p>\n<p><strong>Ser Evang\u00e9lico sem Deixar de Ser Brasileiro<\/strong> quer responder a estas entre outras perguntas. Temos dificuldade de aceitar as manifesta\u00e7\u00f5es culturais. Ao mesmo tempo, criamos vers\u00f5es \u201ccrist\u00e3s\u201d de quase tudo e batizamos de \u201cgospel\u201d. Para n\u00e3o sermos mundanos, copiamos \u2013 e mal \u2013 em nossos guetos o mundo.<\/p>\n<p>Nossos pastores n\u00e3o conhecem arte e nossos artistas n\u00e3o ligam para teologia. \u00c9 como se dissessem: \u201cFeijoada, sim; samba, n\u00e3o\u201d.<\/p>\n<p>Enfim, para alguns, entrar na igreja \u00e9 sair do Brasil&#8230;<\/p>\n<p>Gerson Borges convida voc\u00ea para um bate-papo sobre cultura e gra\u00e7a. Para ele, ser evang\u00e9lico n\u00e3o \u00e9 romper com a identidade nacional, mas redescobrir a m\u00fasica, a poesia e a literatura nacional. E, mais do que abrasileirar nossa adora\u00e7\u00e3o, \u00e9 preciso tamb\u00e9m redescobrir o que a B\u00edblia diz sobre arte e cultura.<\/p>\n<p>Que tal ler um trecho do livro com o autor? Veja abaixo a leitura de Gerson Borges e conhe\u00e7a mais Ser Evang\u00e9lico Sem Deixar de Ser Brasileiro.<\/p>\n<p><iframe loading=\"lazy\" width=\"640\" height=\"360\" src=\"https:\/\/www.youtube.com\/embed\/z-Vlk-RPdJo\" frameborder=\"0\" allowfullscreen><\/iframe><\/p>\n","protected":false},"excerpt":{"rendered":"<p>O que faz do brasileiro, brasileiro? O que faz do evang\u00e9lico, evang\u00e9lico? E como ser o segundo sem deixar de ser o primeiro?\u00a0 Ser Evang\u00e9lico sem Deixar de Ser Brasileiro quer responder a estas entre outras perguntas. Temos dificuldade de aceitar as manifesta\u00e7\u00f5es culturais. Ao mesmo tempo, criamos vers\u00f5es \u201ccrist\u00e3s\u201d de quase tudo e batizamos [&hellip;]<\/p>\n","protected":false},"author":24,"featured_media":0,"parent":0,"menu_order":0,"comment_status":"closed","ping_status":"closed","template":"","meta":{"footnotes":""},"class_list":["post-7","page","type-page","status-publish","hentry"],"_links":{"self":[{"href":"https:\/\/ultimato.com.br\/sites\/ser-evangelico-ser-brasileiro\/wp-json\/wp\/v2\/pages\/7","targetHints":{"allow":["GET"]}}],"collection":[{"href":"https:\/\/ultimato.com.br\/sites\/ser-evangelico-ser-brasileiro\/wp-json\/wp\/v2\/pages"}],"about":[{"href":"https:\/\/ultimato.com.br\/sites\/ser-evangelico-ser-brasileiro\/wp-json\/wp\/v2\/types\/page"}],"author":[{"embeddable":true,"href":"https:\/\/ultimato.com.br\/sites\/ser-evangelico-ser-brasileiro\/wp-json\/wp\/v2\/users\/24"}],"replies":[{"embeddable":true,"href":"https:\/\/ultimato.com.br\/sites\/ser-evangelico-ser-brasileiro\/wp-json\/wp\/v2\/comments?post=7"}],"version-history":[{"count":4,"href":"https:\/\/ultimato.com.br\/sites\/ser-evangelico-ser-brasileiro\/wp-json\/wp\/v2\/pages\/7\/revisions"}],"predecessor-version":[{"id":59,"href":"https:\/\/ultimato.com.br\/sites\/ser-evangelico-ser-brasileiro\/wp-json\/wp\/v2\/pages\/7\/revisions\/59"}],"wp:attachment":[{"href":"https:\/\/ultimato.com.br\/sites\/ser-evangelico-ser-brasileiro\/wp-json\/wp\/v2\/media?parent=7"}],"curies":[{"name":"wp","href":"https:\/\/api.w.org\/{rel}","templated":true}]}}