{"id":7,"date":"2015-12-22T11:40:23","date_gmt":"2015-12-22T11:40:23","guid":{"rendered":"http:\/\/ultimato.com.br\/sites\/seculo-i-o-resgate\/?page_id=7"},"modified":"2015-12-29T10:57:42","modified_gmt":"2015-12-29T10:57:42","slug":"o-que-disseram","status":"publish","type":"page","link":"https:\/\/ultimato.com.br\/sites\/seculo-i-o-resgate\/o-que-disseram\/","title":{"rendered":"O que disseram"},"content":{"rendered":"<blockquote><p>Voc\u00ea n\u00e3o sair\u00e1 inc\u00f3lume dessa leitura. O autor optou por nos contar hist\u00f3rias, investindo no poder e na est\u00e9tica da linguagem imaginativa. E o resultado \u00e9 surpreendente, pelo quase insidioso poder de cada uma delas de tornar-se tamb\u00e9m a nossa hist\u00f3ria, \u00e0 medida que os pontos de contato se estabelecem<\/p><\/blockquote>\n<p><em>\u2013 Rubem Amorese<\/em><\/p>\n","protected":false},"excerpt":{"rendered":"<p>Voc\u00ea n\u00e3o sair\u00e1 inc\u00f3lume dessa leitura. O autor optou por nos contar hist\u00f3rias, investindo no poder e na est\u00e9tica da linguagem imaginativa. E o resultado \u00e9 surpreendente, pelo quase insidioso poder de cada uma delas de tornar-se tamb\u00e9m a nossa hist\u00f3ria, \u00e0 medida que os pontos de contato se estabelecem \u2013 Rubem Amorese<\/p>\n","protected":false},"author":24,"featured_media":0,"parent":0,"menu_order":1,"comment_status":"closed","ping_status":"closed","template":"","meta":{"footnotes":""},"class_list":["post-7","page","type-page","status-publish","hentry"],"_links":{"self":[{"href":"https:\/\/ultimato.com.br\/sites\/seculo-i-o-resgate\/wp-json\/wp\/v2\/pages\/7","targetHints":{"allow":["GET"]}}],"collection":[{"href":"https:\/\/ultimato.com.br\/sites\/seculo-i-o-resgate\/wp-json\/wp\/v2\/pages"}],"about":[{"href":"https:\/\/ultimato.com.br\/sites\/seculo-i-o-resgate\/wp-json\/wp\/v2\/types\/page"}],"author":[{"embeddable":true,"href":"https:\/\/ultimato.com.br\/sites\/seculo-i-o-resgate\/wp-json\/wp\/v2\/users\/24"}],"replies":[{"embeddable":true,"href":"https:\/\/ultimato.com.br\/sites\/seculo-i-o-resgate\/wp-json\/wp\/v2\/comments?post=7"}],"version-history":[{"count":4,"href":"https:\/\/ultimato.com.br\/sites\/seculo-i-o-resgate\/wp-json\/wp\/v2\/pages\/7\/revisions"}],"predecessor-version":[{"id":43,"href":"https:\/\/ultimato.com.br\/sites\/seculo-i-o-resgate\/wp-json\/wp\/v2\/pages\/7\/revisions\/43"}],"wp:attachment":[{"href":"https:\/\/ultimato.com.br\/sites\/seculo-i-o-resgate\/wp-json\/wp\/v2\/media?parent=7"}],"curies":[{"name":"wp","href":"https:\/\/api.w.org\/{rel}","templated":true}]}}