{"id":5,"date":"2015-12-22T11:40:03","date_gmt":"2015-12-22T11:40:03","guid":{"rendered":"http:\/\/ultimato.com.br\/sites\/seculo-i-o-resgate\/?page_id=5"},"modified":"2015-12-29T12:23:13","modified_gmt":"2015-12-29T12:23:13","slug":"o-livro","status":"publish","type":"page","link":"https:\/\/ultimato.com.br\/sites\/seculo-i-o-resgate\/","title":{"rendered":"O livro"},"content":{"rendered":"<p>A B\u00edblia \u00e9 um livro de hist\u00f3rias. Hist\u00f3rias de pessoas e de encontros.<br \/>\nAgora, imagine conversar com pessoas que tiveram um encontro com Jesus e foram transformadas por ele.<\/p>\n<p><strong>Seculo I \u2013 O Resgate\u00a0<\/strong>\u00e9 uma obra primorosa de fic\u00e7\u00e3o e contextualiza\u00e7\u00e3o hist\u00f3rica dos acontecimentos e das pessoas do primeiro s\u00e9culo que andaram com o Mestre. E, ainda melhor, os encontros, as experi\u00eancias e a caminhada do narrador podem tamb\u00e9m mudar a nossa pr\u00f3pria hist\u00f3ria.<\/p>\n<p>&nbsp;<\/p>\n<p><iframe loading=\"lazy\" width=\"640\" height=\"360\" src=\"https:\/\/www.youtube.com\/embed\/nmfzNx9fUik\" frameborder=\"0\" allowfullscreen><\/iframe><\/p>\n","protected":false},"excerpt":{"rendered":"<p>A B\u00edblia \u00e9 um livro de hist\u00f3rias. Hist\u00f3rias de pessoas e de encontros. Agora, imagine conversar com pessoas que tiveram um encontro com Jesus e foram transformadas por ele. Seculo I \u2013 O Resgate\u00a0\u00e9 uma obra primorosa de fic\u00e7\u00e3o e contextualiza\u00e7\u00e3o hist\u00f3rica dos acontecimentos e das pessoas do primeiro s\u00e9culo que andaram com o Mestre. [&hellip;]<\/p>\n","protected":false},"author":24,"featured_media":0,"parent":0,"menu_order":0,"comment_status":"closed","ping_status":"closed","template":"","meta":{"footnotes":""},"class_list":["post-5","page","type-page","status-publish","hentry"],"_links":{"self":[{"href":"https:\/\/ultimato.com.br\/sites\/seculo-i-o-resgate\/wp-json\/wp\/v2\/pages\/5","targetHints":{"allow":["GET"]}}],"collection":[{"href":"https:\/\/ultimato.com.br\/sites\/seculo-i-o-resgate\/wp-json\/wp\/v2\/pages"}],"about":[{"href":"https:\/\/ultimato.com.br\/sites\/seculo-i-o-resgate\/wp-json\/wp\/v2\/types\/page"}],"author":[{"embeddable":true,"href":"https:\/\/ultimato.com.br\/sites\/seculo-i-o-resgate\/wp-json\/wp\/v2\/users\/24"}],"replies":[{"embeddable":true,"href":"https:\/\/ultimato.com.br\/sites\/seculo-i-o-resgate\/wp-json\/wp\/v2\/comments?post=5"}],"version-history":[{"count":5,"href":"https:\/\/ultimato.com.br\/sites\/seculo-i-o-resgate\/wp-json\/wp\/v2\/pages\/5\/revisions"}],"predecessor-version":[{"id":46,"href":"https:\/\/ultimato.com.br\/sites\/seculo-i-o-resgate\/wp-json\/wp\/v2\/pages\/5\/revisions\/46"}],"wp:attachment":[{"href":"https:\/\/ultimato.com.br\/sites\/seculo-i-o-resgate\/wp-json\/wp\/v2\/media?parent=5"}],"curies":[{"name":"wp","href":"https:\/\/api.w.org\/{rel}","templated":true}]}}