{"id":15,"date":"2017-12-19T12:07:57","date_gmt":"2017-12-19T14:07:57","guid":{"rendered":"http:\/\/ultimato.com.br\/sites\/seculo-i-a-reconstrucao\/?page_id=15"},"modified":"2018-04-25T09:35:30","modified_gmt":"2018-04-25T12:35:30","slug":"o-que-disseram","status":"publish","type":"page","link":"https:\/\/ultimato.com.br\/sites\/seculo-i-a-reconstrucao\/o-que-disseram\/","title":{"rendered":"O que disseram"},"content":{"rendered":"<blockquote><p><span style=\"color: #333333;\">Gostei muito do aparente paradoxo que Cayo explora em seu segundo livro, <strong>S\u00e9culo I \u2013 A Reconstru\u00e7\u00e3o<\/strong>. Samuel, ainda at\u00f4nito com a crucifica\u00e7\u00e3o de Jesus, passa a enfrentar a incr\u00edvel not\u00edcia da sua ressurrei\u00e7\u00e3o. Confuso, estabelece amizade com Est\u00eav\u00e3o, que vai ajud\u00e1-lo a compreender esses fatos, a partir das escrituras. Logo Est\u00eav\u00e3o, que est\u00e1 prestes a morrer! Mas encontra tamb\u00e9m pessoas que apontam para sinais inequ\u00edvocos de que Deus est\u00e1 reconstruindo a humanidade. Se o livro come\u00e7a sob a sombra da morte, caminha a passos largos em dire\u00e7\u00e3o \u00e0 luz da vida; realidade apenas antecipada em Bet\u00e2nia.<br \/>\n<\/span><br \/>\n<span style=\"color: #333333;\"><em>\u2013 Rubem Amorese<\/em><\/span><\/p><\/blockquote>\n<blockquote><p><span style=\"color: #333333;\"><strong>\u00a0<\/strong><strong>S\u00e9culo I \u2013 A Reconstru\u00e7\u00e3o<\/strong> conta uma velha hist\u00f3ria. A habilidade do autor em nos conduzir pelos caminhos da Palestina do primeiro s\u00e9culo, descrevendo a geografia, os h\u00e1bitos, as tradi\u00e7\u00f5es e, particularmente, reconstruindo as narrativas usando a riqueza da imagina\u00e7\u00e3o, \u00e9 o que nos permite entrar e participar dessa hist\u00f3ria que mudou toda a hist\u00f3ria.<br \/>\n<\/span><span style=\"color: #333333;\">Nossa mente \u00e9 treinada a pensar t\u00e9cnica e racionalmente, mas n\u00e3o somos treinados a pensar usando a imagina\u00e7\u00e3o e assim ser levados a um mundo distante do nosso e ao mesmo tempo t\u00e3o pr\u00f3ximo. Um mundo de h\u00e1bitos e tradi\u00e7\u00f5es t\u00e3o diferentes do nosso, mas ao mesmo tempo t\u00e3o parecido.<br \/>\n<\/span><span style=\"color: #333333;\">Nossas hist\u00f3rias pessoais s\u00e3o \u00fanicas, mas, quando entram em contato com a de outras pessoas, percebemos que buscamos as mesmas coisas, comungamos das mesmas d\u00favidas e sofremos com as mesmas frustra\u00e7\u00f5es.<br \/>\n<\/span><br \/>\n<span style=\"color: #333333;\"><em>\u2013 Ricardo Barbosa<\/em><\/span><\/p><\/blockquote>\n","protected":false},"excerpt":{"rendered":"<p>Gostei muito do aparente paradoxo que Cayo explora em seu segundo livro, S\u00e9culo I \u2013 A Reconstru\u00e7\u00e3o. Samuel, ainda at\u00f4nito com a crucifica\u00e7\u00e3o de Jesus, passa a enfrentar a incr\u00edvel not\u00edcia da sua ressurrei\u00e7\u00e3o. Confuso, estabelece amizade com Est\u00eav\u00e3o, que vai ajud\u00e1-lo a compreender esses fatos, a partir das escrituras. Logo Est\u00eav\u00e3o, que est\u00e1 prestes [&hellip;]<\/p>\n","protected":false},"author":24,"featured_media":0,"parent":0,"menu_order":3,"comment_status":"closed","ping_status":"closed","template":"","meta":{"footnotes":""},"class_list":["post-15","page","type-page","status-publish","hentry"],"_links":{"self":[{"href":"https:\/\/ultimato.com.br\/sites\/seculo-i-a-reconstrucao\/wp-json\/wp\/v2\/pages\/15","targetHints":{"allow":["GET"]}}],"collection":[{"href":"https:\/\/ultimato.com.br\/sites\/seculo-i-a-reconstrucao\/wp-json\/wp\/v2\/pages"}],"about":[{"href":"https:\/\/ultimato.com.br\/sites\/seculo-i-a-reconstrucao\/wp-json\/wp\/v2\/types\/page"}],"author":[{"embeddable":true,"href":"https:\/\/ultimato.com.br\/sites\/seculo-i-a-reconstrucao\/wp-json\/wp\/v2\/users\/24"}],"replies":[{"embeddable":true,"href":"https:\/\/ultimato.com.br\/sites\/seculo-i-a-reconstrucao\/wp-json\/wp\/v2\/comments?post=15"}],"version-history":[{"count":4,"href":"https:\/\/ultimato.com.br\/sites\/seculo-i-a-reconstrucao\/wp-json\/wp\/v2\/pages\/15\/revisions"}],"predecessor-version":[{"id":35,"href":"https:\/\/ultimato.com.br\/sites\/seculo-i-a-reconstrucao\/wp-json\/wp\/v2\/pages\/15\/revisions\/35"}],"wp:attachment":[{"href":"https:\/\/ultimato.com.br\/sites\/seculo-i-a-reconstrucao\/wp-json\/wp\/v2\/media?parent=15"}],"curies":[{"name":"wp","href":"https:\/\/api.w.org\/{rel}","templated":true}]}}