{"id":9,"date":"2014-10-21T02:15:36","date_gmt":"2014-10-21T02:15:36","guid":{"rendered":"http:\/\/ultimato.com.br\/sites\/sangue-sofrimento-fe\/?page_id=9"},"modified":"2014-10-21T02:27:02","modified_gmt":"2014-10-21T02:27:02","slug":"os-organizadores","status":"publish","type":"page","link":"https:\/\/ultimato.com.br\/sites\/sangue-sofrimento-fe\/os-organizadores\/","title":{"rendered":"Os organizadores"},"content":{"rendered":"<p><strong><a href=\"http:\/\/ultimato.com.br\/sites\/sangue-sofrimento-fe\/files\/2014\/10\/foto_hs_ssf.jpg\"><img loading=\"lazy\" decoding=\"async\" class=\"alignleft size-thumbnail wp-image-23\" src=\"http:\/\/ultimato.com.br\/sites\/sangue-sofrimento-fe\/files\/2014\/10\/foto_hs_ssf-150x150.jpg\" alt=\"foto_hs_ssf\" width=\"150\" height=\"150\" \/><\/a>Antonia Leonora van der Meer<\/strong><br \/>\nBrasileira de ascend\u00eancia holandesa, serviu com a IFES por muitos anos no Brasil e em Angola. No Centro Evang\u00e9lico de Miss\u00f5es (Vi\u00e7osa, MG), foi diretora, coordenadora de desenvolvimento, de\u00e3 e mentora, trabalhando ali por 18 anos. Possui mestrado em teologia pela Faculdade Teol\u00f3gica Batista Brasileira, em S\u00e3o Paulo, e doutorado em missiologia pela Asia Graduate\u00a0School of Theology, nas Filipinas. Escreveu diversos livros em portugu\u00eas, incluindo sua autobiografia mission\u00e1ria (Eu, Um Mission\u00e1rio?, Ed. Ultimato), e um livro sobre o cuidado de mission\u00e1rios brasileiros em contextos de sofrimento (Mission\u00e1rios Feridos, Ed. Ultimato), al\u00e9m de artigos em diversas publica\u00e7\u00f5es missiol\u00f3gicas nacionais e internacionais.<\/p>\n<p><strong>William Taylor<\/strong><br \/>\nFilho de terceira cultura, nascido na Costa Rica e criado na Am\u00e9rica Central at\u00e9 o fim dos seus estudos secund\u00e1rios, \u00e9 casado, pai de tr\u00eas filhos, que nasceram na Guatemala, e av\u00f4 de sete netos. Bill morou na Am\u00e9rica Latina por trinta anos, dezessete dos quais na Guatemala, baseado no Semin\u00e1rio Teol\u00f3gico Centro-Americano. Recebeu seu mestrado do Semin\u00e1rio de Dallas e seu PhD em Estudos Latino-americanos da Universidade do Texas, em Austin. Ex-diretor da Comiss\u00e3o de Miss\u00f5es da AEM, agora \u00e9 seu mentor s\u00eanior, coordenador de publica\u00e7\u00f5es e col\u00edder da for\u00e7a tarefa de missiologia global. Entre seus livros editados est\u00e3o Valioso Demais para que se Perca (Descoberta, 1998) e Missiologia Global para o S\u00e9culo XXI (Descoberta, 2001), al\u00e9m de v\u00e1rias outras publica\u00e7\u00f5es especializadas. Bill tamb\u00e9m serve como presidente da Taylor Global Consult (http.\/\/taylorglobalconsult.org\/), uma plataforma de minist\u00e9rio que lhe permite investir tempo mentoreando, ensinando e trabalhando como consultor e escritor. Mora com a esposa em Austin, Texas.<\/p>\n<p><strong>Reg Reimer<\/strong><br \/>\nCanadense, trabalhou internacionalmente com evangelismo, assist\u00eancia social, desenvolvimento, minist\u00e9rio de reconcilia\u00e7\u00e3o, promovendo colabora\u00e7\u00e3o e defendendo a liberdade religiosa. Come\u00e7ou seu minist\u00e9rio no Vietn\u00e3, em 1966, com que continua envolvido. \u00c9 considerado uma autoridade sobre o movimento protestante naquele pa\u00eds. Hoje serve como conselheiro de parcerias internacionais da Evangelical Fellowship of Canada e como coordenador da International Partnering Associates.<\/p>\n","protected":false},"excerpt":{"rendered":"<p>Antonia Leonora van der Meer Brasileira de ascend\u00eancia holandesa, serviu com a IFES por muitos anos no Brasil e em Angola. No Centro Evang\u00e9lico de Miss\u00f5es (Vi\u00e7osa, MG), foi diretora, coordenadora de desenvolvimento, de\u00e3 e mentora, trabalhando ali por 18 anos. Possui mestrado em teologia pela Faculdade Teol\u00f3gica Batista Brasileira, em S\u00e3o Paulo, e doutorado [&hellip;]<\/p>\n","protected":false},"author":24,"featured_media":0,"parent":0,"menu_order":2,"comment_status":"closed","ping_status":"open","template":"","meta":{"footnotes":""},"class_list":["post-9","page","type-page","status-publish","hentry"],"_links":{"self":[{"href":"https:\/\/ultimato.com.br\/sites\/sangue-sofrimento-fe\/wp-json\/wp\/v2\/pages\/9","targetHints":{"allow":["GET"]}}],"collection":[{"href":"https:\/\/ultimato.com.br\/sites\/sangue-sofrimento-fe\/wp-json\/wp\/v2\/pages"}],"about":[{"href":"https:\/\/ultimato.com.br\/sites\/sangue-sofrimento-fe\/wp-json\/wp\/v2\/types\/page"}],"author":[{"embeddable":true,"href":"https:\/\/ultimato.com.br\/sites\/sangue-sofrimento-fe\/wp-json\/wp\/v2\/users\/24"}],"replies":[{"embeddable":true,"href":"https:\/\/ultimato.com.br\/sites\/sangue-sofrimento-fe\/wp-json\/wp\/v2\/comments?post=9"}],"version-history":[{"count":3,"href":"https:\/\/ultimato.com.br\/sites\/sangue-sofrimento-fe\/wp-json\/wp\/v2\/pages\/9\/revisions"}],"predecessor-version":[{"id":24,"href":"https:\/\/ultimato.com.br\/sites\/sangue-sofrimento-fe\/wp-json\/wp\/v2\/pages\/9\/revisions\/24"}],"wp:attachment":[{"href":"https:\/\/ultimato.com.br\/sites\/sangue-sofrimento-fe\/wp-json\/wp\/v2\/media?parent=9"}],"curies":[{"name":"wp","href":"https:\/\/api.w.org\/{rel}","templated":true}]}}