{"id":5,"date":"2014-10-21T02:14:53","date_gmt":"2014-10-21T02:14:53","guid":{"rendered":"http:\/\/ultimato.com.br\/sites\/sangue-sofrimento-fe\/?page_id=5"},"modified":"2014-10-29T12:16:52","modified_gmt":"2014-10-29T12:16:52","slug":"o-livro","status":"publish","type":"page","link":"https:\/\/ultimato.com.br\/sites\/sangue-sofrimento-fe\/","title":{"rendered":"O livro"},"content":{"rendered":"<p><iframe loading=\"lazy\" src=\"\/\/www.youtube.com\/embed\/03vwXn3adaY\" width=\"560\" height=\"315\" frameborder=\"0\" allowfullscreen=\"allowfullscreen\"><\/iframe><\/p>\n<p>A cada dia sabemos mais sobre lugares em que a igreja de Jesus Cristo sofre uma persegui\u00e7\u00e3o injusta, obscurantista, sistem\u00e1tica e cruel.<\/p>\n<p>No entanto, como brasileiros n\u00e3o pensamos nos irm\u00e3os nossos que s\u00e3o perseguidos, expulsos de suas casas e at\u00e9 morrem \u201csimplesmente\u201d porque fazem o que \u201cn\u00f3s fazemos\u201d.<\/p>\n<p><strong>Sangue, Sofrimento e F\u00e9\u00a0&#8211; A Miss\u00e3o Crist\u00e3 em Contextos de Persegui\u00e7\u00e3o<\/strong>\u00a0re\u00fane v\u00e1rios autores, de v\u00e1rias nacionalidades, que escrevem a partir de suas pr\u00f3prias experi\u00eancias e paix\u00e3o. Prepare-se para se emocionar. E, claro, permane\u00e7a atento e, quando apropriado, que a ora\u00e7\u00e3o o desperte \u00e0 a\u00e7\u00e3o, al\u00e9m das l\u00e1grimas.<\/p>\n<blockquote><p>\u201cEm\u00a0<strong>Sangue, Sofrimento e F\u00e9<\/strong><strong>\u00a0<\/strong>o leitor vai encontrar homens, mulheres e crian\u00e7as dos quais o mundo n\u00e3o \u00e9 digno (Hb 11.38) e que est\u00e3o regando o solo da nossa hist\u00f3ria com o seu pr\u00f3prio sangue. Um sangue que aponta para a viola\u00e7\u00e3o dos direitos humanos e para padr\u00f5es de cerceamento da liberdade humana. Mais do que isso, por\u00e9m, \u00e9 um sangue que aponta para a participa\u00e7\u00e3o no sofrimento de Cristo (1Pe 4.13).\u201d<\/p><\/blockquote>\n<p><em>\u2013 Valdir Steuernagel<\/em><\/p>\n<blockquote><p>\u201cMinha m\u00e3e n\u00e3o gostou muito da ideia. O pastor romeno Richard Wurmbrand estava insistindo para que eu fosse servir a Deus em lugares perigosos do mundo: \u201cAfinal\u201d \u2013 ele disse \u2013, \u201cvoc\u00ea tem sangue de m\u00e1rtires na sua fam\u00edlia\u201d. Ele estava se referindo ao meu tio Fred Wright, que, na sua primeira expedi\u00e7\u00e3o no rio Xingu, em 1935, junto com outros dois mission\u00e1rios, foi morto a pauladas pelos \u00edndios Kayap\u00f3. Pela gra\u00e7a de Deus, meu pai e minha m\u00e3e conheceram crentes desse povo numa visita em 1965, ocasi\u00e3o em que meu pai pregou usando a B\u00edblia do tio Fred.\u201d<\/p><\/blockquote>\n<p><em>\u2013 Christopher J. H. Wright<\/em><\/p>\n","protected":false},"excerpt":{"rendered":"<p>A cada dia sabemos mais sobre lugares em que a igreja de Jesus Cristo sofre uma persegui\u00e7\u00e3o injusta, obscurantista, sistem\u00e1tica e cruel. No entanto, como brasileiros n\u00e3o pensamos nos irm\u00e3os nossos que s\u00e3o perseguidos, expulsos de suas casas e at\u00e9 morrem \u201csimplesmente\u201d porque fazem o que \u201cn\u00f3s fazemos\u201d. Sangue, Sofrimento e F\u00e9\u00a0&#8211; A Miss\u00e3o Crist\u00e3 [&hellip;]<\/p>\n","protected":false},"author":24,"featured_media":0,"parent":0,"menu_order":0,"comment_status":"closed","ping_status":"open","template":"","meta":{"footnotes":""},"class_list":["post-5","page","type-page","status-publish","hentry"],"_links":{"self":[{"href":"https:\/\/ultimato.com.br\/sites\/sangue-sofrimento-fe\/wp-json\/wp\/v2\/pages\/5","targetHints":{"allow":["GET"]}}],"collection":[{"href":"https:\/\/ultimato.com.br\/sites\/sangue-sofrimento-fe\/wp-json\/wp\/v2\/pages"}],"about":[{"href":"https:\/\/ultimato.com.br\/sites\/sangue-sofrimento-fe\/wp-json\/wp\/v2\/types\/page"}],"author":[{"embeddable":true,"href":"https:\/\/ultimato.com.br\/sites\/sangue-sofrimento-fe\/wp-json\/wp\/v2\/users\/24"}],"replies":[{"embeddable":true,"href":"https:\/\/ultimato.com.br\/sites\/sangue-sofrimento-fe\/wp-json\/wp\/v2\/comments?post=5"}],"version-history":[{"count":8,"href":"https:\/\/ultimato.com.br\/sites\/sangue-sofrimento-fe\/wp-json\/wp\/v2\/pages\/5\/revisions"}],"predecessor-version":[{"id":53,"href":"https:\/\/ultimato.com.br\/sites\/sangue-sofrimento-fe\/wp-json\/wp\/v2\/pages\/5\/revisions\/53"}],"wp:attachment":[{"href":"https:\/\/ultimato.com.br\/sites\/sangue-sofrimento-fe\/wp-json\/wp\/v2\/media?parent=5"}],"curies":[{"name":"wp","href":"https:\/\/api.w.org\/{rel}","templated":true}]}}