{"id":8,"date":"2012-11-13T08:58:30","date_gmt":"2012-11-13T10:58:30","guid":{"rendered":"http:\/\/ultimato.com.br\/sites\/roookmaaker\/?page_id=8"},"modified":"2012-11-13T10:27:02","modified_gmt":"2012-11-13T12:27:02","slug":"o-autor","status":"publish","type":"page","link":"https:\/\/ultimato.com.br\/sites\/rookmaaker\/o-autor\/","title":{"rendered":"A Autora"},"content":{"rendered":"<p><strong>Laurel Gasque<\/strong> \u00e9 professora de hist\u00f3ria da arte na Trinity Western University e de cristianismo e artes visuais no Regent College. \u00c9 editora associada de <a href=\"http:\/\/www.artway.eu\/\">www.ArtWay.eu<\/a> e atuou por muitos anos no minist\u00e9rio com estudantes da InterVarsity Christian Fellowship do Canad\u00e1.<\/p>\n","protected":false},"excerpt":{"rendered":"<p>Laurel Gasque \u00e9 professora de hist\u00f3ria da arte na Trinity Western University e de cristianismo e artes visuais no Regent College. \u00c9 editora associada de www.ArtWay.eu e atuou por muitos anos no minist\u00e9rio com estudantes da InterVarsity Christian Fellowship do Canad\u00e1.<\/p>\n","protected":false},"author":24,"featured_media":0,"parent":0,"menu_order":2,"comment_status":"open","ping_status":"open","template":"","meta":{"footnotes":""},"class_list":["post-8","page","type-page","status-publish","hentry"],"_links":{"self":[{"href":"https:\/\/ultimato.com.br\/sites\/rookmaaker\/wp-json\/wp\/v2\/pages\/8","targetHints":{"allow":["GET"]}}],"collection":[{"href":"https:\/\/ultimato.com.br\/sites\/rookmaaker\/wp-json\/wp\/v2\/pages"}],"about":[{"href":"https:\/\/ultimato.com.br\/sites\/rookmaaker\/wp-json\/wp\/v2\/types\/page"}],"author":[{"embeddable":true,"href":"https:\/\/ultimato.com.br\/sites\/rookmaaker\/wp-json\/wp\/v2\/users\/24"}],"replies":[{"embeddable":true,"href":"https:\/\/ultimato.com.br\/sites\/rookmaaker\/wp-json\/wp\/v2\/comments?post=8"}],"version-history":[{"count":2,"href":"https:\/\/ultimato.com.br\/sites\/rookmaaker\/wp-json\/wp\/v2\/pages\/8\/revisions"}],"predecessor-version":[{"id":52,"href":"https:\/\/ultimato.com.br\/sites\/rookmaaker\/wp-json\/wp\/v2\/pages\/8\/revisions\/52"}],"wp:attachment":[{"href":"https:\/\/ultimato.com.br\/sites\/rookmaaker\/wp-json\/wp\/v2\/media?parent=8"}],"curies":[{"name":"wp","href":"https:\/\/api.w.org\/{rel}","templated":true}]}}