{"id":5,"date":"2012-11-13T08:58:13","date_gmt":"2012-11-13T10:58:13","guid":{"rendered":"http:\/\/ultimato.com.br\/sites\/roookmaaker\/?page_id=5"},"modified":"2012-11-20T10:57:34","modified_gmt":"2012-11-20T12:57:34","slug":"o-livro","status":"publish","type":"page","link":"https:\/\/ultimato.com.br\/sites\/rookmaaker\/","title":{"rendered":"O Livro"},"content":{"rendered":"<p><a href=\"http:\/\/ultimato.com.br\/sites\/rookmaaker\/files\/2012\/11\/foto_hs_rook.jpg\"><img loading=\"lazy\" decoding=\"async\" class=\"alignright  wp-image-47\" title=\"foto_hs_rook\" src=\"http:\/\/ultimato.com.br\/sites\/rookmaaker\/files\/2012\/11\/foto_hs_rook-276x300.jpg\" alt=\"\" width=\"203\" height=\"221\" srcset=\"https:\/\/ultimato.com.br\/sites\/rookmaaker\/files\/2012\/11\/foto_hs_rook-276x300.jpg 276w, https:\/\/ultimato.com.br\/sites\/rookmaaker\/files\/2012\/11\/foto_hs_rook.jpg 442w\" sizes=\"auto, (max-width: 203px) 100vw, 203px\" \/><\/a>Rookmaaker\u00a0nasceu Henderik Roelof Rookmaaker e teve vida breve. Apenas 55 anos, vividos simetricamente no meio do s\u00e9culo 20, de 1922 a1977. Foi o principal historiador e cr\u00edtico cultural protestante do s\u00e9culo 20.<\/p>\n<p>Deixou dezenas de livros publicados, entre eles <a href=\"http:\/\/www.ultimato.com.br\/loja\/produtos\/a-arte-nao-precisa-de-justificativa\" target=\"_blank\"><em>A Arte N\u00e3o Precisa de Justificativa<\/em><\/a> e o <em>best-seller A Arte Moderna e a Morte de uma Cultura<\/em>, como tamb\u00e9m departamentos de arte estruturados em universidades na Europa e nos Estados Unidos.<\/p>\n<p>Para Laurel Gasque, escrever a biografia de Rookmaaker \u00e9 \u201crelacion\u00e1-lo \u00e0s suas obras e \u00e0 sua persistente influ\u00eancia\u201d. \u00c9 tamb\u00e9m uma tentativa de descrever a influ\u00eancia de pessoas e perspectivas na forma\u00e7\u00e3o de sua vida e vis\u00e3o de mundo \u2014 entre eles Francis Schaeffer \u2014, bem como tratar das rela\u00e7\u00f5es entre o seu pensamento e a gera\u00e7\u00e3o atual.<\/p>\n","protected":false},"excerpt":{"rendered":"<p>Rookmaaker\u00a0nasceu Henderik Roelof Rookmaaker e teve vida breve. Apenas 55 anos, vividos simetricamente no meio do s\u00e9culo 20, de 1922 a1977. Foi o principal historiador e cr\u00edtico cultural protestante do s\u00e9culo 20. Deixou dezenas de livros publicados, entre eles A Arte N\u00e3o Precisa de Justificativa e o best-seller A Arte Moderna e a Morte de [&hellip;]<\/p>\n","protected":false},"author":24,"featured_media":0,"parent":0,"menu_order":1,"comment_status":"open","ping_status":"open","template":"","meta":{"footnotes":""},"class_list":["post-5","page","type-page","status-publish","hentry"],"_links":{"self":[{"href":"https:\/\/ultimato.com.br\/sites\/rookmaaker\/wp-json\/wp\/v2\/pages\/5","targetHints":{"allow":["GET"]}}],"collection":[{"href":"https:\/\/ultimato.com.br\/sites\/rookmaaker\/wp-json\/wp\/v2\/pages"}],"about":[{"href":"https:\/\/ultimato.com.br\/sites\/rookmaaker\/wp-json\/wp\/v2\/types\/page"}],"author":[{"embeddable":true,"href":"https:\/\/ultimato.com.br\/sites\/rookmaaker\/wp-json\/wp\/v2\/users\/24"}],"replies":[{"embeddable":true,"href":"https:\/\/ultimato.com.br\/sites\/rookmaaker\/wp-json\/wp\/v2\/comments?post=5"}],"version-history":[{"count":10,"href":"https:\/\/ultimato.com.br\/sites\/rookmaaker\/wp-json\/wp\/v2\/pages\/5\/revisions"}],"predecessor-version":[{"id":49,"href":"https:\/\/ultimato.com.br\/sites\/rookmaaker\/wp-json\/wp\/v2\/pages\/5\/revisions\/49"}],"wp:attachment":[{"href":"https:\/\/ultimato.com.br\/sites\/rookmaaker\/wp-json\/wp\/v2\/media?parent=5"}],"curies":[{"name":"wp","href":"https:\/\/api.w.org\/{rel}","templated":true}]}}