{"id":11,"date":"2012-11-13T08:59:05","date_gmt":"2012-11-13T10:59:05","guid":{"rendered":"http:\/\/ultimato.com.br\/sites\/roookmaaker\/?page_id=11"},"modified":"2012-11-13T10:27:48","modified_gmt":"2012-11-13T12:27:48","slug":"o-que-disseram","status":"publish","type":"page","link":"https:\/\/ultimato.com.br\/sites\/rookmaaker\/o-que-disseram\/","title":{"rendered":"O que disseram"},"content":{"rendered":"<blockquote><p>\u201cUma das principais raz\u00f5es por que a B\u00edblia \u00e9 o livro mais lido do mundo e por que damos nomes aos filhos com base em seus personagens \u00e9 porque ela \u00e9 um livro de biografias, que d\u00e1 conta de forma brilhante da vida nua e crua de pessoas que fizeram a diferen\u00e7a para o bem ou para o mal.\u00a0As biografias nos ajudam a encontrar nosso lugar na hist\u00f3ria \u00e0 medida que nos identificamos com os personagens sobre os quais lemos ou deles nos distanciamos.\u201d<\/p><\/blockquote>\n<p>Laurel Gasque<\/p>\n","protected":false},"excerpt":{"rendered":"<p>\u201cUma das principais raz\u00f5es por que a B\u00edblia \u00e9 o livro mais lido do mundo e por que damos nomes aos filhos com base em seus personagens \u00e9 porque ela \u00e9 um livro de biografias, que d\u00e1 conta de forma brilhante da vida nua e crua de pessoas que fizeram a diferen\u00e7a para o bem [&hellip;]<\/p>\n","protected":false},"author":24,"featured_media":0,"parent":0,"menu_order":3,"comment_status":"open","ping_status":"open","template":"","meta":{"footnotes":""},"class_list":["post-11","page","type-page","status-publish","hentry"],"_links":{"self":[{"href":"https:\/\/ultimato.com.br\/sites\/rookmaaker\/wp-json\/wp\/v2\/pages\/11","targetHints":{"allow":["GET"]}}],"collection":[{"href":"https:\/\/ultimato.com.br\/sites\/rookmaaker\/wp-json\/wp\/v2\/pages"}],"about":[{"href":"https:\/\/ultimato.com.br\/sites\/rookmaaker\/wp-json\/wp\/v2\/types\/page"}],"author":[{"embeddable":true,"href":"https:\/\/ultimato.com.br\/sites\/rookmaaker\/wp-json\/wp\/v2\/users\/24"}],"replies":[{"embeddable":true,"href":"https:\/\/ultimato.com.br\/sites\/rookmaaker\/wp-json\/wp\/v2\/comments?post=11"}],"version-history":[{"count":2,"href":"https:\/\/ultimato.com.br\/sites\/rookmaaker\/wp-json\/wp\/v2\/pages\/11\/revisions"}],"predecessor-version":[{"id":53,"href":"https:\/\/ultimato.com.br\/sites\/rookmaaker\/wp-json\/wp\/v2\/pages\/11\/revisions\/53"}],"wp:attachment":[{"href":"https:\/\/ultimato.com.br\/sites\/rookmaaker\/wp-json\/wp\/v2\/media?parent=11"}],"curies":[{"name":"wp","href":"https:\/\/api.w.org\/{rel}","templated":true}]}}