{"id":7,"date":"2012-02-28T11:00:18","date_gmt":"2012-02-28T14:00:18","guid":{"rendered":"http:\/\/ultimato.com.br\/sites\/robinsoncavalcanti\/?page_id=7"},"modified":"2022-02-16T11:49:13","modified_gmt":"2022-02-16T14:49:13","slug":"memorial","status":"publish","type":"page","link":"https:\/\/ultimato.com.br\/sites\/robinsoncavalcanti\/","title":{"rendered":"MEMORIAL"},"content":{"rendered":"<div><\/div>\n<div><span style=\"color: #993300;\">Celebramos a vida e a mem\u00f3ria do not\u00e1vel professor, te\u00f3logo e pastor de muitas gera\u00e7\u00f5es de crist\u00e3os espalhados pelo pa\u00eds, Robinson Cavalcanti.<\/span><\/div>\n<div><\/div>\n<h3><b>Um convite mais que especial!<\/b><\/h3>\n<div><span style=\"color: #993300;\"><a href=\"https:\/\/bit.ly\/3gvL4c0\"><img loading=\"lazy\" decoding=\"async\" class=\"alignright wp-image-249\" src=\"https:\/\/ultimato.com.br\/sites\/robinsoncavalcanti\/files\/2022\/02\/image.png\" alt=\"\" width=\"300\" height=\"307\" srcset=\"https:\/\/ultimato.com.br\/sites\/robinsoncavalcanti\/files\/2022\/02\/image.png 694w, https:\/\/ultimato.com.br\/sites\/robinsoncavalcanti\/files\/2022\/02\/image-293x300.png 293w\" sizes=\"auto, (max-width: 300px) 100vw, 300px\" \/><\/a>A vida e obra do Bispo Anglicano, Robinson Cavalcanti, morto em fevereiro de 2012, ser\u00e3o homenageadas em livro escrito por vinte e cinto autores, sendo seis mulheres.<\/span><\/p>\n<p><span style=\"color: #993300;\">A obra \u00e9 dividida em tr\u00eas partes: Acad\u00eamicos, que ressalta as contribui\u00e7\u00f5es de Robinson Cavalcanti nos estudos teol\u00f3gicos e sociais; Testemunhos, que contam experi\u00eancias de pessoas que conviveram com o Bispo e a sua esposa, Miriam Cavalcanti; e Ensaios, que s\u00e3o opini\u00f5es sobre pontos de vistas do Bispo.<\/span><\/p>\n<p><span style=\"color: #993300;\">O livro ser\u00e1 lan\u00e7ado no dia 26 de fevereiro, data da morte do anglicano e de sua esposa, \u00e0s 16h, na sede do Instituto Robinson Cavalcanti (IRC), que fica na Rua Camboim, 70, Boa Viagem, Recife-PE.<\/span><\/p>\n<p><span style=\"color: #993300;\">Entretanto, visando a participa\u00e7\u00e3o do maior n\u00famero de pessoas, tendo em vista o delicado momento que ainda enfrentamos por conta da Covid-19, o evento de lan\u00e7amento ser\u00e1 transmitido ao vivo atrav\u00e9s do canal do IRC no YouTube.<\/span><\/p>\n<p><span style=\"color: #993300;\">Agende-se para estar conosco e celebrar a vida e mem\u00f3ria de Dom Robinson Cavalcanti.<\/span><\/p>\n<p><span style=\"color: #993300;\">Link para o lan\u00e7amento <a style=\"color: #993300;\" href=\"https:\/\/bit.ly\/3gvL4c0\">aqui.<\/a><\/span><\/div>\n<h3>2022\u00a0 |\u00a0 Dez anos da morte de Robinson Cavalcanti<\/h3>\n<div><span style=\"color: #800000;\">Em parceria com o <strong>Instituto Robinson Cavalcanti<\/strong>, a Editora Ultimato celebra o legado e a obra do bispo e professor Robinson Cavalcanti, dez anos depois da sua morte.<\/span><\/div>\n<div><span style=\"color: #993300;\"><span style=\"color: #800000;\">Algumas de suas marcas podem ser vistas ou lidas nessas p\u00e1ginas. Voc\u00ea \u00e9 nosso convidado par<\/span>a tamb\u00e9m deixar sua palavra ou lembran\u00e7a sobre Robinson Cavalcanti no <a href=\"http:\/\/ultimato.com.br\/sites\/robinsoncavalcanti\/sua-mensagem\/\"><span style=\"color: #993300;\">Livro de Visitas<\/span><\/a>.<br \/>\n<\/span><\/div>\n<div><\/div>\n<div><\/div>\n<blockquote><p><span style=\"color: #808080;\">Estamos todos tristes. A not\u00edcia do falecimento de D. Robinson e Miriam nos trouxe muita dor e saudade. Dom Robinson foi um servo de Deus que soube, como poucos, integrar a vida p\u00fablica com a f\u00e9, o minist\u00e9rio pastoral com o magist\u00e9rio acad\u00eamico, a erudi\u00e7\u00e3o com a devo\u00e7\u00e3o. Integrava as diferentes ci\u00eancias que ele dominava como poucos, com a teologia e a f\u00e9. H\u00e1bil escritor. Suas eram palestras bem humoradas, provocativas e relevantes.<\/span><br \/>\n<span style=\"color: #808080;\"> Miriam, companheira discreta, com f\u00e9 comprometida e, como seu marido, integrada com a vida e suas demandas. Sinto saudades. Muita saudade. A Igreja Evang\u00e9lica Brasileira perde um profeta. A Ultimato perde seu mais antigo e fiel articulista. A Diocese Anglicana de Recife perde seu pastor. O Brasil perde um cidad\u00e3o ilustre. N\u00f3s perdemos um grande amigo. Sabemos que o Senhor da Igreja seguir\u00e1 conduzindo seu povo atrav\u00e9s de seus pastores, mas a perda do pastor Robinson e sua esposa nos deixar\u00e1 \u00f3rf\u00e3os de um testemunho corajoso, fiel e \u00edntegro. Que o Senhor da Igreja tenha miseric\u00f3rdia de todos n\u00f3s.<\/span><\/p><\/blockquote>\n<p style=\"text-align: right;\">Ricardo Barbosa de Sousa, Pastor da Igreja Presbiteriana do Planalto<\/p>\n<blockquote><p><span style=\"color: #808080;\">Com tristeza e grande consterna\u00e7\u00e3o, uno-me \u00e0s milhares de pessoas que lamentam a morte do Bispo da Igreja Anglicana, Diocese do Recife, Dom Edward Robinson de Barros Cavalcanti, e de sua esposa Miriam Cavalcanti, na noite de ontem, em Olinda.<\/span><br \/>\n<span style=\"color: #808080;\"> Homem de grande valor, fraterno, de uma intelig\u00eancia \u00edmpar, era incans\u00e1vel em sua miss\u00e3o de ensinar e de servir \u00e0 Deus e ao pr\u00f3ximo. Sua contribui\u00e7\u00e3o para a forma\u00e7\u00e3o e hist\u00f3ria da igreja crist\u00e3 brasileira ser\u00e1 para sempre lembrada.<\/span><\/p><\/blockquote>\n<p style=\"text-align: right;\"><span style=\"color: #000000;\">Marina Silva, ex-senadora pelo PV-AC<\/span><\/p>\n<blockquote><p><span style=\"color: #808080;\">Somos profundamente gratos a Deus pela vida do bispo Robinson Cavalcanti, que aben\u00e7oou ricamente o minist\u00e9rio estudantil e a Igreja evang\u00e9lica brasileira, propagando a teologia da Miss\u00e3o Integral. Robinson marcou a hist\u00f3ria da ABUB e foi um dos nossos pioneiros na regi\u00e3o Nordeste, servindo como &#8220;assessor itinerante&#8221; na d\u00e9cada de 70. Tamb\u00e9m foi incentivador da forma\u00e7\u00e3o dos primeiros grupos da ABS no Brasil. Seu nome e suas contribui\u00e7\u00f5es estar\u00e3o para sempre registrados na mente e no cora\u00e7\u00e3o de muitas gera\u00e7\u00f5es de estudantes, profissionais e obreiros.<\/span><\/p><\/blockquote>\n<p style=\"text-align: right;\">Alian\u00e7a B\u00edblica Universit\u00e1ria do Brasil, abub.org.br<\/p>\n<blockquote><p>Acabo de receber a terr\u00edvel noticia do assassinato do Bispo e sua Esposa . Mal posso imaginar o choque e a tristeza que ter\u00e1 causado a seus colegas de trabalho e seu rebanho, em Recife. Por favor, estejam certos de nossas ora\u00e7\u00f5es aqui para todos voc\u00eas. Tenho certeza que a m\u00e3o de Deus estar\u00e1 sobre voc\u00eas para que voc\u00eas possam compreender o que parece uma trag\u00e9dia sem sentido, \u00e0 luz da nossa esperan\u00e7a compartilhada na esperan\u00e7a da ressurrei\u00e7\u00e3o em Jesus Cristo.<\/p><\/blockquote>\n<p style=\"text-align: right;\"><span style=\"color: #808000;\"><span style=\"color: #000000;\">Arcebispo de Cantu\u00e1ria Rowan Williams, dar.org.br<\/span><br \/>\n<\/span><\/p>\n<blockquote><p><span style=\"color: #808080;\">Como um genu\u00edno crist\u00e3o, Robinson Cavalcanti ousou, em \u00e9pocas sombrias de nosso pa\u00eds, ser uma voz prof\u00e9tica onde a den\u00fancia foi a t\u00f4nica de sua caminhada ante a dura realidade brasileira. Sempre se prontificou a abordar temas e posturas ignorados ou desprezados por boa parte das lideran\u00e7as evang\u00e9licas. Esteve \u00e0 frente de seu tempo e sofreu incompreens\u00e3o, mas como algu\u00e9m que acredita na utopia poss\u00edvel do Reino de Deus, insistiu no bom combate. Soube como poucos, compatibilizar f\u00e9, ativismo, piedade e compromisso \u00e9tico.<\/span><\/p><\/blockquote>\n<p style=\"text-align: right;\"><span style=\"color: #000000;\">Rede FALE, fale.org.br<\/span><\/p>\n<blockquote><p><span style=\"color: #808080;\">\u00c9 com profundo lamento e consterna\u00e7\u00e3o que Renas se junta aos milh\u00f5es de protestantes neste pa\u00eds para chorar a tr\u00e1gica morte do Bispo Dom Robinson Cavalcanti e de sua esposa Miriam Cavalcanti. Suas mensagens e textos influenciaram os fundadores de Renas que tem nas escrituras sagradas suas bases de miss\u00e3o, juntamente com os conceitos de Miss\u00e3o Integral como forma de um evangelho a ser pregado e vivido entre os pobres e exclu\u00eddos da sociedade.<\/span><\/p><\/blockquote>\n<p style=\"text-align: right;\">Rede Evang\u00e9lica Nacional de A\u00e7\u00e3o Social, renas.org.br<\/p>\n<blockquote>\n<p style=\"text-align: left;\"><span style=\"color: #808080;\">\u00c9 com profunda tristeza que a Alian\u00e7a Crist\u00e3 Evang\u00e9lica Brasileira se junta a milhares de irm\u00e3os e irm\u00e3s por todo o Brasil e pelo mundo, para lamentar a tr\u00e1gica morte do Rev. Robinson Cavalcanti e sua esposa Miriam. No dizer do Pastor Valdir Steuernagel, presidente de nosso Conselho Gestor, &#8216;O nosso lamento est\u00e1 acompanhado de profunda gratid\u00e3o pela vida e minist\u00e9rio de D. Robinson e sua esposa Miriam. O legado que nos deixam aponta para a fidelidade ao chamado de Deus, o enraizamento nas Escrituras e um profundo compromisso com a miss\u00e3o da igreja. A chorarmos, nesta hora, a perda deste casal, queremos tamb\u00e9m lhes honrar afirmando a nossa voca\u00e7\u00e3o para continuarmos seguindo a Jesus.&#8217;<\/span><\/p>\n<\/blockquote>\n<p style=\"text-align: right;\">Alian\u00e7a Crist\u00e3 Evang\u00e9lica, \u00a0aliancaevangelica.org.br<\/p>\n","protected":false},"excerpt":{"rendered":"<p>Celebramos a vida e a mem\u00f3ria do not\u00e1vel professor, te\u00f3logo e pastor de muitas gera\u00e7\u00f5es de crist\u00e3os espalhados pelo pa\u00eds, Robinson Cavalcanti. Um convite mais que especial! A vida e obra do Bispo Anglicano, Robinson Cavalcanti, morto em fevereiro de 2012, ser\u00e3o homenageadas em livro escrito por vinte e cinto autores, sendo seis mulheres. A [&hellip;]<\/p>\n","protected":false},"author":24,"featured_media":0,"parent":0,"menu_order":1,"comment_status":"open","ping_status":"closed","template":"","meta":{"ngg_post_thumbnail":0,"footnotes":""},"class_list":["post-7","page","type-page","status-publish","hentry"],"_links":{"self":[{"href":"https:\/\/ultimato.com.br\/sites\/robinsoncavalcanti\/wp-json\/wp\/v2\/pages\/7","targetHints":{"allow":["GET"]}}],"collection":[{"href":"https:\/\/ultimato.com.br\/sites\/robinsoncavalcanti\/wp-json\/wp\/v2\/pages"}],"about":[{"href":"https:\/\/ultimato.com.br\/sites\/robinsoncavalcanti\/wp-json\/wp\/v2\/types\/page"}],"author":[{"embeddable":true,"href":"https:\/\/ultimato.com.br\/sites\/robinsoncavalcanti\/wp-json\/wp\/v2\/users\/24"}],"replies":[{"embeddable":true,"href":"https:\/\/ultimato.com.br\/sites\/robinsoncavalcanti\/wp-json\/wp\/v2\/comments?post=7"}],"version-history":[{"count":55,"href":"https:\/\/ultimato.com.br\/sites\/robinsoncavalcanti\/wp-json\/wp\/v2\/pages\/7\/revisions"}],"predecessor-version":[{"id":250,"href":"https:\/\/ultimato.com.br\/sites\/robinsoncavalcanti\/wp-json\/wp\/v2\/pages\/7\/revisions\/250"}],"wp:attachment":[{"href":"https:\/\/ultimato.com.br\/sites\/robinsoncavalcanti\/wp-json\/wp\/v2\/media?parent=7"}],"curies":[{"name":"wp","href":"https:\/\/api.w.org\/{rel}","templated":true}]}}