{"id":42,"date":"2012-02-28T11:15:39","date_gmt":"2012-02-28T14:15:39","guid":{"rendered":"http:\/\/ultimato.com.br\/sites\/robinsoncavalcanti\/?page_id=42"},"modified":"2012-02-29T11:05:05","modified_gmt":"2012-02-29T14:05:05","slug":"livros","status":"publish","type":"page","link":"https:\/\/ultimato.com.br\/sites\/robinsoncavalcanti\/vida-e-obra-2\/livros\/","title":{"rendered":"Livros"},"content":{"rendered":"<p><span style=\"color: #993300;\">Robinson Cavalcanti escreveu 13 livros, tr\u00eas deles publicados pela Editora Ultimato:<\/span><\/p>\n<p>&#8211; Cristo na Universidade Brasileira<\/p>\n<p>&#8211; O Crist\u00e3o, Esse Chato<\/p>\n<p>&#8211; Uma Ben\u00e7\u00e3o Chamada Sexo<\/p>\n<p>&#8211; As Origens do Coronelismo<\/p>\n<p>&#8211; Igreja \u2013 Ag\u00eancia de Transforma\u00e7\u00e3o Hist\u00f3rica<\/p>\n<p>&#8211; Igreja \u2013 Comunidade da Liberdade<\/p>\n<p>&#8211; Liberta\u00e7\u00e3o e Sexualidade<\/p>\n<p>&#8211;<a href=\"http:\/\/www.ultimato.com.br\/loja\/produtos\/cristianismo-e-politica\"> Cristianismo e Pol\u00edtica <\/a>(Editora Ultimato)<\/p>\n<p>&#8211; A Utopia Poss\u00edvel (Editora Ultimato)<\/p>\n<p>&#8211; <a href=\"http:\/\/www.ultimato.com.br\/loja\/produtos\/a-igreja-o-pais-e-o-mundo\">A Igreja, o Pa\u00eds e o Mundo<\/a> (Editora Ultimato)<\/p>\n<p>&#8211; Igreja \u2013 Multid\u00e3o Madura;<\/p>\n<p>&#8211; Refor\u00e7ando as Trincheiras<\/p>\n<p>&#8211; Anglicanismo \u2013 Identidade, Relev\u00e2ncia, Desafios<\/p>\n<p>&nbsp;<\/p>\n<p>Leia um trecho de<br \/>\n<strong>CRISTIANISMO E POL\u00cdTICA<\/strong><br \/>\nTeoria B\u00edblica e Pr\u00e1tica Hist\u00f3rica<br \/>\nPublicado originalmente em 1985 e, com nova edi\u00e7\u00e3o e apresenta\u00e7\u00e3o do autor, pela Ultimato, em 2002.<\/p>\n<div><object id=\"e2b0b33b-be30-7190-6fb0-1960cdc3d60e\" style=\"width: 420px; height: 320px;\" width=\"320\" height=\"240\" classid=\"clsid:d27cdb6e-ae6d-11cf-96b8-444553540000\" codebase=\"http:\/\/download.macromedia.com\/pub\/shockwave\/cabs\/flash\/swflash.cab#version=6,0,40,0\"><param name=\"allowfullscreen\" value=\"true\" \/><param name=\"menu\" value=\"false\" \/><param name=\"wmode\" value=\"transparent\" \/><param name=\"src\" value=\"http:\/\/static.issuu.com\/webembed\/viewers\/style1\/v2\/IssuuReader.swf\" \/><param name=\"flashvars\" value=\"mode=mini&amp;backgroundColor=%23222222&amp;documentId=120229140241-702cc48873d34984a7fee7e57b1d9a6d\" \/><embed id=\"e2b0b33b-be30-7190-6fb0-1960cdc3d60e\" style=\"width: 420px; height: 320px;\" width=\"320\" height=\"240\" type=\"application\/x-shockwave-flash\" src=\"http:\/\/static.issuu.com\/webembed\/viewers\/style1\/v2\/IssuuReader.swf\" allowfullscreen=\"true\" menu=\"false\" wmode=\"transparent\" flashvars=\"mode=mini&amp;backgroundColor=%23222222&amp;documentId=120229140241-702cc48873d34984a7fee7e57b1d9a6d\" \/><\/object><\/div>\n<p>&nbsp;<\/p>\n<p>Leia um trecho de<br \/>\n<strong>A IGREJA, O PA\u00cdS E O MUNDO<\/strong><br \/>\nDesafios a uma F\u00e9 Engajada<br \/>\nUma reflex\u00e3o sobre os anos 90 e os desafios do novo s\u00e9culo.<\/p>\n<div><object id=\"f3814bea-662f-3cc2-613d-a5e80bbd120c\" style=\"width: 420px; height: 325px;\" width=\"320\" height=\"240\" classid=\"clsid:d27cdb6e-ae6d-11cf-96b8-444553540000\" codebase=\"http:\/\/download.macromedia.com\/pub\/shockwave\/cabs\/flash\/swflash.cab#version=6,0,40,0\"><param name=\"allowfullscreen\" value=\"true\" \/><param name=\"menu\" value=\"false\" \/><param name=\"wmode\" value=\"transparent\" \/><param name=\"src\" value=\"http:\/\/static.issuu.com\/webembed\/viewers\/style1\/v2\/IssuuReader.swf\" \/><param name=\"flashvars\" value=\"mode=mini&amp;backgroundColor=%23222222&amp;documentId=120229124738-0bf783da2a5b4cb0845918529f82698f\" \/><embed id=\"f3814bea-662f-3cc2-613d-a5e80bbd120c\" style=\"width: 420px; height: 325px;\" width=\"320\" height=\"240\" type=\"application\/x-shockwave-flash\" src=\"http:\/\/static.issuu.com\/webembed\/viewers\/style1\/v2\/IssuuReader.swf\" allowfullscreen=\"true\" menu=\"false\" wmode=\"transparent\" flashvars=\"mode=mini&amp;backgroundColor=%23222222&amp;documentId=120229124738-0bf783da2a5b4cb0845918529f82698f\" \/><\/object><\/div>\n","protected":false},"excerpt":{"rendered":"<p>Robinson Cavalcanti escreveu 13 livros, tr\u00eas deles publicados pela Editora Ultimato: &#8211; Cristo na Universidade Brasileira &#8211; O Crist\u00e3o, Esse Chato &#8211; Uma Ben\u00e7\u00e3o Chamada Sexo &#8211; As Origens do Coronelismo &#8211; Igreja \u2013 Ag\u00eancia de Transforma\u00e7\u00e3o Hist\u00f3rica &#8211; Igreja \u2013 Comunidade da Liberdade &#8211; Liberta\u00e7\u00e3o e Sexualidade &#8211; Cristianismo e Pol\u00edtica (Editora Ultimato) &#8211; [&hellip;]<\/p>\n","protected":false},"author":24,"featured_media":0,"parent":23,"menu_order":0,"comment_status":"open","ping_status":"closed","template":"","meta":{"ngg_post_thumbnail":0,"footnotes":""},"class_list":["post-42","page","type-page","status-publish","hentry"],"_links":{"self":[{"href":"https:\/\/ultimato.com.br\/sites\/robinsoncavalcanti\/wp-json\/wp\/v2\/pages\/42","targetHints":{"allow":["GET"]}}],"collection":[{"href":"https:\/\/ultimato.com.br\/sites\/robinsoncavalcanti\/wp-json\/wp\/v2\/pages"}],"about":[{"href":"https:\/\/ultimato.com.br\/sites\/robinsoncavalcanti\/wp-json\/wp\/v2\/types\/page"}],"author":[{"embeddable":true,"href":"https:\/\/ultimato.com.br\/sites\/robinsoncavalcanti\/wp-json\/wp\/v2\/users\/24"}],"replies":[{"embeddable":true,"href":"https:\/\/ultimato.com.br\/sites\/robinsoncavalcanti\/wp-json\/wp\/v2\/comments?post=42"}],"version-history":[{"count":16,"href":"https:\/\/ultimato.com.br\/sites\/robinsoncavalcanti\/wp-json\/wp\/v2\/pages\/42\/revisions"}],"predecessor-version":[{"id":116,"href":"https:\/\/ultimato.com.br\/sites\/robinsoncavalcanti\/wp-json\/wp\/v2\/pages\/42\/revisions\/116"}],"up":[{"embeddable":true,"href":"https:\/\/ultimato.com.br\/sites\/robinsoncavalcanti\/wp-json\/wp\/v2\/pages\/23"}],"wp:attachment":[{"href":"https:\/\/ultimato.com.br\/sites\/robinsoncavalcanti\/wp-json\/wp\/v2\/media?parent=42"}],"curies":[{"name":"wp","href":"https:\/\/api.w.org\/{rel}","templated":true}]}}