{"id":40,"date":"2012-02-28T11:14:58","date_gmt":"2012-02-28T14:14:58","guid":{"rendered":"http:\/\/ultimato.com.br\/sites\/robinsoncavalcanti\/?page_id=40"},"modified":"2012-02-29T09:30:28","modified_gmt":"2012-02-29T12:30:28","slug":"biografia","status":"publish","type":"page","link":"https:\/\/ultimato.com.br\/sites\/robinsoncavalcanti\/vida-e-obra-2\/biografia\/","title":{"rendered":"Biografia"},"content":{"rendered":"<p><span style=\"color: #993300;\">Escrita pelo pr\u00f3prio autor e publicada em 2010, nas edi\u00e7\u00f5es da revista Ultimato do segundo semestre, Robinson Cavalcanti n\u00e3o deixa d\u00favidas e repete o t\u00edtulo nos tr\u00eas artigos: &#8217;50 anos de crente&#8217;. Ultimato reuniu os textos no seu portal: <a href=\"http:\/\/www.ultimato.com.br\/conteudo\/a-fe-de-robinson-cavalcanti\"><span style=\"color: #993300;\">A hist\u00f3ria e a confiss\u00e3o de f\u00e9 do bispo Robinson Cavalcanti<\/span><\/a>.<\/span><\/p>\n<p><span style=\"color: #993300;\">O Memorial conta tamb\u00e9m com uma &#8216;Cronologia&#8217; (a seguir) e a &#8216;Biografia&#8217; (abaixo) publicada pela Par\u00f3quia Anglicana de Copacabana, no Rio de Janeiro.<\/span><\/p>\n<p>&nbsp;<\/p>\n<h3>Cronologia<\/h3>\n<p>1944 \u2013 Nasce em Recife (PE).<\/p>\n<p>1947 \u2013 Muda-se para Uni\u00e3o dos Palmares (AL), cidade onde fica at\u00e9 concluir o ensino fundamental. Frequenta as primeiras reuni\u00f5es estudantis, no Gr\u00eamio do Col\u00e9gio e da Uni\u00e3o dos Estudantes Secundaristas de Alagoas (UESA).<\/p>\n<p>1962 \u2013 Desvincula-se da Igreja Romana e do Espiritismo Kardecista, que visitava eventualmente. No dia 31 de outubro \u00e9 confirmado na Igreja Evang\u00e9lica Luterana do Brasil (IELB).<\/p>\n<p>1963-1967 \u2013 Cursa Licenciatura em Ci\u00eancias Sociais na Universidade Cat\u00f3lica de Pernambuco (dos Jesu\u00edtas), e bacharelado em Direito na Universidade Federal de Pernambuco. Estuda tamb\u00e9m L\u00edngua Inglesa, na Sociedade Cultural Brasil-EEUU. Durante o per\u00edodo, participa da pol\u00edtica estudantil, integrando o Diret\u00f3rio Acad\u00eamico \u201cDem\u00f3crito de Souza Filho\u201d, da Faculdade de Direito, do Teatro Universit\u00e1rio e da Alian\u00e7a B\u00edblica Universit\u00e1ria (ABU).<br \/>\n&#8211; Inicia sua vida como Advogado, Assessor da ABU (10 anos) e professor nos Col\u00e9gios Agnes Erskine (Presbiteriano), Americano Batista e Sagrado Cora\u00e7\u00e3o Eucar\u00edstico de Jesus.<br \/>\n&#8211; Opta pela carreira universit\u00e1ria, como professor de Ci\u00eancia Pol\u00edtica, na Faculdade de Filosofia do Recife (FAFIRE, das Irm\u00e3s de Santa Dorot\u00e9ia), Semin\u00e1rio Presbiteriano do Norte, Universidade Cat\u00f3lica de Pernambuco (UNICAP), Universidade Federal de Pernambuco (UFPE) e Universidade Federal Rural de Pernambuco (UFRPE).<\/p>\n<p>1970 \u2013 Funda a Fraternidade Teol\u00f3gica Latino-americana (FTL), onde integra, por sete anos, a sua Comiss\u00e3o Executiva.<\/p>\n<p>1974 \u2013 Cursa o mestrado em Ci\u00eancias Pol\u00edtica no Instituto Universit\u00e1rio de Pesquisas do Rio de Janeiro (IUPERJ), da Universidade C\u00e2ndido Mendes, defendendo (como denominada ent\u00e3o), a tese: \u201dAlagoas \u2013 a Guarda Nacional e as Origens do Coronelismo\u201d.<\/p>\n<p>1974 \u2013 Participa da Comiss\u00e3o de Convoca\u00e7\u00e3o do Congresso de Lausanne e da Comiss\u00e3o de Lausanne para a Evangeliza\u00e7\u00e3o Mundial (LCWE), que integra por quatro anos, bem como a Comiss\u00e3o Teol\u00f3gica da Alian\u00e7a Evang\u00e9lica Mundial (LCWE), na Unidade \u201c\u00c9tica e Sociedade\u201d<br \/>\n&#8211; Filia-se aos Gide\u00f5es Internacionais e ao Rotary Club.<\/p>\n<p>1976 \u2013 Filia-se \u00e0 ent\u00e3o Igreja Episcopal do Brasil (IEB), Par\u00f3quia da Sant\u00edssima Trindade.<br \/>\n&#8211; Passa a colaborar como articulista na imprensa escrita: escreve por dez anos a coluna dominical \u201cEvangelismo\u201d no Jornal do Comm\u00e9rcio, e, por dois anos, a coluna \u201cPanorama Evang\u00e9lico\u201d, do Di\u00e1rio da Noite. Escreve por cinco anos para a revista Kerygma (S\u00e3o Paulo).<\/p>\n<p>1982 \u2013 Candidata-se a deputado estadual em oposi\u00e7\u00e3o ao regime militar e participa das campanhas pela Anistia e pelas \u2018Diretas J\u00e1\u2019.<\/p>\n<p>1985 \u2013 Torna-se articulista da revista Ultimato, espa\u00e7o que ocupou por 27 anos.<\/p>\n<p>1989 \u2013 Coordena, pela primeira vez, a campanha presidencial do candidato Lula entre as igrejas evang\u00e9licas. Robinson tornaria a ocupar o cargo em 1994.<\/p>\n<p>1996 \u2013 Assume a vice-candidatura da chapa do PT para a prefeitura de Olinda (PE).<\/p>\n<p>1997 \u2013 Sagra-se bispo da Diocese Anglicana do Recife, comparecendo \u00e0 Confer\u00eancia de Lambeth, de 1998, participando ativamente da rede de correntes ortodoxas anglicanas, no tocante \u00e0s Sagradas Escrituras, os Credos e a \u00c9tica Hist\u00f3rica da Igreja.<br \/>\n&#8211; Prega, como convidado do Governo, no Culto Semanal dos Deputados, na Capela do Parlamento da Su\u00e9cia<br \/>\n&#8211; \u00c9 eleito presidente da Junta Nacional de Educa\u00e7\u00e3o Teol\u00f3gica (JUNET)<br \/>\n&#8211; \u00c9 eleito presidente da Ordem dos Ministros Evang\u00e9licos do Brasil \u2013 Se\u00e7\u00e3o de Pernambuco<br \/>\n&#8211; Aposenta-se como professor da Universidade Federal de Pernambuco (UFPE) e da Universidade Federal Rural de Pernambuco (UFRPE)<\/p>\n<p>&nbsp;<\/p>\n<h3><strong>Biografia<\/strong><\/h3>\n<p>Dom Edward Robinson de Barros Cavalcanti, nasceu no Recife (PE), em 21 de junho de 1944, filho de Edward Lopes Cavalcanti e Gerusa de Barros Cavalcanti. Aos tr\u00eas anos de idade se mudou para a cidade de Uni\u00e3o dos Palmares, em Alagoas, e l\u00e1 estudou at\u00e9\u00a0o Curso Ginasial (8\u00aa s\u00e9rie). Em Uni\u00e3o dos Palmares seu pai foi empres\u00e1rio e pol\u00edtico, e o menino Robinson frequentou a Par\u00f3quia de Santa Maria Madalena (da Igreja Cat\u00f3lica Romana), e participou da pol\u00edtica estudantil, atrav\u00e9s do Gr\u00eamio do Col\u00e9gio e da Uni\u00e3o dos Estudantes Secundaristas de Alagoas (UESA). Nessa \u00e9poca passou, ocasionalmente, a frequentar sess\u00f5es kardecistas (religi\u00e3o da fam\u00edlia do seu genitor) e a ser evangelizado por amigos Batistas e Adventistas do 7\u00ba Dia. No in\u00edcio de 1962 desvinculou-se da Igreja Romana e do Espiritismo Kardecista, concluiu o Curso Cl\u00e1ssico e o Curso de L\u00edngua e Cultura Hisp\u00e2nica. Em 31 de outubro de 1963 (Dia da Reforma) foi confirmado na Igreja Evang\u00e9lica Luterana do Brasil (IELB).<\/p>\n<p>De 1963 a 1966 cursou Licenciaturaem Ci\u00eancias Sociais na Universidade Cat\u00f3lica de Pernambuco (dos Jesu\u00edtas), e L\u00edngua Inglesa, na Sociedade Cultural Brasil-EEUU. De1963 a 1967 cursou, simultaneamente, o Bacharelado em Direito na Universidade Federal de Pernambuco, participou da pol\u00edtica estudantil, integrando o Diret\u00f3rio Acad\u00eamico\u201cDem\u00f3crito de Souza Filho\u201d, da Faculdade de Direito, e do Teatro Universit\u00e1rio. Ingressou na ABU (Alian\u00e7a B\u00edblica Universit\u00e1ria).<\/p>\n<p>Fez est\u00e1gio no Departamento de Ci\u00eancias Sociais da Universidade da Calif\u00f3rnia,em Los Angeles. Iniciousua vida como Advogado, Assessor da ABU (10 anos) e professor nos Col\u00e9gios Agnes Erskine (Presbiteriano), Americano Batista e Sagrado Cora\u00e7\u00e3o Eucar\u00edstico de Jesus. Optou pela carreira universit\u00e1ria, como professor de Ci\u00eancia Pol\u00edtica, na Faculdade de Filosofia do Recife (FAFIRE, das Irm\u00e3s de Santa Dorot\u00e9ia), Semin\u00e1rio Presbiteriano do Norte, Universidade Cat\u00f3lica de Pernambuco (UNICAP), Universidade Federal de Pernambuco (UFPE) e Universidade Federal Rural de Pernambuco (UFRPE).<\/p>\n<p>Em 1974-1975 cursou o Mestradoem Ci\u00eancia Pol\u00edticano Instituto Universit\u00e1rio de Pesquisas do Rio de Janeiro (IUPERJ), da Universidade C\u00e2ndido Mendes, defendendo (como denominada ent\u00e3o), a tese: \u201dAlagoas \u2013 a Guarda Nacional e as Origens do Coronelismo\u201d. Foi evangelista e candidato ao Minist\u00e9rio na IELB. Participou da funda\u00e7\u00e3o (1970) da Fraternidade Teol\u00f3gica Latino-americana (FTL), onde integrou, por sete anos, a sua Comiss\u00e3o Executiva. Integrou, tamb\u00e9m, a Comiss\u00e3o de Convoca\u00e7\u00e3o do Congresso de Lausanne (1974), e a Comiss\u00e3o de Lausanne para a Evangeliza\u00e7\u00e3o Mundial (LCWE), por quatro anos, bem como a Comiss\u00e3o Teol\u00f3gica da Alian\u00e7a Evang\u00e9lica Mundial (LCWE), na Unidade \u201c\u00c9tica e Sociedade\u201d.<\/p>\n<p>Filiou-se aos Gide\u00f5es Internacionais e ao Rotary Club. Passou a colaborar como articulista na imprensa escrita. Por 10 anos escreveu a coluna dominical \u201cEvangelismo\u201d no Jornal do Comm\u00e9rcio, e, por dois anos a coluna \u201cPanorama Evang\u00e9lico\u201d, do Di\u00e1rio da Noite. Escreveu, por cinco anos, para a revista Kerygma (S\u00e3o Paulo), e foi o mais antigo colaborador da revista Ultimato (Vi\u00e7osa, MG.)<\/p>\n<p>Ao todo s\u00e3o mais de mil artigos sobre Teologia e Ci\u00eancia Pol\u00edtica, publicados no Brasil e no Exterior. Atuou, tamb\u00e9m, na r\u00e1dio e na televis\u00e3o, em programas religiosos e pol\u00edticos, passando a dar confer\u00eancias no pa\u00eds e no exterior, principalmente na \u00e1rea de \u00c9tica Social. Como convidado do Governo, pregou no Culto Semanal dos Deputados, na Capela do Parlamento da Su\u00e9cia.<\/p>\n<p>Foi candidato a Deputado Estadual, em 1982, pela oposi\u00e7\u00e3o ao Regime Militar (e membro do Diret\u00f3rio Municipal do PMDB do Recife), e participou das campanhas pela Anistia e pelas \u2018Diretas J\u00e1\u2019.<\/p>\n<p>Nas universidades \u2013 onde lecionou por 35 anos \u2013 integrou quase todos os Colegiados Superiores.<\/p>\n<p>Foi Coordenador de Gradua\u00e7\u00e3o, de P\u00f3s-Gradua\u00e7\u00e3o (Especializa\u00e7\u00e3o), de Mestrado, Chefe de Departamento, e, finalmente, Diretor do Centro de Filosofia e Ci\u00eancias Humanas da UFPE. Foi professor conferencista-visitante na Universidade do Alabama, em Birmingham, lecionando a disciplina \u201cSistemas Pol\u00edticos Comparados\u201d. Foi Assessor do Conselho Regional de Pernambuco do Col\u00e9gio Notarial do Brasil, da Prefeitura da Cidade do Recife (e membro do Conselho Municipal de Educa\u00e7\u00e3o) e, do ent\u00e3o Deputado Federal, Humberto Costa. Coordenou, entre as igrejas evang\u00e9licas, a n\u00edvel nacional, as campanhas presidenciais de Lula, de 1989 e 1994.<\/p>\n<p>Militou no Partido dos Trabalhadores, onde foi membro do Diret\u00f3rio Municipal e candidato a vice-prefeito de Olinda (1996). Filiado a duas Se\u00e7\u00f5es Sindicais da ANDES \u2013 Sindicato Nacional (dos Professores Universit\u00e1rios) foi candidato a uma das vice-presid\u00eancias da entidade, na chapa encabe\u00e7ada pela professora e ex-prefeita de Fortaleza, Maria Luiza Fontenelle. Foi presidente da ASAS, ONG de apoio aos portadores de HIV\/AIDS. Participou da campanha do \u201cParlamentarismo\u201d e da campanha pelo \u201cFora Collor\u201d.<\/p>\n<p>Por cinco anos, integrou o NIES \u2013 N\u00facleo Interdisciplinar de Estudo sobre a Sexualidade da UFPE, participando de debates sobre o tema em v\u00e1rias institui\u00e7\u00f5es, inclusive defendendo, como convidado, a posi\u00e7\u00e3o ortodoxa da Igreja, na Semana Cultural do \u201cV Congresso Brasileiro de Homossexuais\u201d. Compatibilizando a defesa da \u00c9tica B\u00edblica com a defesa da Cidadania, integrou o grupo de pastores evang\u00e9licos que subscreveu o manifesto de apoio a Emenda Marta Suplicy (direitos patrimoniais e previdenci\u00e1rios).<\/p>\n<p>Definindo-se como um democrata, nacionalista, federalista, regionalista, municipalista, parlamentarista, defensor de uma Sociedade Solid\u00e1ria e de uma Economia p\u00f3s-Capitalista, inspirada nos valores judaico-crist\u00e3os, participou de um sem n\u00famero de movimentos em defesa da justi\u00e7a social, sempre encarando tal participa\u00e7\u00e3o como express\u00e3o de um minist\u00e9rio prof\u00e9tico.<\/p>\n<p>Depois de anos de estudo e aproxima\u00e7\u00e3o, filiou-se a ent\u00e3o Igreja Episcopal do Brasil (IEB), Par\u00f3quia da Sant\u00edssima Trindade, pelas m\u00e3os do Bispo Dom Edmund Knox Sherril, em 21 de junho de 1976, sendo, sucessivamente, Leitor (Ministro Leigo), membro de Junta Paroquial, Postulante e Candidato \u00e0s Sagradas Ordens, Di\u00e1cono e Presb\u00edtero, trabalhando na Sant\u00edssima Trindade, Bom Samaritano, Emanuel e Reden\u00e7\u00e3o. Foi Delegado Sinodal e membro da JUNET mais de uma vez, tendo ministrado em encontros anglicanos em v\u00e1rios pa\u00edses. \u00c9 membro, h\u00e1 mais de 10 anos, da diretoria internacional da EFAC \u2013 Fraternidade dos Evang\u00e9licos na Comunh\u00e3o Anglicana, e membro da Ekklesia.<\/p>\n<p>Em 1997 foi eleito, sagrado e institu\u00eddo Bispo da Diocese Anglicana do Recife, comparecendo \u00e0 Confer\u00eancia de Lambeth, de 1998, participando, ativamente, da rede de correntes ortodoxas anglicanas, no tocante \u00e0s Sagradas Escrituras, os Credos e a \u00c9tica Hist\u00f3rica da Igreja.Fez sua forma\u00e7\u00e3o teol\u00f3gica por extens\u00e3o no Semin\u00e1rio Conc\u00f3rdia (da IELB), no NAET \u2013 Recife, e nos Cursos de Capacita\u00e7\u00e3o de Obreiros da ABU (IFES \u2013 Comunidade Internacional de Estudantes Evang\u00e9licos), no Brasil, Equador, EEUU, \u00c1ustria e Inglaterra, tendo estudado com v\u00e1rios te\u00f3logos anglicanos, como o Rev. John Stott.<\/p>\n<p>Participou dos semin\u00e1rios internacionais que redigiram os documentos \u201cA Responsabilidade Social da Igreja\u201c, (Grand Rapids, EUA), \u201cO Evangelho e a Cultura\u201d (Willowbank, Bermudas), \u201cEstilo de Vida Simples como Op\u00e7\u00e3o Crist\u00e3\u201d(Hoddesdon, Inglaterra), \u201cA Declara\u00e7\u00e3o de Jarabacoa sobre os Crist\u00e3os e a A\u00e7\u00e3o Pol\u00edtica\u201d (Jarabacoa, Rep\u00fablica Dominicana), bem como do Congresso Internacional de Evangelismo (Pattaya, Tail\u00e2ndia), Congresso de Evangelistas Itinerantes (Amsterd\u00e3, Holanda), Lausanne II (Manila, Filipinas) e do Semin\u00e1rio para Escritores Evang\u00e9licos do Terceiro Mundo (John Haggai Day Center, Cingapura), dentre outros.<\/p>\n<p>Membro da Academia Pernambucana de Educa\u00e7\u00e3o e Cultura, Academia Pernambucana de Ci\u00eancias Jur\u00eddicas e Morais e Cidad\u00e3o Honor\u00e1rio da Cidade de Olinda (PE). Como Bispo Diocesano, ordenou 99 Di\u00e1conos e 85 Presb\u00edteros. Nesses sete anos foram abertas 34 das presentes 44 comunidades da Diocese Anglicana do Recife, criados projetos sociais, arcediagados, secretarias e comiss\u00f5es, e reformulados os C\u00e2nones, estimuladas as voca\u00e7\u00f5es, criado o Diaconato Permanente e o Minist\u00e9rio Local, bem como a institui\u00e7\u00e3o de Ministros Leigos e Evangelistas.<\/p>\n<p>Na IEAB foi presidente da Junta Nacional de Educa\u00e7\u00e3o Teol\u00f3gica \u2013 JUNET. Distante do Fundamentalismo e do Liberalismo, considerava-se um crist\u00e3o, protestante, evang\u00e9lico, anglicano, defensor da Teologia da Miss\u00e3o Integral da Igreja. Foi presidente da OMEB \u2013 Ordem dos Ministros Evang\u00e9licos do Brasil \u2013 Sec\u00e7\u00e3o de Pernambuco, e um dos idealizadores e membro da primeira diretoria nacional do MEP \u2013 Movimento Evang\u00e9lico Progressista. A Diocese Anglicana do Recife, por suas posi\u00e7\u00f5es oficiais, integra a maioria ortodoxa da Comunh\u00e3o Anglicana.<\/p>\n<p>Praticou esportes na juventude, gostava de teatro, cinema e m\u00fasica (do cl\u00e1ssico ao folcl\u00f3rico), de praia (particularmente Paripueira, AL). Era professor aposentado da UFPE (Universidade Federal de Pernambuco) e UFRPE (Universidade Federal Rural de Pernambuco).<\/p>\n<p>Fonte:\u00a0<a href=\"https:\/\/paroquiaanglicanasantissimatrindade.wordpress.com\/2012\/02\/27\/faleceu-nesta-madrugada-nosso-bispo-d-robinson-cavalcanti\/\">Par\u00f3quia Anglicana da Sant\u00edssima Trindade<\/a><\/p>\n","protected":false},"excerpt":{"rendered":"<p>Escrita pelo pr\u00f3prio autor e publicada em 2010, nas edi\u00e7\u00f5es da revista Ultimato do segundo semestre, Robinson Cavalcanti n\u00e3o deixa d\u00favidas e repete o t\u00edtulo nos tr\u00eas artigos: &#8217;50 anos de crente&#8217;. Ultimato reuniu os textos no seu portal: A hist\u00f3ria e a confiss\u00e3o de f\u00e9 do bispo Robinson Cavalcanti. O Memorial conta tamb\u00e9m com [&hellip;]<\/p>\n","protected":false},"author":24,"featured_media":0,"parent":23,"menu_order":0,"comment_status":"open","ping_status":"closed","template":"","meta":{"ngg_post_thumbnail":0,"footnotes":""},"class_list":["post-40","page","type-page","status-publish","hentry"],"_links":{"self":[{"href":"https:\/\/ultimato.com.br\/sites\/robinsoncavalcanti\/wp-json\/wp\/v2\/pages\/40","targetHints":{"allow":["GET"]}}],"collection":[{"href":"https:\/\/ultimato.com.br\/sites\/robinsoncavalcanti\/wp-json\/wp\/v2\/pages"}],"about":[{"href":"https:\/\/ultimato.com.br\/sites\/robinsoncavalcanti\/wp-json\/wp\/v2\/types\/page"}],"author":[{"embeddable":true,"href":"https:\/\/ultimato.com.br\/sites\/robinsoncavalcanti\/wp-json\/wp\/v2\/users\/24"}],"replies":[{"embeddable":true,"href":"https:\/\/ultimato.com.br\/sites\/robinsoncavalcanti\/wp-json\/wp\/v2\/comments?post=40"}],"version-history":[{"count":16,"href":"https:\/\/ultimato.com.br\/sites\/robinsoncavalcanti\/wp-json\/wp\/v2\/pages\/40\/revisions"}],"predecessor-version":[{"id":138,"href":"https:\/\/ultimato.com.br\/sites\/robinsoncavalcanti\/wp-json\/wp\/v2\/pages\/40\/revisions\/138"}],"up":[{"embeddable":true,"href":"https:\/\/ultimato.com.br\/sites\/robinsoncavalcanti\/wp-json\/wp\/v2\/pages\/23"}],"wp:attachment":[{"href":"https:\/\/ultimato.com.br\/sites\/robinsoncavalcanti\/wp-json\/wp\/v2\/media?parent=40"}],"curies":[{"name":"wp","href":"https:\/\/api.w.org\/{rel}","templated":true}]}}