{"id":28,"date":"2012-02-28T11:11:02","date_gmt":"2012-02-28T14:11:02","guid":{"rendered":"http:\/\/ultimato.com.br\/sites\/robinsoncavalcanti\/?page_id=28"},"modified":"2022-02-23T08:42:05","modified_gmt":"2022-02-23T11:42:05","slug":"videos","status":"publish","type":"page","link":"https:\/\/ultimato.com.br\/sites\/robinsoncavalcanti\/para-ver-e-ouvir\/videos\/","title":{"rendered":"V\u00eddeos"},"content":{"rendered":"<p><span style=\"color: #993300;\">Envie o seu v\u00eddeo e compartilhe com o &#8220;memorial Robinson Cavalcanti&#8221; a sua lembran\u00e7a.<\/span><\/p>\n<p>&nbsp;<\/p>\n<h4>Um bate papo sobre Dom Robinson Cavalcanti com Carlos Queiroz e Maur\u00edcio Amazonas<\/h4>\n<h4><a href=\"https:\/\/www.youtube.com\/watch?v=5nlVELBC_fc\"><img loading=\"lazy\" decoding=\"async\" class=\"wp-image-251 size-large aligncenter\" src=\"https:\/\/ultimato.com.br\/sites\/robinsoncavalcanti\/files\/2022\/02\/blog_cavalcanti_video-9-1024x576.jpeg\" alt=\"\" width=\"1024\" height=\"576\" srcset=\"https:\/\/ultimato.com.br\/sites\/robinsoncavalcanti\/files\/2022\/02\/blog_cavalcanti_video-9-1024x576.jpeg 1024w, https:\/\/ultimato.com.br\/sites\/robinsoncavalcanti\/files\/2022\/02\/blog_cavalcanti_video-9-300x169.jpeg 300w, https:\/\/ultimato.com.br\/sites\/robinsoncavalcanti\/files\/2022\/02\/blog_cavalcanti_video-9-768x432.jpeg 768w, https:\/\/ultimato.com.br\/sites\/robinsoncavalcanti\/files\/2022\/02\/blog_cavalcanti_video-9.jpeg 1280w\" sizes=\"auto, (max-width: 1024px) 100vw, 1024px\" \/><\/a><\/h4>\n<h4>A influ\u00eancia do Bispo Robinson Cavalcanti em minha vida e minist\u00e9rio<iframe loading=\"lazy\" title=\"YouTube video player\" src=\"https:\/\/www.youtube.com\/embed\/LQpmjIJfbPI\" width=\"600\" height=\"337\" frameborder=\"0\" allowfullscreen=\"allowfullscreen\"><span data-mce-type=\"bookmark\" style=\"display: inline-block; width: 0px; overflow: hidden; line-height: 0;\" class=\"mce_SELRES_start\">\ufeff<\/span><span data-mce-type=\"bookmark\" style=\"display: inline-block; width: 0px; overflow: hidden; line-height: 0;\" class=\"mce_SELRES_start\">\ufeff<\/span><\/iframe><br \/>\n<strong>Dom Robinson Cavalcanti e a Miss\u00e3o Integral<\/strong><\/h4>\n<h4><a href=\"https:\/\/www.youtube.com\/watch?v=xIdjECCsW2s\"><img loading=\"lazy\" decoding=\"async\" class=\"aligncenter size-large wp-image-253\" src=\"https:\/\/ultimato.com.br\/sites\/robinsoncavalcanti\/files\/2022\/02\/blog_cavalcanti_video-5-1024x576.jpeg\" alt=\"\" width=\"1024\" height=\"576\" srcset=\"https:\/\/ultimato.com.br\/sites\/robinsoncavalcanti\/files\/2022\/02\/blog_cavalcanti_video-5-1024x576.jpeg 1024w, https:\/\/ultimato.com.br\/sites\/robinsoncavalcanti\/files\/2022\/02\/blog_cavalcanti_video-5-300x169.jpeg 300w, https:\/\/ultimato.com.br\/sites\/robinsoncavalcanti\/files\/2022\/02\/blog_cavalcanti_video-5-768x432.jpeg 768w, https:\/\/ultimato.com.br\/sites\/robinsoncavalcanti\/files\/2022\/02\/blog_cavalcanti_video-5.jpeg 1280w\" sizes=\"auto, (max-width: 1024px) 100vw, 1024px\" \/><\/a><\/h4>\n<p><strong>10 Anos Depois: O pensamento Ecum\u00eanico de Robinson Cavalcanti<\/strong><\/p>\n<h4><a href=\"https:\/\/www.youtube.com\/watch?v=4Kh3qu20A3A\"><img loading=\"lazy\" decoding=\"async\" class=\"aligncenter size-large wp-image-254\" src=\"https:\/\/ultimato.com.br\/sites\/robinsoncavalcanti\/files\/2022\/02\/blog_cavalcanti_video-2-1024x576.jpeg\" alt=\"\" width=\"1024\" height=\"576\" srcset=\"https:\/\/ultimato.com.br\/sites\/robinsoncavalcanti\/files\/2022\/02\/blog_cavalcanti_video-2-1024x576.jpeg 1024w, https:\/\/ultimato.com.br\/sites\/robinsoncavalcanti\/files\/2022\/02\/blog_cavalcanti_video-2-300x169.jpeg 300w, https:\/\/ultimato.com.br\/sites\/robinsoncavalcanti\/files\/2022\/02\/blog_cavalcanti_video-2-768x432.jpeg 768w, https:\/\/ultimato.com.br\/sites\/robinsoncavalcanti\/files\/2022\/02\/blog_cavalcanti_video-2.jpeg 1280w\" sizes=\"auto, (max-width: 1024px) 100vw, 1024px\" \/><\/a><\/h4>\n<h4>A Pastoral de Robinson Cavalcanti<\/h4>\n<h4><a href=\"https:\/\/www.youtube.com\/watch?v=iMQvuP7TkmU\"><img loading=\"lazy\" decoding=\"async\" class=\"aligncenter size-large wp-image-255\" src=\"https:\/\/ultimato.com.br\/sites\/robinsoncavalcanti\/files\/2022\/02\/blog_cavalcanti_video-4-1024x576.jpeg\" alt=\"\" width=\"1024\" height=\"576\" srcset=\"https:\/\/ultimato.com.br\/sites\/robinsoncavalcanti\/files\/2022\/02\/blog_cavalcanti_video-4-1024x576.jpeg 1024w, https:\/\/ultimato.com.br\/sites\/robinsoncavalcanti\/files\/2022\/02\/blog_cavalcanti_video-4-300x169.jpeg 300w, https:\/\/ultimato.com.br\/sites\/robinsoncavalcanti\/files\/2022\/02\/blog_cavalcanti_video-4-768x432.jpeg 768w, https:\/\/ultimato.com.br\/sites\/robinsoncavalcanti\/files\/2022\/02\/blog_cavalcanti_video-4.jpeg 1280w\" sizes=\"auto, (max-width: 1024px) 100vw, 1024px\" \/><\/a><\/h4>\n<h4>A prosa freiriana do cientista pol\u00edtico Robinson Cavalcanti<\/h4>\n<h4><a href=\"https:\/\/www.youtube.com\/watch?v=U5sNXO1j_oE\"><img loading=\"lazy\" decoding=\"async\" class=\"aligncenter size-large wp-image-256\" src=\"https:\/\/ultimato.com.br\/sites\/robinsoncavalcanti\/files\/2022\/02\/blog_cavalcanti_video-3-1024x576.jpeg\" alt=\"\" width=\"1024\" height=\"576\" srcset=\"https:\/\/ultimato.com.br\/sites\/robinsoncavalcanti\/files\/2022\/02\/blog_cavalcanti_video-3-1024x576.jpeg 1024w, https:\/\/ultimato.com.br\/sites\/robinsoncavalcanti\/files\/2022\/02\/blog_cavalcanti_video-3-300x169.jpeg 300w, https:\/\/ultimato.com.br\/sites\/robinsoncavalcanti\/files\/2022\/02\/blog_cavalcanti_video-3-768x432.jpeg 768w, https:\/\/ultimato.com.br\/sites\/robinsoncavalcanti\/files\/2022\/02\/blog_cavalcanti_video-3.jpeg 1280w\" sizes=\"auto, (max-width: 1024px) 100vw, 1024px\" \/><\/a><\/h4>\n<h4>A participa\u00e7\u00e3o de Robinson Cavalcanti na FTL<\/h4>\n<h4><a href=\"https:\/\/www.youtube.com\/watch?v=g_yj5bmE1As\"><img loading=\"lazy\" decoding=\"async\" class=\"aligncenter size-large wp-image-257\" src=\"https:\/\/ultimato.com.br\/sites\/robinsoncavalcanti\/files\/2022\/02\/blog_cavalcanti_video-1-1024x576.jpeg\" alt=\"\" width=\"1024\" height=\"576\" srcset=\"https:\/\/ultimato.com.br\/sites\/robinsoncavalcanti\/files\/2022\/02\/blog_cavalcanti_video-1-1024x576.jpeg 1024w, https:\/\/ultimato.com.br\/sites\/robinsoncavalcanti\/files\/2022\/02\/blog_cavalcanti_video-1-300x169.jpeg 300w, https:\/\/ultimato.com.br\/sites\/robinsoncavalcanti\/files\/2022\/02\/blog_cavalcanti_video-1-768x432.jpeg 768w, https:\/\/ultimato.com.br\/sites\/robinsoncavalcanti\/files\/2022\/02\/blog_cavalcanti_video-1.jpeg 1280w\" sizes=\"auto, (max-width: 1024px) 100vw, 1024px\" \/><\/a><\/h4>\n<h4>A import\u00e2ncia de Dom Robinson Cavalcanti em minha vida e minist\u00e9rio<\/h4>\n<h4><a href=\"https:\/\/www.youtube.com\/watch?v=Jega_q3eJWc\"><img loading=\"lazy\" decoding=\"async\" class=\"aligncenter size-large wp-image-252\" src=\"https:\/\/ultimato.com.br\/sites\/robinsoncavalcanti\/files\/2022\/02\/blog_cavalcanti_video-10-1024x576.jpeg\" alt=\"\" width=\"1024\" height=\"576\" srcset=\"https:\/\/ultimato.com.br\/sites\/robinsoncavalcanti\/files\/2022\/02\/blog_cavalcanti_video-10-1024x576.jpeg 1024w, https:\/\/ultimato.com.br\/sites\/robinsoncavalcanti\/files\/2022\/02\/blog_cavalcanti_video-10-300x169.jpeg 300w, https:\/\/ultimato.com.br\/sites\/robinsoncavalcanti\/files\/2022\/02\/blog_cavalcanti_video-10-768x432.jpeg 768w, https:\/\/ultimato.com.br\/sites\/robinsoncavalcanti\/files\/2022\/02\/blog_cavalcanti_video-10.jpeg 1280w\" sizes=\"auto, (max-width: 1024px) 100vw, 1024px\" \/><\/a><\/h4>\n<h4>Juventude no Cora\u00e7\u00e3o<\/h4>\n<p>H\u00e1 muito tempo ele n\u00e3o era mais jovem, e nem por isso suas palavras faziam menos sentido para n\u00f3s.<\/p>\n<p><img src=\"https:\/\/ultimato.com.br\/sites\/robinsoncavalcanti\/wp-content\/plugins\/lightview-plus\/img\/novideo.png\" width=\"300\" height=\"168\" alt=\"Video not available\" \/><br \/><\/p>\n<p><a href=\"http:\/\/vimeo.com\/22132691\">Robinson Cavalcanti, aos jovens da IBAB<\/a><\/p>\n<p>&nbsp;<\/p>\n<h4>Homenagem da AMTP, SEPAL, ABUB e \u00c0gua Viva Produ\u00e7\u00f5es<\/h4>\n<p>Trechos das falas do bispo Robinson Cavalcanti em diferentes encontros dessas organiza\u00e7\u00f5es. Para baixar o v\u00eddeo completo do 6. Congresso de Brasileiro de Miss\u00f5es, clique\u00a0<a href=\"http:\/\/www.mediafire.com\/?xcgic8vbnve07r1\" target=\"_blank\" rel=\"noopener\">aqui<\/a>.<\/p>\n<p><img src=\"https:\/\/ultimato.com.br\/sites\/robinsoncavalcanti\/wp-content\/plugins\/lightview-plus\/img\/novideo.png\" width=\"300\" height=\"168\" alt=\"Video not available\" \/><br \/><\/p>\n<p>&nbsp;<\/p>\n<h4>Encontro dos Amigos \u2013 Ultimato 40 anos &#8211; Julho de 2008.<\/h4>\n<p>Robinson dialoga com Paul Freston e Alderi Souza de Matos na mesa redonda\u00a0\u201cA participa\u00e7\u00e3o dos evang\u00e9licos no cen\u00e1rio pol\u00edtico brasileiro\u201d.<\/p>\n<p><object id=\"VideoPlayback\" style=\"width: 400px; height: 326px;\" width=\"320\" height=\"240\" classid=\"clsid:d27cdb6e-ae6d-11cf-96b8-444553540000\" codebase=\"http:\/\/download.macromedia.com\/pub\/shockwave\/cabs\/flash\/swflash.cab#version=6,0,40,0\"><param name=\"src\" value=\"http:\/\/video.google.com\/googleplayer.swf?docid=2999538528737055432&amp;hl=pt-BR&amp;fs=true\" \/><param name=\"allowfullscreen\" value=\"true\" \/><param name=\"allowscriptaccess\" value=\"always\" \/><embed id=\"VideoPlayback\" style=\"width: 400px; height: 326px;\" width=\"320\" height=\"240\" type=\"application\/x-shockwave-flash\" src=\"http:\/\/video.google.com\/googleplayer.swf?docid=2999538528737055432&amp;hl=pt-BR&amp;fs=true\" allowfullscreen=\"allowfullscreen\" allowscriptaccess=\"always\" \/><\/object><\/p>\n<p>&nbsp;<\/p>\n","protected":false},"excerpt":{"rendered":"<p>Envie o seu v\u00eddeo e compartilhe com o &#8220;memorial Robinson Cavalcanti&#8221; a sua lembran\u00e7a. &nbsp; Um bate papo sobre Dom Robinson Cavalcanti com Carlos Queiroz e Maur\u00edcio Amazonas A influ\u00eancia do Bispo Robinson Cavalcanti em minha vida e minist\u00e9rio\ufeff\ufeff Dom Robinson Cavalcanti e a Miss\u00e3o Integral 10 Anos Depois: O pensamento Ecum\u00eanico de Robinson Cavalcanti [&hellip;]<\/p>\n","protected":false},"author":24,"featured_media":0,"parent":11,"menu_order":0,"comment_status":"open","ping_status":"closed","template":"","meta":{"ngg_post_thumbnail":0,"footnotes":""},"class_list":["post-28","page","type-page","status-publish","hentry"],"_links":{"self":[{"href":"https:\/\/ultimato.com.br\/sites\/robinsoncavalcanti\/wp-json\/wp\/v2\/pages\/28","targetHints":{"allow":["GET"]}}],"collection":[{"href":"https:\/\/ultimato.com.br\/sites\/robinsoncavalcanti\/wp-json\/wp\/v2\/pages"}],"about":[{"href":"https:\/\/ultimato.com.br\/sites\/robinsoncavalcanti\/wp-json\/wp\/v2\/types\/page"}],"author":[{"embeddable":true,"href":"https:\/\/ultimato.com.br\/sites\/robinsoncavalcanti\/wp-json\/wp\/v2\/users\/24"}],"replies":[{"embeddable":true,"href":"https:\/\/ultimato.com.br\/sites\/robinsoncavalcanti\/wp-json\/wp\/v2\/comments?post=28"}],"version-history":[{"count":23,"href":"https:\/\/ultimato.com.br\/sites\/robinsoncavalcanti\/wp-json\/wp\/v2\/pages\/28\/revisions"}],"predecessor-version":[{"id":259,"href":"https:\/\/ultimato.com.br\/sites\/robinsoncavalcanti\/wp-json\/wp\/v2\/pages\/28\/revisions\/259"}],"up":[{"embeddable":true,"href":"https:\/\/ultimato.com.br\/sites\/robinsoncavalcanti\/wp-json\/wp\/v2\/pages\/11"}],"wp:attachment":[{"href":"https:\/\/ultimato.com.br\/sites\/robinsoncavalcanti\/wp-json\/wp\/v2\/media?parent=28"}],"curies":[{"name":"wp","href":"https:\/\/api.w.org\/{rel}","templated":true}]}}