{"id":14,"date":"2012-02-28T11:03:13","date_gmt":"2012-02-28T14:03:13","guid":{"rendered":"http:\/\/ultimato.com.br\/sites\/robinsoncavalcanti\/?page_id=14"},"modified":"2012-02-29T10:29:15","modified_gmt":"2012-02-29T13:29:15","slug":"sua-mensagem","status":"publish","type":"page","link":"https:\/\/ultimato.com.br\/sites\/robinsoncavalcanti\/sua-mensagem\/","title":{"rendered":"Livro de Visitas"},"content":{"rendered":"<p><span style=\"color: #993300;\">A vida do bispo Robinson Cavalcanti (1944-2012) marcou a muitos. Neste espa\u00e7o, lembramos e celebramos os desafios, risos e l\u00e1grimas que compartilhamos influenciados pela sua presen\u00e7a.<br \/>\n<\/span><\/p>\n","protected":false},"excerpt":{"rendered":"<p>A vida do bispo Robinson Cavalcanti (1944-2012) marcou a muitos. Neste espa\u00e7o, lembramos e celebramos os desafios, risos e l\u00e1grimas que compartilhamos influenciados pela sua presen\u00e7a.<\/p>\n","protected":false},"author":24,"featured_media":0,"parent":0,"menu_order":3,"comment_status":"open","ping_status":"closed","template":"","meta":{"ngg_post_thumbnail":0,"footnotes":""},"class_list":["post-14","page","type-page","status-publish","hentry"],"_links":{"self":[{"href":"https:\/\/ultimato.com.br\/sites\/robinsoncavalcanti\/wp-json\/wp\/v2\/pages\/14","targetHints":{"allow":["GET"]}}],"collection":[{"href":"https:\/\/ultimato.com.br\/sites\/robinsoncavalcanti\/wp-json\/wp\/v2\/pages"}],"about":[{"href":"https:\/\/ultimato.com.br\/sites\/robinsoncavalcanti\/wp-json\/wp\/v2\/types\/page"}],"author":[{"embeddable":true,"href":"https:\/\/ultimato.com.br\/sites\/robinsoncavalcanti\/wp-json\/wp\/v2\/users\/24"}],"replies":[{"embeddable":true,"href":"https:\/\/ultimato.com.br\/sites\/robinsoncavalcanti\/wp-json\/wp\/v2\/comments?post=14"}],"version-history":[{"count":8,"href":"https:\/\/ultimato.com.br\/sites\/robinsoncavalcanti\/wp-json\/wp\/v2\/pages\/14\/revisions"}],"predecessor-version":[{"id":146,"href":"https:\/\/ultimato.com.br\/sites\/robinsoncavalcanti\/wp-json\/wp\/v2\/pages\/14\/revisions\/146"}],"wp:attachment":[{"href":"https:\/\/ultimato.com.br\/sites\/robinsoncavalcanti\/wp-json\/wp\/v2\/media?parent=14"}],"curies":[{"name":"wp","href":"https:\/\/api.w.org\/{rel}","templated":true}]}}