{"id":7,"date":"2018-11-08T08:41:59","date_gmt":"2018-11-08T10:41:59","guid":{"rendered":"http:\/\/ultimato.com.br\/sites\/repensando-a-missao\/?page_id=7"},"modified":"2018-11-08T09:07:11","modified_gmt":"2018-11-08T11:07:11","slug":"o-autor","status":"publish","type":"page","link":"https:\/\/ultimato.com.br\/sites\/repensando-a-missao\/o-autor\/","title":{"rendered":"O Autor"},"content":{"rendered":"<p><img loading=\"lazy\" decoding=\"async\" class=\"alignleft wp-image-19\" src=\"http:\/\/ultimato.com.br\/sites\/repensando-a-missao\/files\/rene-150x150.jpg\" alt=\"\" width=\"165\" height=\"165\" srcset=\"https:\/\/ultimato.com.br\/sites\/repensando-a-missao\/files\/rene-150x150.jpg 150w, https:\/\/ultimato.com.br\/sites\/repensando-a-missao\/files\/rene.jpg 300w\" sizes=\"auto, (max-width: 165px) 100vw, 165px\" \/>Autor de\u00a0<a href=\"http:\/\/www.ultimato.com.br\/loja\/produtos\/o-que-e-missao-integral\">O Que \u00c9 Miss\u00e3o Integral?<\/a>,\u00a0<a href=\"https:\/\/www.ultimato.com.br\/loja\/produtos\/repensando-a-missao-na-igreja-local\">Repensando a Miss\u00e3o na Igreja Local<\/a>\u00a0e o cl\u00e1ssico\u00a0da missiologia contempor\u00e2nea\u00a0<a href=\"http:\/\/www.ultimato.com.br\/loja\/produtos\/missao-integral-3\">Miss\u00e3o Integral &#8211; O Reino de Deus e a Igreja<\/a>,\u00a0<strong>C. Ren\u00e9 Padilla<\/strong>\u00a0\u00e9 um dos te\u00f3logos e pensadores protestantes latino-americanos mais conhecidos em todo o mundo. Nascido no Equador e residente em Buenos Aires, na Argentina, \u00e9 fundador e presidente da Rede Miqueias. \u00c9 bacharel em filosofia, mestre em teologia pelo Wheaton College, EUA, e doutor em Novo Testamento pela Universidade de Manchester, na Inglaterra. \u00c9 membro-fundador da Fraternidade Teol\u00f3gica Latino-Americana e diretor de Ediciones Kairos, editora ligada \u00e0 Funda\u00e7\u00e3o Kair\u00f3s. \u00c9 ex-presidente internacional da Tearfund, e autor e organizador de v\u00e1rios livros publicados em v\u00e1rios idiomas.<\/p>\n","protected":false},"excerpt":{"rendered":"<p>Autor de\u00a0O Que \u00c9 Miss\u00e3o Integral?,\u00a0Repensando a Miss\u00e3o na Igreja Local\u00a0e o cl\u00e1ssico\u00a0da missiologia contempor\u00e2nea\u00a0Miss\u00e3o Integral &#8211; O Reino de Deus e a Igreja,\u00a0C. Ren\u00e9 Padilla\u00a0\u00e9 um dos te\u00f3logos e pensadores protestantes latino-americanos mais conhecidos em todo o mundo. Nascido no Equador e residente em Buenos Aires, na Argentina, \u00e9 fundador e presidente da Rede [&hellip;]<\/p>\n","protected":false},"author":24,"featured_media":0,"parent":0,"menu_order":2,"comment_status":"closed","ping_status":"closed","template":"","meta":{"footnotes":""},"class_list":["post-7","page","type-page","status-publish","hentry"],"_links":{"self":[{"href":"https:\/\/ultimato.com.br\/sites\/repensando-a-missao\/wp-json\/wp\/v2\/pages\/7","targetHints":{"allow":["GET"]}}],"collection":[{"href":"https:\/\/ultimato.com.br\/sites\/repensando-a-missao\/wp-json\/wp\/v2\/pages"}],"about":[{"href":"https:\/\/ultimato.com.br\/sites\/repensando-a-missao\/wp-json\/wp\/v2\/types\/page"}],"author":[{"embeddable":true,"href":"https:\/\/ultimato.com.br\/sites\/repensando-a-missao\/wp-json\/wp\/v2\/users\/24"}],"replies":[{"embeddable":true,"href":"https:\/\/ultimato.com.br\/sites\/repensando-a-missao\/wp-json\/wp\/v2\/comments?post=7"}],"version-history":[{"count":3,"href":"https:\/\/ultimato.com.br\/sites\/repensando-a-missao\/wp-json\/wp\/v2\/pages\/7\/revisions"}],"predecessor-version":[{"id":25,"href":"https:\/\/ultimato.com.br\/sites\/repensando-a-missao\/wp-json\/wp\/v2\/pages\/7\/revisions\/25"}],"wp:attachment":[{"href":"https:\/\/ultimato.com.br\/sites\/repensando-a-missao\/wp-json\/wp\/v2\/media?parent=7"}],"curies":[{"name":"wp","href":"https:\/\/api.w.org\/{rel}","templated":true}]}}