{"id":5,"date":"2018-11-08T08:41:11","date_gmt":"2018-11-08T10:41:11","guid":{"rendered":"http:\/\/ultimato.com.br\/sites\/repensando-a-missao\/?page_id=5"},"modified":"2018-11-08T08:53:14","modified_gmt":"2018-11-08T10:53:14","slug":"o-livro","status":"publish","type":"page","link":"https:\/\/ultimato.com.br\/sites\/repensando-a-missao\/","title":{"rendered":"O Livro"},"content":{"rendered":"<p>O MUNDO MUDOU, AS PERGUNTAS MUDARAM&#8230;<\/p>\n<p>MAS A MISS\u00c3O DA IGREJA PERMANECE A MESMA. O QUE FAZER?<em>\u00a0<\/em><\/p>\n<blockquote><p><span style=\"color: #333333;\"><em>Celebramos a publica\u00e7\u00e3o de Repensando a Miss\u00e3o na Igreja Local, pensado e aperfei\u00e7oado durante anos por Ren\u00e9 Padilla, renomado te\u00f3logo e querido mestre, que continua inspirando uma gera\u00e7\u00e3o ap\u00f3s outra.<\/em><\/span><br \/>\n&nbsp;<br \/>\n<span style=\"color: #333333;\">\u2013 Pablo Alaguibe<\/span><\/p><\/blockquote>\n<p>Exatamente porque os desafios e as perguntas mudaram, porque existem li\u00e7\u00f5es a serem aprendidas e tamb\u00e9m erros a reparar, \u00e9 preciso <strong>REPENSAR a miss\u00e3o da igreja local<\/strong>.<\/p>\n<p>Com um guia de estudo e perguntas ao final de cada cap\u00edtulo, o conhecido te\u00f3logo e pastor Ren\u00e9 Padilla \u00e9 o nosso guia nesse leve e pr\u00e1tico livro sobre o lugar e o papel da igreja local hoje.<\/p>\n","protected":false},"excerpt":{"rendered":"<p>O MUNDO MUDOU, AS PERGUNTAS MUDARAM&#8230; MAS A MISS\u00c3O DA IGREJA PERMANECE A MESMA. O QUE FAZER?\u00a0 Celebramos a publica\u00e7\u00e3o de Repensando a Miss\u00e3o na Igreja Local, pensado e aperfei\u00e7oado durante anos por Ren\u00e9 Padilla, renomado te\u00f3logo e querido mestre, que continua inspirando uma gera\u00e7\u00e3o ap\u00f3s outra. &nbsp; \u2013 Pablo Alaguibe Exatamente porque os desafios [&hellip;]<\/p>\n","protected":false},"author":24,"featured_media":0,"parent":0,"menu_order":1,"comment_status":"closed","ping_status":"closed","template":"","meta":{"footnotes":""},"class_list":["post-5","page","type-page","status-publish","hentry"],"_links":{"self":[{"href":"https:\/\/ultimato.com.br\/sites\/repensando-a-missao\/wp-json\/wp\/v2\/pages\/5","targetHints":{"allow":["GET"]}}],"collection":[{"href":"https:\/\/ultimato.com.br\/sites\/repensando-a-missao\/wp-json\/wp\/v2\/pages"}],"about":[{"href":"https:\/\/ultimato.com.br\/sites\/repensando-a-missao\/wp-json\/wp\/v2\/types\/page"}],"author":[{"embeddable":true,"href":"https:\/\/ultimato.com.br\/sites\/repensando-a-missao\/wp-json\/wp\/v2\/users\/24"}],"replies":[{"embeddable":true,"href":"https:\/\/ultimato.com.br\/sites\/repensando-a-missao\/wp-json\/wp\/v2\/comments?post=5"}],"version-history":[{"count":3,"href":"https:\/\/ultimato.com.br\/sites\/repensando-a-missao\/wp-json\/wp\/v2\/pages\/5\/revisions"}],"predecessor-version":[{"id":18,"href":"https:\/\/ultimato.com.br\/sites\/repensando-a-missao\/wp-json\/wp\/v2\/pages\/5\/revisions\/18"}],"wp:attachment":[{"href":"https:\/\/ultimato.com.br\/sites\/repensando-a-missao\/wp-json\/wp\/v2\/media?parent=5"}],"curies":[{"name":"wp","href":"https:\/\/api.w.org\/{rel}","templated":true}]}}