{"id":34,"date":"2018-11-08T10:17:38","date_gmt":"2018-11-08T12:17:38","guid":{"rendered":"http:\/\/ultimato.com.br\/sites\/repensando-a-missao\/?page_id=34"},"modified":"2018-11-08T10:37:45","modified_gmt":"2018-11-08T12:37:45","slug":"em-frases","status":"publish","type":"page","link":"https:\/\/ultimato.com.br\/sites\/repensando-a-missao\/em-frases\/","title":{"rendered":"Em frases"},"content":{"rendered":"<blockquote><p><span style=\"color: #333333;\">A participa\u00e7\u00e3o na miss\u00e3o nunca \u00e9 algo opcional para o crist\u00e3o. Claro, ele certamente pode se perguntar como e onde Deus quer que ele exer\u00e7a a voca\u00e7\u00e3o.<\/span><\/p><\/blockquote>\n<blockquote><p><span style=\"color: #333333;\">A profissionaliza\u00e7\u00e3o da miss\u00e3o e do pastorado foram um desenvolvimento hist\u00f3rico posterior ao per\u00edodo apost\u00f3lico; e \u00e9, sem d\u00favidas, um dos maiores obst\u00e1culos encarados pela miss\u00e3o crist\u00e3 hoje.<\/span><\/p><\/blockquote>\n<blockquote><p><span style=\"color: #333333;\">O Esp\u00edrito de Deus \u00e9 um esp\u00edrito mission\u00e1rio; a igreja que ele cria, portanto, \u00e9 uma igreja com senso de miss\u00e3o.<\/span><\/p><\/blockquote>\n<blockquote><p><span style=\"color: #333333;\">A prega\u00e7\u00e3o do evangelho e a vida comunit\u00e1ria vivenciada pelos crentes a partir do Pentecostes s\u00e3o meios que o Esp\u00edrito de Deus usa para cumprir uma miss\u00e3o que transcende \u00e0 igreja.<\/span><\/p><\/blockquote>\n<blockquote><p><span style=\"color: #333333;\">Cada igreja implantada em uma realidade sociocultural particular \u00e9 fiel \u00e0 voca\u00e7\u00e3o eclesial e responde n\u00e3o somente a essa realidade, mas tamb\u00e9m \u00e0 da unidade do corpo de Cristo.<\/span><\/p><\/blockquote>\n<blockquote><p><span style=\"color: #333333;\">Se \u00e9 verdade que a unidade \u00e9 requisito inevit\u00e1vel para a miss\u00e3o, tamb\u00e9m \u00e9 verdade que a miss\u00e3o se materializa e se confirma na unidade.<\/span><\/p><\/blockquote>\n<h2><span style=\"color: #000000;\"><strong>O que disseram<\/strong><\/span><\/h2>\n<blockquote><p><span style=\"color: #333333;\">Porque crescem a fome e a sede de compaix\u00e3o, consolo, amor e companhia. Porque cada gera\u00e7\u00e3o de crist\u00e3os tem o dever de trazer para os dias atuais seu modo de ser fiel ao chamado de Jesus. Porque existe um povo valioso, amado e desejoso de obedecer a Deus e capaz de curar feridas e de aben\u00e7oar o mundo de muitas e renovadas maneiras.<\/span><br \/>\n<span style=\"color: #333333;\">Por tudo isso celebramos a publica\u00e7\u00e3o destes textos, pensados e aperfei\u00e7oados durante anos por Ren\u00e9 Padilla, renomado te\u00f3logo e querido mestre, que continua inspirando uma gera\u00e7\u00e3o ap\u00f3s outra.<\/span><br \/>\n<span style=\"color: #333333;\">\u00a0<\/span><br \/>\n<span style=\"color: #333333;\">\u2013 Pablo Alaguibe<\/span><\/p><\/blockquote>\n","protected":false},"excerpt":{"rendered":"<p>A participa\u00e7\u00e3o na miss\u00e3o nunca \u00e9 algo opcional para o crist\u00e3o. Claro, ele certamente pode se perguntar como e onde Deus quer que ele exer\u00e7a a voca\u00e7\u00e3o. A profissionaliza\u00e7\u00e3o da miss\u00e3o e do pastorado foram um desenvolvimento hist\u00f3rico posterior ao per\u00edodo apost\u00f3lico; e \u00e9, sem d\u00favidas, um dos maiores obst\u00e1culos encarados pela miss\u00e3o crist\u00e3 hoje. [&hellip;]<\/p>\n","protected":false},"author":24,"featured_media":0,"parent":0,"menu_order":4,"comment_status":"closed","ping_status":"closed","template":"","meta":{"footnotes":""},"class_list":["post-34","page","type-page","status-publish","hentry"],"_links":{"self":[{"href":"https:\/\/ultimato.com.br\/sites\/repensando-a-missao\/wp-json\/wp\/v2\/pages\/34","targetHints":{"allow":["GET"]}}],"collection":[{"href":"https:\/\/ultimato.com.br\/sites\/repensando-a-missao\/wp-json\/wp\/v2\/pages"}],"about":[{"href":"https:\/\/ultimato.com.br\/sites\/repensando-a-missao\/wp-json\/wp\/v2\/types\/page"}],"author":[{"embeddable":true,"href":"https:\/\/ultimato.com.br\/sites\/repensando-a-missao\/wp-json\/wp\/v2\/users\/24"}],"replies":[{"embeddable":true,"href":"https:\/\/ultimato.com.br\/sites\/repensando-a-missao\/wp-json\/wp\/v2\/comments?post=34"}],"version-history":[{"count":6,"href":"https:\/\/ultimato.com.br\/sites\/repensando-a-missao\/wp-json\/wp\/v2\/pages\/34\/revisions"}],"predecessor-version":[{"id":45,"href":"https:\/\/ultimato.com.br\/sites\/repensando-a-missao\/wp-json\/wp\/v2\/pages\/34\/revisions\/45"}],"wp:attachment":[{"href":"https:\/\/ultimato.com.br\/sites\/repensando-a-missao\/wp-json\/wp\/v2\/media?parent=34"}],"curies":[{"name":"wp","href":"https:\/\/api.w.org\/{rel}","templated":true}]}}