{"id":45,"date":"2015-11-05T11:59:47","date_gmt":"2015-11-05T11:59:47","guid":{"rendered":"http:\/\/ultimato.com.br\/sites\/religiao-mais-negra-brasil\/?page_id=45"},"modified":"2015-11-05T11:59:47","modified_gmt":"2015-11-05T11:59:47","slug":"release","status":"publish","type":"page","link":"https:\/\/ultimato.com.br\/sites\/religiao-mais-negra-brasil\/extras\/release\/","title":{"rendered":"Release"},"content":{"rendered":"<p>Aqui est\u00e1 o\u00a0<em>press-release<\/em>\u00a0do livro <strong>A Religi\u00e3o Mais Negra do Brasil<\/strong>\u00a0para voc\u00ea divulgar no seu site, blog, jornal ou outro meio de comunica\u00e7\u00e3o do seu acesso. Ajude-nos a espalhar este conte\u00fado<\/p>\n<p>\u2013 Arquivo em\u00a0<a href=\"http:\/\/ultimato.com.br\/sites\/religiao-mais-negra-brasil\/files\/2015\/11\/11-Release_Religiao_Mais_Negra_Nov_2015.pdf\" target=\"_blank\">PDF<\/a>.<\/p>\n","protected":false},"excerpt":{"rendered":"<p>Aqui est\u00e1 o\u00a0press-release\u00a0do livro A Religi\u00e3o Mais Negra do Brasil\u00a0para voc\u00ea divulgar no seu site, blog, jornal ou outro meio de comunica\u00e7\u00e3o do seu acesso. Ajude-nos a espalhar este conte\u00fado \u2013 Arquivo em\u00a0PDF.<\/p>\n","protected":false},"author":24,"featured_media":0,"parent":16,"menu_order":4,"comment_status":"closed","ping_status":"closed","template":"","meta":{"footnotes":""},"class_list":["post-45","page","type-page","status-publish","hentry"],"_links":{"self":[{"href":"https:\/\/ultimato.com.br\/sites\/religiao-mais-negra-brasil\/wp-json\/wp\/v2\/pages\/45","targetHints":{"allow":["GET"]}}],"collection":[{"href":"https:\/\/ultimato.com.br\/sites\/religiao-mais-negra-brasil\/wp-json\/wp\/v2\/pages"}],"about":[{"href":"https:\/\/ultimato.com.br\/sites\/religiao-mais-negra-brasil\/wp-json\/wp\/v2\/types\/page"}],"author":[{"embeddable":true,"href":"https:\/\/ultimato.com.br\/sites\/religiao-mais-negra-brasil\/wp-json\/wp\/v2\/users\/24"}],"replies":[{"embeddable":true,"href":"https:\/\/ultimato.com.br\/sites\/religiao-mais-negra-brasil\/wp-json\/wp\/v2\/comments?post=45"}],"version-history":[{"count":1,"href":"https:\/\/ultimato.com.br\/sites\/religiao-mais-negra-brasil\/wp-json\/wp\/v2\/pages\/45\/revisions"}],"predecessor-version":[{"id":47,"href":"https:\/\/ultimato.com.br\/sites\/religiao-mais-negra-brasil\/wp-json\/wp\/v2\/pages\/45\/revisions\/47"}],"up":[{"embeddable":true,"href":"https:\/\/ultimato.com.br\/sites\/religiao-mais-negra-brasil\/wp-json\/wp\/v2\/pages\/16"}],"wp:attachment":[{"href":"https:\/\/ultimato.com.br\/sites\/religiao-mais-negra-brasil\/wp-json\/wp\/v2\/media?parent=45"}],"curies":[{"name":"wp","href":"https:\/\/api.w.org\/{rel}","templated":true}]}}