{"id":15,"date":"2015-11-04T03:09:53","date_gmt":"2015-11-04T03:09:53","guid":{"rendered":"http:\/\/ultimato.com.br\/sites\/religiao-mais-negra-brasil\/?page_id=15"},"modified":"2015-11-05T11:51:57","modified_gmt":"2015-11-05T11:51:57","slug":"o-autor","status":"publish","type":"page","link":"https:\/\/ultimato.com.br\/sites\/religiao-mais-negra-brasil\/o-autor\/","title":{"rendered":"O Autor"},"content":{"rendered":"<p><a href=\"http:\/\/ultimato.com.br\/sites\/religiao-mais-negra-brasil\/files\/2015\/11\/foto_autor_armndb.jpg\"><img loading=\"lazy\" decoding=\"async\" class=\"alignleft size-thumbnail wp-image-5\" src=\"http:\/\/ultimato.com.br\/sites\/religiao-mais-negra-brasil\/files\/2015\/11\/foto_autor_armndb-150x150.jpg\" alt=\"foto_autor_armndb\" width=\"150\" height=\"150\" \/><\/a>Marco Davi de Oliveira \u00e9 natural de Teres\u00f3polis, RJ. \u00c9 casado com Nilza Val\u00e9ria e pai de Marco Davi Filho e Leth\u00edcia Mari\u00e1h. \u00c9 pastor batista na cidade de S\u00e3o Paulo, bacharel em teologia pelo Semin\u00e1rio Teol\u00f3gico Batista do Sul do Brasil, licenciado em hist\u00f3ria e mestre em ci\u00eancias da religi\u00e3o pela Universidade Metodista de S\u00e3o Paulo. Milita no Movimento Negro como um dos coordenadores do Movimento Negro Evang\u00e9lico (MNE) e participou da Tearfund no programa Indiv\u00edduos Inspirados. \u00c9 articulista das revistas <em>Novos Di\u00e1logos<\/em> e <em>Afropress,<\/em> al\u00e9m de palestrante e pesquisador da tem\u00e1tica racial.<\/p>\n","protected":false},"excerpt":{"rendered":"<p>Marco Davi de Oliveira \u00e9 natural de Teres\u00f3polis, RJ. \u00c9 casado com Nilza Val\u00e9ria e pai de Marco Davi Filho e Leth\u00edcia Mari\u00e1h. \u00c9 pastor batista na cidade de S\u00e3o Paulo, bacharel em teologia pelo Semin\u00e1rio Teol\u00f3gico Batista do Sul do Brasil, licenciado em hist\u00f3ria e mestre em ci\u00eancias da religi\u00e3o pela Universidade Metodista de [&hellip;]<\/p>\n","protected":false},"author":24,"featured_media":0,"parent":0,"menu_order":1,"comment_status":"closed","ping_status":"closed","template":"","meta":{"footnotes":""},"class_list":["post-15","page","type-page","status-publish","hentry"],"_links":{"self":[{"href":"https:\/\/ultimato.com.br\/sites\/religiao-mais-negra-brasil\/wp-json\/wp\/v2\/pages\/15","targetHints":{"allow":["GET"]}}],"collection":[{"href":"https:\/\/ultimato.com.br\/sites\/religiao-mais-negra-brasil\/wp-json\/wp\/v2\/pages"}],"about":[{"href":"https:\/\/ultimato.com.br\/sites\/religiao-mais-negra-brasil\/wp-json\/wp\/v2\/types\/page"}],"author":[{"embeddable":true,"href":"https:\/\/ultimato.com.br\/sites\/religiao-mais-negra-brasil\/wp-json\/wp\/v2\/users\/24"}],"replies":[{"embeddable":true,"href":"https:\/\/ultimato.com.br\/sites\/religiao-mais-negra-brasil\/wp-json\/wp\/v2\/comments?post=15"}],"version-history":[{"count":2,"href":"https:\/\/ultimato.com.br\/sites\/religiao-mais-negra-brasil\/wp-json\/wp\/v2\/pages\/15\/revisions"}],"predecessor-version":[{"id":39,"href":"https:\/\/ultimato.com.br\/sites\/religiao-mais-negra-brasil\/wp-json\/wp\/v2\/pages\/15\/revisions\/39"}],"wp:attachment":[{"href":"https:\/\/ultimato.com.br\/sites\/religiao-mais-negra-brasil\/wp-json\/wp\/v2\/media?parent=15"}],"curies":[{"name":"wp","href":"https:\/\/api.w.org\/{rel}","templated":true}]}}