{"id":13,"date":"2015-11-04T03:09:39","date_gmt":"2015-11-04T03:09:39","guid":{"rendered":"http:\/\/ultimato.com.br\/sites\/religiao-mais-negra-brasil\/?page_id=13"},"modified":"2015-11-05T11:51:42","modified_gmt":"2015-11-05T11:51:42","slug":"o-livro","status":"publish","type":"page","link":"https:\/\/ultimato.com.br\/sites\/religiao-mais-negra-brasil\/","title":{"rendered":"O Livro"},"content":{"rendered":"<p>POR QUE OS NEGROS FAZEM OP\u00c7\u00c3O PELO PENTECOSTALISMO?<\/p>\n<p>&nbsp;<\/p>\n<p>Falar de racismo, preconceito, pol\u00edticas de a\u00e7\u00f5es afirmativas \u00e9 algo raro nas igrejas evang\u00e9licas. A edi\u00e7\u00e3o atualizada de <strong>A Religi\u00e3o Mais Negra do Brasil<\/strong> mostra por que a igreja pentecostal se tornou uma esp\u00e9cie de op\u00e7\u00e3o para os negros brasileiros. E tamb\u00e9m responde a outras perguntas inquietantes:<\/p>\n<p>&#8211; Como \u00e9 tratada a cultura negra no segmento evang\u00e9lico?<\/p>\n<p>&#8211; Por que ainda se demoniza a heran\u00e7a africana?<\/p>\n<p>&#8211; Qual \u00e9 o futuro da rela\u00e7\u00e3o do negro com a igreja evang\u00e9lica brasileira?<\/p>\n<p>Ao contr\u00e1rio do que parece ocupar o imagin\u00e1rio popular \u2013 especialmente dos evang\u00e9licos \u2013, a religi\u00e3o com o maior n\u00famero de negros n\u00e3o s\u00e3o as religi\u00f5es de origem africana, mas os pentecostais.<\/p>\n<blockquote><p><strong>A Religi\u00e3o Mais Negra do Brasil<\/strong> est\u00e1 na \u201cordem do dia\u201d. A sua leitura \u00e9 um bom ponto de partida para maior sensibiliza\u00e7\u00e3o humana e pol\u00edtica, para vencermos diversas formas de preconceito e discrimina\u00e7\u00e3o no Brasil.<\/p><\/blockquote>\n<p><em>&#8211; Claudio de Oliveira Ribeiro, professor de teologia e ci\u00eancias da religi\u00e3o da Universidade Metodista de S\u00e3o Paulo.<\/em><\/p>\n<p><iframe loading=\"lazy\" src=\"https:\/\/www.youtube.com\/embed\/RbLvcF7sfNs\" width=\"650\" height=\"488\" frameborder=\"0\" allowfullscreen=\"allowfullscreen\"><\/iframe><\/p>\n","protected":false},"excerpt":{"rendered":"<p>POR QUE OS NEGROS FAZEM OP\u00c7\u00c3O PELO PENTECOSTALISMO? &nbsp; Falar de racismo, preconceito, pol\u00edticas de a\u00e7\u00f5es afirmativas \u00e9 algo raro nas igrejas evang\u00e9licas. A edi\u00e7\u00e3o atualizada de A Religi\u00e3o Mais Negra do Brasil mostra por que a igreja pentecostal se tornou uma esp\u00e9cie de op\u00e7\u00e3o para os negros brasileiros. E tamb\u00e9m responde a outras perguntas [&hellip;]<\/p>\n","protected":false},"author":24,"featured_media":0,"parent":0,"menu_order":0,"comment_status":"closed","ping_status":"closed","template":"","meta":{"footnotes":""},"class_list":["post-13","page","type-page","status-publish","hentry"],"_links":{"self":[{"href":"https:\/\/ultimato.com.br\/sites\/religiao-mais-negra-brasil\/wp-json\/wp\/v2\/pages\/13","targetHints":{"allow":["GET"]}}],"collection":[{"href":"https:\/\/ultimato.com.br\/sites\/religiao-mais-negra-brasil\/wp-json\/wp\/v2\/pages"}],"about":[{"href":"https:\/\/ultimato.com.br\/sites\/religiao-mais-negra-brasil\/wp-json\/wp\/v2\/types\/page"}],"author":[{"embeddable":true,"href":"https:\/\/ultimato.com.br\/sites\/religiao-mais-negra-brasil\/wp-json\/wp\/v2\/users\/24"}],"replies":[{"embeddable":true,"href":"https:\/\/ultimato.com.br\/sites\/religiao-mais-negra-brasil\/wp-json\/wp\/v2\/comments?post=13"}],"version-history":[{"count":3,"href":"https:\/\/ultimato.com.br\/sites\/religiao-mais-negra-brasil\/wp-json\/wp\/v2\/pages\/13\/revisions"}],"predecessor-version":[{"id":38,"href":"https:\/\/ultimato.com.br\/sites\/religiao-mais-negra-brasil\/wp-json\/wp\/v2\/pages\/13\/revisions\/38"}],"wp:attachment":[{"href":"https:\/\/ultimato.com.br\/sites\/religiao-mais-negra-brasil\/wp-json\/wp\/v2\/media?parent=13"}],"curies":[{"name":"wp","href":"https:\/\/api.w.org\/{rel}","templated":true}]}}