{"id":9,"date":"2014-09-15T04:28:10","date_gmt":"2014-09-15T07:28:10","guid":{"rendered":"http:\/\/ultimato.com.br\/sites\/reformadores\/?page_id=9"},"modified":"2021-10-21T09:56:51","modified_gmt":"2021-10-21T12:56:51","slug":"livros","status":"publish","type":"page","link":"https:\/\/ultimato.com.br\/sites\/reformadores\/livros\/","title":{"rendered":"Livros"},"content":{"rendered":"<h4 style=\"text-align: left;\">Confira os livros publicados pela Editora Ultimato sobre a Reforma:<\/h4>\n<p>&nbsp;<\/p>\n<table style=\"height: 1056px;\" border=\"0\" width=\"600\" cellspacing=\"0\" cellpadding=\"0\" align=\"center\">\n<tbody>\n<tr style=\"height: 339px;\">\n<td style=\"font-size: 14px; background-color: #ffffff; width: 160px; height: 339px;\" scope=\"col\" align=\"center\">\n<div id=\"attachment_84\" style=\"width: 170px\" class=\"wp-caption alignnone\"><a href=\"http:\/\/www.ultimato.com.br\/loja\/produtos\/a-reforma\"><img loading=\"lazy\" decoding=\"async\" aria-describedby=\"caption-attachment-84\" class=\"wp-image-83\" src=\"http:\/\/ultimato.com.br\/sites\/reformadores\/files\/ar.jpg\" alt=\"\" width=\"160\" height=\"230\" \/><\/a><p id=\"caption-attachment-84\" class=\"wp-caption-text\"><a href=\"http:\/\/www.ultimato.com.br\/loja\/produtos\/a-reforma\" target=\"_blank\" rel=\"noopener\">A Reforma &#8211; John Stott &amp; Michael Reeves<\/a><\/p><\/div>\n<p>&nbsp;<\/td>\n<td style=\"font-size: 14px; background-color: #ffffff; width: 160px; height: 339px;\" scope=\"col\" align=\"center\">\n<div id=\"attachment_84\" style=\"width: 170px\" class=\"wp-caption alignnone\"><a href=\"http:\/\/www.ultimato.com.br\/loja\/produtos\/somente-a-fe\"><img loading=\"lazy\" decoding=\"async\" aria-describedby=\"caption-attachment-84\" class=\"wp-image-83\" src=\"http:\/\/ultimato.com.br\/sites\/reformadores\/files\/sf.jpg\" alt=\"\" width=\"160\" height=\"230\" \/><\/a><p id=\"caption-attachment-84\" class=\"wp-caption-text\"><a href=\"http:\/\/www.ultimato.com.br\/loja\/produtos\/a-reforma\" target=\"_blank\" rel=\"noopener\">Somente a F\u00e9 &#8211; Martinho Lutero<\/a><\/p><\/div>\n<p>&nbsp;<\/td>\n<td style=\"font-size: 14px; background-color: #ffffff; width: 160px; height: 339px;\" scope=\"col\" align=\"center\">\n<div id=\"attachment_84\" style=\"width: 170px\" class=\"wp-caption alignnone\"><a href=\"http:\/\/www.ultimato.com.br\/loja\/produtos\/sou-eu-calvino\"><img loading=\"lazy\" decoding=\"async\" aria-describedby=\"caption-attachment-84\" class=\"wp-image-83\" src=\"http:\/\/ultimato.com.br\/sites\/reformadores\/files\/sc.jpg\" alt=\"\" width=\"160\" height=\"240\" \/><\/a><p id=\"caption-attachment-84\" class=\"wp-caption-text\"><a href=\"http:\/\/www.ultimato.com.br\/loja\/produtos\/sou-eu-calvino\" target=\"_blank\" rel=\"noopener\">Sou eu, Calvino &#8211; Elben C\u00e9sar<\/a><\/p><\/div>\n<p>&nbsp;<\/td>\n<td style=\"font-size: 14px; background-color: #ffffff; width: 160px; height: 339px;\" scope=\"col\" align=\"center\">\n<div id=\"attachment_84\" style=\"width: 170px\" class=\"wp-caption alignnone\"><a href=\"http:\/\/www.ultimato.com.br\/loja\/produtos\/conversas-com-lutero\"><img loading=\"lazy\" decoding=\"async\" aria-describedby=\"caption-attachment-84\" class=\"wp-image-83\" src=\"http:\/\/ultimato.com.br\/sites\/reformadores\/files\/cl.jpg\" alt=\"\" width=\"160\" height=\"240\" \/><\/a><p id=\"caption-attachment-84\" class=\"wp-caption-text\"><a href=\"http:\/\/www.ultimato.com.br\/loja\/produtos\/conversas-com-lutero\" target=\"_blank\" rel=\"noopener\">Conversas com Lutero &#8211; Elben C\u00e9sar<\/a><\/p><\/div>\n<p>&nbsp;<\/td>\n<\/tr>\n<tr style=\"height: 360px;\">\n<td style=\"font-size: 14px; background-color: #ffffff; width: 160px; height: 360px;\" scope=\"col\" align=\"center\">\n<div id=\"attachment_84\" style=\"width: 170px\" class=\"wp-caption alignnone\"><a href=\"http:\/\/www.ultimato.com.br\/loja\/produtos\/mochila-nas-costas-e-diario-na-mao\"><img loading=\"lazy\" decoding=\"async\" aria-describedby=\"caption-attachment-84\" class=\"wp-image-83\" src=\"http:\/\/ultimato.com.br\/sites\/reformadores\/files\/mnc.jpg\" alt=\"\" width=\"160\" height=\"240\" \/><\/a><p id=\"caption-attachment-84\" class=\"wp-caption-text\"><a href=\"http:\/\/www.ultimato.com.br\/loja\/produtos\/mochila-nas-costas-e-diario-na-mao\" target=\"_blank\" rel=\"noopener\">Mochila nas Costas e Di\u00e1rio na M\u00e3o &#8211; Elben C\u00e9sar<\/a><\/p><\/div>\n<p>&nbsp;<\/td>\n<td style=\"font-size: 14px; background-color: #ffffff; width: 160px; height: 360px;\" scope=\"col\" align=\"center\">\n<div id=\"attachment_84\" style=\"width: 170px\" class=\"wp-caption alignnone\"><a href=\"http:\/\/www.ultimato.com.br\/loja\/produtos\/lendo-as-escrituras-com-os-pais-da-igreja-2-edicao\"><img loading=\"lazy\" decoding=\"async\" aria-describedby=\"caption-attachment-84\" class=\"wp-image-83\" src=\"http:\/\/ultimato.com.br\/sites\/reformadores\/files\/lecpi.jpg\" alt=\"\" width=\"160\" height=\"240\" \/><\/a><p id=\"caption-attachment-84\" class=\"wp-caption-text\"><a href=\"http:\/\/www.ultimato.com.br\/loja\/produtos\/lendo-as-escrituras-com-os-pais-da-igreja-2-edicao\" target=\"_blank\" rel=\"noopener\">Lendo as Escrituras com os Pais da Igreja &#8211; Christopher A. Hall<\/a><\/p><\/div>\n<p>&nbsp;<\/td>\n<td style=\"font-size: 14px; background-color: #ffffff; width: 160px; height: 360px;\" scope=\"col\" align=\"center\">\n<div id=\"attachment_84\" style=\"width: 170px\" class=\"wp-caption alignnone\"><a href=\"http:\/\/www.ultimato.com.br\/loja\/produtos\/a-caminhada-crista-na-historia\"><img loading=\"lazy\" decoding=\"async\" aria-describedby=\"caption-attachment-84\" class=\"wp-image-83\" src=\"http:\/\/ultimato.com.br\/sites\/reformadores\/files\/acch.jpg\" alt=\"\" width=\"160\" height=\"240\" \/><\/a><p id=\"caption-attachment-84\" class=\"wp-caption-text\"><a href=\"http:\/\/www.ultimato.com.br\/loja\/produtos\/a-caminhada-crista-na-historia\" target=\"_blank\" rel=\"noopener\">A Caminhada Crist\u00e3 na Hist\u00f3ria\u00a0 &#8211; Alderi Souza de Matos<\/a><\/p><\/div>\n<p>&nbsp;<\/td>\n<td style=\"font-size: 14px; background-color: #ffffff; width: 160px; height: 360px;\" scope=\"col\" align=\"center\">\n<div id=\"attachment_84\" style=\"width: 170px\" class=\"wp-caption alignnone\"><a href=\"http:\/\/www.ultimato.com.br\/loja\/produtos\/historia-da-evangelizacao-do-brasil\"><img loading=\"lazy\" decoding=\"async\" aria-describedby=\"caption-attachment-84\" class=\"wp-image-83\" src=\"http:\/\/ultimato.com.br\/sites\/reformadores\/files\/heb.jpg\" alt=\"\" width=\"160\" height=\"240\" \/><\/a><p id=\"caption-attachment-84\" class=\"wp-caption-text\"><a href=\"http:\/\/www.ultimato.com.br\/loja\/produtos\/historia-da-evangelizacao-do-brasil\" target=\"_blank\" rel=\"noopener\">Hist\u00f3ria da Evangeliza\u00e7\u00e3o do Brasil &#8211; Elben C\u00e9sar<\/a><\/p><\/div>\n<p>&nbsp;<\/td>\n<\/tr>\n<tr style=\"height: 357px;\">\n<td style=\"font-size: 14px; background-color: #ffffff; width: 160px; height: 357px;\" scope=\"col\" align=\"center\">\n<div id=\"attachment_83\" style=\"width: 170px\" class=\"wp-caption alignnone\"><a href=\"https:\/\/www.ultimato.com.br\/loja\/produtos\/agostinho-para-todos\"><img loading=\"lazy\" decoding=\"async\" aria-describedby=\"caption-attachment-83\" class=\"wp-image-83\" src=\"https:\/\/ultimato.com.br\/sites\/reformadores\/files\/2021\/10\/agostinho.jpg\" alt=\"\" width=\"160\" height=\"240\" \/><\/a><p id=\"caption-attachment-83\" class=\"wp-caption-text\"><a href=\"https:\/\/www.ultimato.com.br\/loja\/produtos\/agostinho-para-todos\">Agostinho para Todos &#8211; Stephen A. Cooper e Ron Hill<\/a><\/p><\/div>\n<p>&nbsp;<\/td>\n<td style=\"font-size: 14px; background-color: #ffffff; width: 160px; height: 357px;\" scope=\"col\" align=\"center\">\n<div id=\"attachment_83\" style=\"width: 170px\" class=\"wp-caption alignnone\"><a href=\"https:\/\/www.ultimato.com.br\/loja\/produtos\/jonathan-edwards-para-todos\"><img loading=\"lazy\" decoding=\"async\" aria-describedby=\"caption-attachment-83\" class=\"wp-image-83\" src=\"https:\/\/ultimato.com.br\/sites\/reformadores\/files\/2021\/10\/jonathan.jpg\" alt=\"\" width=\"160\" height=\"240\" \/><\/a><p id=\"caption-attachment-83\" class=\"wp-caption-text\"><a href=\"https:\/\/www.ultimato.com.br\/loja\/produtos\/jonathan-edwards-para-todos\" target=\"_blank\" rel=\"noopener\">Jonathan Edwards Para Todos &#8211; James P. Byrd<\/a><\/p><\/div>\n<p>&nbsp;<\/td>\n<td style=\"font-size: 14px; background-color: #ffffff; width: 160px; height: 357px;\" scope=\"col\" align=\"center\">\n<div id=\"attachment_83\" style=\"width: 170px\" class=\"wp-caption alignnone\"><a href=\"https:\/\/www.ultimato.com.br\/loja\/produtos\/indigenas-do-brasil\"><img loading=\"lazy\" decoding=\"async\" aria-describedby=\"caption-attachment-83\" class=\"wp-image-83\" src=\"https:\/\/ultimato.com.br\/sites\/reformadores\/files\/2021\/10\/indigenas.jpg\" alt=\"\" width=\"160\" height=\"240\" \/><\/a><p id=\"caption-attachment-83\" class=\"wp-caption-text\"><a href=\"https:\/\/www.ultimato.com.br\/loja\/produtos\/indigenas-do-brasil\" target=\"_blank\" rel=\"noopener\">Ind\u00edgenas do Brasil &#8211; Ronaldo Almeida Lid\u00f3rio, org.<\/a><\/p><\/div>\n<p>&nbsp;<\/td>\n<td style=\"font-size: 14px; background-color: #ffffff; width: 160px; height: 357px;\" scope=\"col\" align=\"center\">\n<div id=\"attachment_83\" style=\"width: 170px\" class=\"wp-caption alignnone\"><a href=\"https:\/\/www.ultimato.com.br\/loja\/produtos\/vozes-femininas-nos-avivamentos\"><img loading=\"lazy\" decoding=\"async\" aria-describedby=\"caption-attachment-83\" class=\"wp-image-83\" src=\"https:\/\/ultimato.com.br\/sites\/reformadores\/files\/2021\/10\/vozes_avivamentos-1.jpg\" alt=\"\" width=\"160\" height=\"240\" \/><\/a><p id=\"caption-attachment-83\" class=\"wp-caption-text\"><a href=\"https:\/\/www.ultimato.com.br\/loja\/produtos\/vozes-femininas-nos-avivamentos\" target=\"_blank\" rel=\"noopener\">Vozes Femininas nos Avivamentos &#8211; Rute Salviano Almeida<\/a><\/p><\/div>\n<p>&nbsp;<\/td>\n<\/tr>\n<tr style=\"height: 357px;\">\n<td style=\"font-size: 14px; background-color: #ffffff; width: 160px; height: 357px;\" scope=\"col\" align=\"center\">\n<div id=\"attachment_83\" style=\"width: 170px\" class=\"wp-caption alignnone\"><a href=\"https:\/\/www.ultimato.com.br\/loja\/produtos\/vozes-femininas-no-inicio-do-cristianismo\"><img loading=\"lazy\" decoding=\"async\" aria-describedby=\"caption-attachment-83\" class=\"wp-image-83\" src=\"https:\/\/ultimato.com.br\/sites\/reformadores\/files\/2021\/10\/vozes_cristianismo-1.jpg\" alt=\"\" width=\"160\" height=\"240\" \/><\/a><p id=\"caption-attachment-83\" class=\"wp-caption-text\"><a href=\"https:\/\/www.ultimato.com.br\/loja\/produtos\/vozes-femininas-no-inicio-do-cristianismo\">Vozes Femininas no In\u00edcio do Cristianismo &#8211; Rute Salviano Almeida<\/a><\/p><\/div>\n<p>&nbsp;<\/td>\n<td style=\"font-size: 14px; background-color: #ffffff; width: 160px; height: 357px;\" scope=\"col\" align=\"center\">\n<div id=\"attachment_83\" style=\"width: 170px\" class=\"wp-caption alignnone\"><a href=\"https:\/\/www.ultimato.com.br\/loja\/produtos\/25-livros-que-todo-cristao-deveria-ler\"><img loading=\"lazy\" decoding=\"async\" aria-describedby=\"caption-attachment-83\" class=\"wp-image-83\" src=\"https:\/\/ultimato.com.br\/sites\/reformadores\/files\/2021\/10\/livros.jpg\" alt=\"\" width=\"160\" height=\"240\" \/><\/a><p id=\"caption-attachment-83\" class=\"wp-caption-text\"><a href=\"https:\/\/www.ultimato.com.br\/loja\/produtos\/25-livros-que-todo-cristao-deveria-ler\" target=\"_blank\" rel=\"noopener\">25 Livros Que Todo Crist\u00e3o Deveria Ler &#8211; Richard Foster e Dallas Willard<\/a><\/p><\/div>\n<p>&nbsp;<\/td>\n<\/tr>\n<\/tbody>\n<\/table>\n<p>&nbsp;<\/p>\n","protected":false},"excerpt":{"rendered":"<p>Confira os livros publicados pela Editora Ultimato sobre a Reforma: &nbsp; &nbsp; &nbsp; &nbsp; &nbsp; &nbsp; &nbsp; &nbsp; &nbsp; &nbsp; &nbsp; &nbsp; &nbsp; &nbsp; &nbsp; &nbsp;<\/p>\n","protected":false},"author":24,"featured_media":0,"parent":0,"menu_order":2,"comment_status":"closed","ping_status":"closed","template":"","meta":{"ngg_post_thumbnail":0,"footnotes":""},"class_list":["post-9","page","type-page","status-publish","hentry"],"_links":{"self":[{"href":"https:\/\/ultimato.com.br\/sites\/reformadores\/wp-json\/wp\/v2\/pages\/9","targetHints":{"allow":["GET"]}}],"collection":[{"href":"https:\/\/ultimato.com.br\/sites\/reformadores\/wp-json\/wp\/v2\/pages"}],"about":[{"href":"https:\/\/ultimato.com.br\/sites\/reformadores\/wp-json\/wp\/v2\/types\/page"}],"author":[{"embeddable":true,"href":"https:\/\/ultimato.com.br\/sites\/reformadores\/wp-json\/wp\/v2\/users\/24"}],"replies":[{"embeddable":true,"href":"https:\/\/ultimato.com.br\/sites\/reformadores\/wp-json\/wp\/v2\/comments?post=9"}],"version-history":[{"count":19,"href":"https:\/\/ultimato.com.br\/sites\/reformadores\/wp-json\/wp\/v2\/pages\/9\/revisions"}],"predecessor-version":[{"id":234,"href":"https:\/\/ultimato.com.br\/sites\/reformadores\/wp-json\/wp\/v2\/pages\/9\/revisions\/234"}],"wp:attachment":[{"href":"https:\/\/ultimato.com.br\/sites\/reformadores\/wp-json\/wp\/v2\/media?parent=9"}],"curies":[{"name":"wp","href":"https:\/\/api.w.org\/{rel}","templated":true}]}}