{"id":64,"date":"2014-09-23T12:24:43","date_gmt":"2014-09-23T15:24:43","guid":{"rendered":"http:\/\/ultimato.com.br\/sites\/reformadores\/?page_id=64"},"modified":"2021-10-25T11:20:53","modified_gmt":"2021-10-25T14:20:53","slug":"a-campanha","status":"publish","type":"page","link":"https:\/\/ultimato.com.br\/sites\/reformadores\/","title":{"rendered":""},"content":{"rendered":"<h2><strong>O que voc\u00ea precisa saber sobre a Reforma Protestante<\/strong><\/h2>\n<p>&nbsp;<\/p>\n<p><span style=\"color: #808000;\">UMA SELE\u00c7\u00c3O PRECIOSA DE\u00a0 <strong><a style=\"color: #808000;\" href=\"http:\/\/ultimato.com.br\/sites\/reformadores\/livros\/\">LIVROS<\/a>, <a style=\"color: #808000;\" href=\"http:\/\/ultimato.com.br\/sites\/reformadores\/artigos\/\">ARTIGOS<\/a>, <a style=\"color: #808000;\" href=\"http:\/\/ultimato.com.br\/sites\/reformadores\/estudos-biblicos\/\">ESTUDOS B\u00cdBLICOS<\/a><\/strong>\u00a0e <a style=\"color: #808000;\" href=\"http:\/\/ultimato.com.br\/sites\/reformadores\/multimidia\/videos\/\"><strong>OUTROS RECURSOS<\/strong><\/a>\u00a0 SOBRE A REFORMA.<\/span><\/p>\n<h4><\/h4>\n<h3><strong>Uma revolu\u00e7\u00e3o da gra\u00e7a<\/strong><\/h3>\n<p>O dia 31 de outubro \u00e9 uma marca hist\u00f3rica para os crist\u00e3os. Para celebrar os 500 anos da Reforma Protestante e inauguramos aqui OS REFORMADORES, apresentando um pouco momentos e te\u00f3logos mais importantes da hist\u00f3ria.<\/p>\n<p>Aconteceu uma revolu\u00e7\u00e3o. Na verdade, uma reforma religiosa baseada na redescoberta da gra\u00e7a de Deus. Isso n\u00e3o atingiu apenas a dimens\u00e3o subjetiva da f\u00e9, mas todos os aspectos da vida. Chegou a outros continentes. Afetou a educa\u00e7\u00e3o, a pol\u00edtica, a economia, a ci\u00eancia, etc. Mudou a maneira de enxergar o relacionamento com Deus, a leitura da B\u00edblia e a igreja institucional.<\/p>\n<p>Dois nomes foram fundamentais nesta revolu\u00e7\u00e3o: Martinho Lutero e Jo\u00e3o Calvino. Mas h\u00e1 outros, muitos outros que viveram antes, durante e depois destes dois: J. Wyclife, Jan Huss, Willian Tindale, Huldreich Zw\u00ednglio, Farel, Beza, Bucer, Melancthon, Knoxx&#8230;<\/p>\n<p>&nbsp;<\/p>\n<h3><strong><a href=\"http:\/\/www.ultimato.com.br\/loja\/produtos\/a-reforma\"><img loading=\"lazy\" decoding=\"async\" class=\"alignleft wp-image-178 size-full\" src=\"http:\/\/ultimato.com.br\/sites\/reformadores\/files\/ar.jpg\" alt=\"\" width=\"148\" height=\"225\" \/><\/a> O que voc\u00ea precisa saber e por qu\u00ea<\/strong><\/h3>\n<p>A chamada Reforma Protestante foi um feito memor\u00e1vel, impressionante. O mundo hoje ainda ecoa suas consequ\u00eancias. Mesmo que nossa sociedade n\u00e3o se lembre ou n\u00e3o se interesse tanto pelo que a Reforma fez e defendeu, sua maneira de viver (liberdade, educa\u00e7\u00e3o, pol\u00edtica, economia) tem d\u00edvida com os ventos renovadores da f\u00e9 protestante.<\/p>\n<p>Ultimato quer soprar a poeira hist\u00f3rica e discernir o que vale a pena. Iniciamos a campanha editorial \u201cReformadores\u201d e reunimos artigos, recursos de multim\u00eddia, frases e uma sele\u00e7\u00e3o de livros sobre o tema. Confira no menu acima e fique \u00e0 vontade para espalhar e celebrar os valores e o legado da Reforma.<\/p>\n<p>&nbsp;<\/p>\n<h3 class=\"entry-title\"><strong>25 perguntas sobre a Reforma Protestante<\/strong><\/h3>\n<p>Selecionamos e reunimos <a href=\"http:\/\/ultimato.com.br\/sites\/blogdaultimato\/2017\/10\/23\/25-perguntas-sobre-a-reforma-protestante\/\">25 perguntas e respostas<\/a> sobre a Reforma, apresentadas pelos nossos colunistas, tanto da revista Ultimato como do portal Ultimatoonline. Confira.<\/p>\n<p>Leia tamb\u00e9m <a href=\"http:\/\/www.ultimato.com.br\/loja\/produtos\/a-reforma\" target=\"_blank\" rel=\"noopener noreferrer\">A Reforma \u2013 O que voc\u00ea precisa saber e por qu\u00ea<\/a>, escrito por John Stott e Michael Reeves. Para saber mais sobre alguns dos principais personagens da Reforma, conhe\u00e7a o devocion\u00e1rio <a href=\"http:\/\/www.ultimato.com.br\/loja\/produtos\/somente-a-fe\" target=\"_blank\" rel=\"noopener noreferrer\">Somente a F\u00e9<\/a>, de Martinho Lutero;\u00a0<a href=\"http:\/\/www.ultimato.com.br\/loja\/produtos\/sou-eu-calvino\" target=\"_blank\" rel=\"noopener noreferrer\">Sou Eu, Calvino<\/a>, uma biografia do Reformador; e,\u00a0\u00a0<a href=\"http:\/\/www.ultimato.com.br\/loja\/produtos\/conversas-com-lutero\" target=\"_blank\" rel=\"noopener noreferrer\">Conversas com Lutero &#8211; Hist\u00f3ria e Pensamento<\/a>.<\/p>\n","protected":false},"excerpt":{"rendered":"<p>O que voc\u00ea precisa saber sobre a Reforma Protestante &nbsp; UMA SELE\u00c7\u00c3O PRECIOSA DE\u00a0 LIVROS, ARTIGOS, ESTUDOS B\u00cdBLICOS\u00a0e OUTROS RECURSOS\u00a0 SOBRE A REFORMA. Uma revolu\u00e7\u00e3o da gra\u00e7a O dia 31 de outubro \u00e9 uma marca hist\u00f3rica para os crist\u00e3os. Para celebrar os 500 anos da Reforma Protestante e inauguramos aqui OS REFORMADORES, apresentando um pouco [&hellip;]<\/p>\n","protected":false},"author":24,"featured_media":0,"parent":0,"menu_order":0,"comment_status":"closed","ping_status":"closed","template":"","meta":{"ngg_post_thumbnail":0,"footnotes":""},"class_list":["post-64","page","type-page","status-publish","hentry"],"_links":{"self":[{"href":"https:\/\/ultimato.com.br\/sites\/reformadores\/wp-json\/wp\/v2\/pages\/64","targetHints":{"allow":["GET"]}}],"collection":[{"href":"https:\/\/ultimato.com.br\/sites\/reformadores\/wp-json\/wp\/v2\/pages"}],"about":[{"href":"https:\/\/ultimato.com.br\/sites\/reformadores\/wp-json\/wp\/v2\/types\/page"}],"author":[{"embeddable":true,"href":"https:\/\/ultimato.com.br\/sites\/reformadores\/wp-json\/wp\/v2\/users\/24"}],"replies":[{"embeddable":true,"href":"https:\/\/ultimato.com.br\/sites\/reformadores\/wp-json\/wp\/v2\/comments?post=64"}],"version-history":[{"count":23,"href":"https:\/\/ultimato.com.br\/sites\/reformadores\/wp-json\/wp\/v2\/pages\/64\/revisions"}],"predecessor-version":[{"id":241,"href":"https:\/\/ultimato.com.br\/sites\/reformadores\/wp-json\/wp\/v2\/pages\/64\/revisions\/241"}],"wp:attachment":[{"href":"https:\/\/ultimato.com.br\/sites\/reformadores\/wp-json\/wp\/v2\/media?parent=64"}],"curies":[{"name":"wp","href":"https:\/\/api.w.org\/{rel}","templated":true}]}}