{"id":147,"date":"2017-09-27T11:19:03","date_gmt":"2017-09-27T14:19:03","guid":{"rendered":"http:\/\/ultimato.com.br\/sites\/reformadores\/?page_id=147"},"modified":"2021-10-26T08:39:57","modified_gmt":"2021-10-26T11:39:57","slug":"videos","status":"publish","type":"page","link":"https:\/\/ultimato.com.br\/sites\/reformadores\/multimidia\/videos\/","title":{"rendered":"V\u00eddeos"},"content":{"rendered":"<p>&nbsp;<\/p>\n<h4>A Reforma Protestante:<\/h4>\n<p><iframe loading=\"lazy\" title=\"YouTube video player\" src=\"https:\/\/www.youtube.com\/embed\/TxW7q57TI8M\" width=\"560\" height=\"315\" frameborder=\"0\" allowfullscreen=\"allowfullscreen\"><span data-mce-type=\"bookmark\" style=\"display: inline-block; width: 0px; overflow: hidden; line-height: 0;\" class=\"mce_SELRES_start\">\ufeff<\/span><\/iframe><\/p>\n<p>&nbsp;<\/p>\n<h4>5 Solas na Viola:<\/h4>\n<p><iframe loading=\"lazy\" src=\"\/\/www.youtube.com\/embed\/iNhsF3ipNz0\" width=\"560\" height=\"315\" frameborder=\"0\" allowfullscreen=\"allowfullscreen\" data-mce-fragment=\"1\"><span data-mce-type=\"bookmark\" style=\"display: inline-block; width: 0px; overflow: hidden; line-height: 0;\" class=\"mce_SELRES_start\">\ufeff<\/span><\/iframe><\/p>\n<p>&nbsp;<\/p>\n<h4>A trajet\u00f3ria de Jo\u00e3o Calvino em tr\u00eas minutos:<\/h4>\n<p><iframe loading=\"lazy\" src=\"\/\/www.youtube.com\/embed\/CyBiOqM6g0k?list=UUtCeY6ztLZ70EELiDuY1RpA\" width=\"560\" height=\"315\" frameborder=\"0\" allowfullscreen=\"allowfullscreen\" data-mce-fragment=\"1\"><\/iframe><\/p>\n<p>&nbsp;<\/p>\n<h4>O autor de &#8220;Sou Eu, Calvino&#8221; fala sobre a proposta do livro:<\/h4>\n<div class=\"prezi-player\">\n<div class=\"prezi-player-links\">\n<p><iframe loading=\"lazy\" src=\"\/\/www.youtube.com\/embed\/-e36JM6HlWY\" width=\"560\" height=\"315\" frameborder=\"0\" allowfullscreen=\"allowfullscreen\" data-mce-fragment=\"1\"><\/iframe><\/p>\n<p>&nbsp;<\/p>\n<h4>O te\u00f3logo Franklin Ferreira fala sobre o nascimento da Reforma:<\/h4>\n<p><iframe loading=\"lazy\" src=\"\/\/www.youtube.com\/embed\/HYf4B8u8gx0\" width=\"560\" height=\"315\" frameborder=\"0\" allowfullscreen=\"allowfullscreen\" data-mce-fragment=\"1\"><\/iframe><\/p>\n<p>&nbsp;<\/p>\n<h4>A espiritualidade da Reforma (TV Mackenzie):<\/h4>\n<p><iframe loading=\"lazy\" src=\"\/\/www.youtube.com\/embed\/FyqmF1S6dj8\" width=\"560\" height=\"315\" frameborder=\"0\" allowfullscreen=\"allowfullscreen\" data-mce-fragment=\"1\"><\/iframe><\/p>\n<p>&nbsp;<\/p>\n<h4>Os pilares da Reforma protestante (Hernandes Dias Lopes):<\/h4>\n<p><iframe loading=\"lazy\" src=\"\/\/www.youtube.com\/embed\/zf8Lv2GF-Fk\" width=\"560\" height=\"315\" frameborder=\"0\" allowfullscreen=\"allowfullscreen\" data-mce-fragment=\"1\"><\/iframe><\/p>\n<\/div>\n<\/div>\n","protected":false},"excerpt":{"rendered":"<p>&nbsp; A Reforma Protestante: \ufeff &nbsp; 5 Solas na Viola: \ufeff &nbsp; A trajet\u00f3ria de Jo\u00e3o Calvino em tr\u00eas minutos: &nbsp; O autor de &#8220;Sou Eu, Calvino&#8221; fala sobre a proposta do livro: &nbsp; O te\u00f3logo Franklin Ferreira fala sobre o nascimento da Reforma: &nbsp; A espiritualidade da Reforma (TV Mackenzie): &nbsp; Os pilares da [&hellip;]<\/p>\n","protected":false},"author":24,"featured_media":0,"parent":11,"menu_order":2,"comment_status":"closed","ping_status":"closed","template":"","meta":{"ngg_post_thumbnail":0,"footnotes":""},"class_list":["post-147","page","type-page","status-publish","hentry"],"_links":{"self":[{"href":"https:\/\/ultimato.com.br\/sites\/reformadores\/wp-json\/wp\/v2\/pages\/147","targetHints":{"allow":["GET"]}}],"collection":[{"href":"https:\/\/ultimato.com.br\/sites\/reformadores\/wp-json\/wp\/v2\/pages"}],"about":[{"href":"https:\/\/ultimato.com.br\/sites\/reformadores\/wp-json\/wp\/v2\/types\/page"}],"author":[{"embeddable":true,"href":"https:\/\/ultimato.com.br\/sites\/reformadores\/wp-json\/wp\/v2\/users\/24"}],"replies":[{"embeddable":true,"href":"https:\/\/ultimato.com.br\/sites\/reformadores\/wp-json\/wp\/v2\/comments?post=147"}],"version-history":[{"count":7,"href":"https:\/\/ultimato.com.br\/sites\/reformadores\/wp-json\/wp\/v2\/pages\/147\/revisions"}],"predecessor-version":[{"id":244,"href":"https:\/\/ultimato.com.br\/sites\/reformadores\/wp-json\/wp\/v2\/pages\/147\/revisions\/244"}],"up":[{"embeddable":true,"href":"https:\/\/ultimato.com.br\/sites\/reformadores\/wp-json\/wp\/v2\/pages\/11"}],"wp:attachment":[{"href":"https:\/\/ultimato.com.br\/sites\/reformadores\/wp-json\/wp\/v2\/media?parent=147"}],"curies":[{"name":"wp","href":"https:\/\/api.w.org\/{rel}","templated":true}]}}