{"id":13,"date":"2014-09-15T04:29:00","date_gmt":"2014-09-15T07:29:00","guid":{"rendered":"http:\/\/ultimato.com.br\/sites\/reformadores\/?page_id=13"},"modified":"2022-10-20T16:43:22","modified_gmt":"2022-10-20T19:43:22","slug":"artigos","status":"publish","type":"page","link":"https:\/\/ultimato.com.br\/sites\/reformadores\/artigos\/","title":{"rendered":"Artigos"},"content":{"rendered":"<p><a href=\"https:\/\/www.ultimato.com.br\/conteudo\/vozes-femininas-na-reforma\">Vozes femininas na Reforma<\/a> &#8211; Rute Salviano Almeida<\/p>\n<p><a href=\"https:\/\/www.ultimato.com.br\/conteudo\/o-legado-desconhecido-das-reformadoras-do-seculo-xvi\">O legado desconhecido das Reformadoras do s\u00e9culo XVI<\/a> &#8211; Lidice Meyer P. Ribeiro<\/p>\n<p><a href=\"https:\/\/www.ultimato.com.br\/conteudo\/o-tesouro-escondido-de-joao-calvino\">O tesouro escondido de Jo\u00e3o Calvino<\/a> &#8211; Lidice Meyer P. Ribeiro<\/p>\n<p><a href=\"https:\/\/www.ultimato.com.br\/conteudo\/porque-falar-de-menno-simons\">Por que falar de Menno Simons?<\/a> &#8211; Clayton Lima de Souza<\/p>\n<p><a href=\"https:\/\/www.ultimato.com.br\/editora\/conteudo\/catarina-zell-1497-1562-deus-recordara-seu-trabalho-mesmo-que-o-mundo-nao-o-note-ou-o-esqueca\">Catarina Zell (1497-1562): Deus recordar\u00e1 seu trabalho, mesmo que o mundo n\u00e3o o note ou o esque\u00e7a.<\/a> &#8211; Rute Salviano Almeida<\/p>\n<p><a href=\"https:\/\/www.ultimato.com.br\/conteudo\/ulrico-zuinglio-a-reforma-suica\">Ulrico Zu\u00ednglio &#8211; A reforma su\u00ed\u00e7a<\/a> &#8211; William Lane<\/p>\n<p><a href=\"https:\/\/www.ultimato.com.br\/conteudo\/reforma-e-casamento\">Reforma e casamento<\/a> &#8211; Luiz Fernando dos Santos<\/p>\n<p><a href=\"https:\/\/www.ultimato.com.br\/conteudo\/vox-populi-vox-dei\">Vox populi, vox Dei<\/a> &#8211; Ed Ren\u00e9 Kivitz<\/p>\n<p><a href=\"https:\/\/www.ultimato.com.br\/conteudo\/a-chave-para-compreender-a-necessidade-de-uma-continua-reforma\">A chave para compreender a necessidade de uma cont\u00ednua reforma<\/a> &#8211; Justo Gonz\u00e1lez<\/p>\n<p><a href=\"https:\/\/www.ultimato.com.br\/conteudo\/lutero-um-invejoso\">Lutero, um invejoso<\/a> &#8211; Nelson Hein<\/p>\n<p><a href=\"https:\/\/www.ultimato.com.br\/conteudo\/o-justo-vivera-pela-fe\">O justo viver\u00e1 pela f\u00e9<\/a> &#8211; Cristiano Rocha Heckert<\/p>\n<p><a href=\"https:\/\/www.ultimato.com.br\/conteudo\/reforma-protestante-500-anos-depois\">Reforma Protestante: 500 anos depois<\/a> &#8211; Luiz Fernando dos Santos<\/p>\n<p><a href=\"https:\/\/www.ultimato.com.br\/conteudo\/a-juventude-dos-reformadores-um-chamado-ao-amor-intergeracional\">A juventude dos reformadores: um chamado ao amor intergeracional<\/a> &#8211; Davi Lago<\/p>\n<p><a href=\"https:\/\/www.ultimato.com.br\/conteudo\/contra-o-que-protestam-os-protestantes\">Contra o que protestam os protestantes?<\/a> &#8211; Billy Lane<\/p>\n<p><a href=\"https:\/\/www.ultimato.com.br\/conteudo\/a-missiologia-crista-sob-o-movimento-reformado\">A missiologia crist\u00e3 sob o movimento Reformado<\/a> &#8211; Regina Fernandes Sanches<\/p>\n<p><a href=\"https:\/\/www.ultimato.com.br\/conteudo\/como-falar-da-reforma-para-criancas\">Como falar da Reforma para crian\u00e7as<\/a> &#8211; M\u00e1rcia Barbutti<\/p>\n<p><a href=\"https:\/\/www.ultimato.com.br\/conteudo\/a-igreja-do-saco-de-boxe-e-a-memoria-dos-primeiros-martires-luteranos\">A igreja do saco de boxe e a mem\u00f3ria dos primeiros m\u00e1rtires Luteranos<\/a> &#8211; Davi Chang Ribeiro Lin<\/p>\n<p><a href=\"https:\/\/www.ultimato.com.br\/conteudo\/lutero-do-analfabetismo-biblico-a-biblia-na-lingua-do-povo\">Lutero \u2013 do analfabetismo b\u00edblico \u00e0 B\u00edblia na l\u00edngua do povo<\/a> &#8211; Paulo Teixeira<\/p>\n<p><a href=\"https:\/\/www.ultimato.com.br\/conteudo\/o-pulpito-e-a-reforma\">O p\u00falpito e a Reforma<\/a> &#8211; Luiz Fernando<\/p>\n<p><a href=\"https:\/\/www.ultimato.com.br\/conteudo\/o-que-a-biblia-fez-com-lutero-o-que-ele-fez-com-a-biblia\">O que a B\u00edblia fez com Lutero e o que Lutero fez com a B\u00edblia<\/a> &#8211; Vilson Scholz<\/p>\n<p><a href=\"https:\/\/www.ultimato.com.br\/conteudo\/a-influencia-da-reforma-na-historia-da-pintura\">A influ\u00eancia da Reforma na hist\u00f3ria da pintura<\/a> &#8211; Rosana Basile e Davi Pinto<\/p>\n<p><a href=\"https:\/\/www.ultimato.com.br\/conteudo\/o-espirito-contestatorio-dos-reformados\">O Esp\u00edrito contestat\u00f3rio dos reformados<\/a> &#8211; Ricardo Bitun<\/p>\n<p><a href=\"https:\/\/www.ultimato.com.br\/conteudo\/sola-scriptura-a-biblia-e-a-reforma\">Sola Scriptura: A B\u00edblia e a Reforma<\/a> &#8211; Ern\u00ed Walter Seibert<\/p>\n<p><a href=\"https:\/\/www.ultimato.com.br\/conteudo\/reforma-em-movimento\">Reforma em movimento<\/a> &#8211; Valdir Steuernagel e Marcell Steuernagel<\/p>\n<p><a href=\"http:\/\/www.ultimato.com.br\/revista\/artigos\/366\/reforma-para-tirar-o-mofo-das-escrituras\" target=\"_blank\" rel=\"noopener\">Reforma &#8212; Para tirar o mofo das Escrituras<\/a> &#8211; Revista Ultimato 366<\/p>\n<p><a href=\"http:\/\/www.ultimato.com.br\/conteudo\/o-que-diferencia-cristaos-reformados-de-outros-cristaos\" target=\"_blank\" rel=\"noopener\">O que diferencia crist\u00e3os reformados de outros crist\u00e3os<\/a> &#8211; Jorge Henrique Barro<\/p>\n<p><a href=\"http:\/\/www.ultimato.com.br\/conteudo\/a-reforma-e-as-artes\" target=\"_blank\" rel=\"noopener\">A Reforma e as artes<\/a> &#8211; Carlinhos Veiga<\/p>\n<p><a href=\"http:\/\/www.ultimato.com.br\/conteudo\/a-reforma-protestante-e-o-desafio-do-pastoreio-mutuo-na-igreja\" target=\"_blank\" rel=\"noopener\">A Reforma Protestante e o desafio do pastoreio m\u00fatuo na igreja<\/a> &#8211; Ricardo Costa<\/p>\n<p><a href=\"http:\/\/www.ultimato.com.br\/conteudo\/uma-pintura-que-ensina\" target=\"_blank\" rel=\"noopener\">Uma pintura que ensina<\/a> &#8211; Martin Weingaertner<\/p>\n<p><a href=\"http:\/\/www.ultimato.com.br\/conteudo\/a-carta-de-uma-reformadora-subversiva\" target=\"_blank\" rel=\"noopener\">A carta de uma reformadora subversiva<\/a> &#8211; Rute Salviano<\/p>\n<p><a href=\"http:\/\/www.ultimato.com.br\/conteudo\/cinco-solas-e-quatro-solos\" target=\"_blank\" rel=\"noopener\">Cinco solas e quatro solos<\/a> &#8211; Davi Lago<\/p>\n<p><a href=\"http:\/\/www.ultimato.com.br\/conteudo\/heresias-hereges-e-radicais\" target=\"_blank\" rel=\"noopener\">Heresias, hereges e radicais<\/a> &#8211; Lyndon de Ara\u00fajo Santos<\/p>\n<p><a href=\"http:\/\/www.ultimato.com.br\/conteudo\/a-catolicidade-da-igreja-hoje\" target=\"_blank\" rel=\"noopener\">A Catolicidade da Igreja hoje<\/a> &#8211; Thiago Machado Silva<\/p>\n<p><a href=\"http:\/\/www.ultimato.com.br\/conteudo\/vozes-femininas-da-reforma-no-berco-do-catolicismo\" target=\"_blank\" rel=\"noopener\">Vozes femininas da Reforma no ber\u00e7o do catolicismo<\/a> &#8211; Rute Salviano<\/p>\n<p><a href=\"http:\/\/www.ultimato.com.br\/conteudo\/como-lutero-interpretou-a-biblia\" target=\"_blank\" rel=\"noopener\">Como Lutero interpretou a B\u00edblia?<\/a> &#8211; Ern\u00ed Walter Seibert<\/p>\n<p><a href=\"http:\/\/www.ultimato.com.br\/conteudo\/lutero-e-o-seu-mundo\" target=\"_blank\" rel=\"noopener\">Lutero e o seu mundo<\/a> &#8211; Lyndon Ara\u00fajo dos Santos<\/p>\n<p><a href=\"http:\/\/www.ultimato.com.br\/conteudo\/reformalatria-4-perigos-a-evitar-para-nao-idolatrar-a-reforma-protestante\" target=\"_blank\" rel=\"noopener\">4 perigos a evitar para n\u00e3o idolatrar a Reforma Protestante<\/a> &#8211; Luiz Fernando dos Santos<\/p>\n<p><a href=\"http:\/\/www.ultimato.com.br\/conteudo\/fe-fraca-tambem-e-fe\" target=\"_blank\" rel=\"noopener\">F\u00e9 fraca tamb\u00e9m \u00e9 f\u00e9<\/a> &#8211; Martin Weingaertner<\/p>\n<p><a href=\"http:\/\/www.ultimato.com.br\/conteudo\/perguntas-da-reforma-para-calvinistas-e-arminianos\" target=\"_blank\" rel=\"noopener\">Perguntas da Reforma para calvinistas e arminianos<\/a> &#8211; Rubem Amorese<\/p>\n<p><a href=\"http:\/\/www.ultimato.com.br\/conteudo\/vozes-femininas-na-reforma\" target=\"_blank\" rel=\"noopener\">Vozes femininas na Reforma<\/a> &#8211; Rute Salviano Almeida<\/p>\n<p><a href=\"http:\/\/www.ultimato.com.br\/conteudo\/exemplares-raros-da-biblia-de-gutenberg-estao-disponiveis-online\" target=\"_blank\" rel=\"noopener\">Exemplares raros da B\u00edblia de Gutenberg est\u00e3o dispon\u00edveis online<\/a> &#8211; Not\u00edcia<\/p>\n<p><a href=\"http:\/\/www.ultimato.com.br\/conteudo\/por-que-retornar-a-reforma\" target=\"_blank\" rel=\"noopener\">Por que retornar \u00e0 Reforma?<\/a> &#8211; Kl\u00eania Fassoni<\/p>\n<p><a href=\"http:\/\/www.ultimato.com.br\/conteudo\/sacerdotes-uber-e-reforma-protestante\" target=\"_blank\" rel=\"noopener\">Sacerdotes, Uber e Reforma Protestante<\/a> &#8211; Billy Lane<\/p>\n<p><a href=\"http:\/\/www.ultimato.com.br\/conteudo\/lutero-e-a-biblia-dos-analfabetos\" target=\"_blank\" rel=\"noopener\">Lutero e a B\u00edblia dos analfabetos<\/a> &#8211; Luiz Felipe Xavier<\/p>\n<p><a href=\"http:\/\/www.ultimato.com.br\/conteudo\/e-a-arte-o-que-a-reforma-teve-a-ver-com-ela\" target=\"_blank\" rel=\"noopener\">E a arte? O que a Reforma teve a ver com ela?<\/a> &#8211; Amanda Almeida<\/p>\n<p><a href=\"http:\/\/www.ultimato.com.br\/conteudo\/o-evangelho-pertence-a-uma-denominacao\" target=\"_blank\" rel=\"noopener\">O evangelho pertence a uma denomina\u00e7\u00e3o?<\/a> &#8211; Martin Weingaertner<\/p>\n<p><a href=\"http:\/\/www.ultimato.com.br\/conteudo\/caravaggio-e-o-papel-das-artes-visuais-na-contrarreforma\" target=\"_blank\" rel=\"noopener\">Caravaggio e o papel das artes visuais na Contrarreforma<\/a> &#8211; Rosana Basile e Davi Pinto<\/p>\n<p><a href=\"http:\/\/www.ultimato.com.br\/conteudo\/a-soteriologia-dos-reformadores-sola-gratia-solo-christus-sola-fide-e-sola-scriptura\" target=\"_blank\" rel=\"noopener\">Sola Gratia, Solo Christus, Sola Fide e Sola Scriptura<\/a> &#8211; Emilio Antonio Nu\u00f1ez Casta\u00f1eda<\/p>\n<p><a href=\"http:\/\/www.ultimato.com.br\/conteudo\/a-conversao-de-miconio-historiador-da-reforma\" target=\"_blank\" rel=\"noopener\">A convers\u00e3o de Mic\u00f4nio, historiador da Reforma<\/a> &#8211; Rute Salviano<\/p>\n<p><a href=\"http:\/\/www.ultimato.com.br\/conteudo\/reformai-o-grito-da-igreja-as-vesperas-dos-500-anos\" target=\"_blank\" rel=\"noopener\">\u201cReformai\u201d \u2013 o grito da igreja \u00e0s v\u00e9speras dos 500 anos<\/a> &#8211; Luiz Fernando Dos Santos<\/p>\n<p><a href=\"http:\/\/www.ultimato.com.br\/conteudo\/servir-a-deus-e-ao-ser-humano-a-acao-social-dos-puritanos\" target=\"_blank\" rel=\"noopener\">Servir a Deus e ao ser humano: a a\u00e7\u00e3o social dos Puritanos<\/a> &#8211; H\u00e9ber Negr\u00e3o<\/p>\n<p><a href=\"http:\/\/www.ultimato.com.br\/conteudo\/lutero-e-o-pavor-do-pecado\" target=\"_blank\" rel=\"noopener\">Lutero e o pavor do pecado<\/a>\u200b &#8211; Elben C\u00e9sar<\/p>\n<p><a href=\"http:\/\/www.ultimato.com.br\/conteudo\/a-reforma-protestante-ainda-nos-ajuda-hoje\" target=\"_blank\" rel=\"noopener\">A Reforma Protestante ainda nos ajuda hoje? <\/a>&#8211; Martin Weingaertner<\/p>\n<p><a href=\"http:\/\/www.ultimato.com.br\/conteudo\/a-igreja-e-a-era-das-reformas\" target=\"_blank\" rel=\"noopener\">A Igreja e a era das reformas<\/a> &#8211; Luiz Fernando Dos Santos<\/p>\n<p><a href=\"http:\/\/www.ultimato.com.br\/conteudo\/nem-catolicos-nem-protestantes\" target=\"_blank\" rel=\"noopener\">Nem cat\u00f3licos, nem protestantes<\/a> &#8211; Lyndon De Ara\u00fajo Santos<\/p>\n<p><a href=\"http:\/\/www.ultimato.com.br\/conteudo\/a-reforma-e-a-missao\" target=\"_blank\" rel=\"noopener\">A Reforma e a miss\u00e3o<\/a> &#8211; Ronaldo Lid\u00f3rio<\/p>\n<p><a href=\"http:\/\/www.ultimato.com.br\/conteudo\/o-dia-da-reforma-e-o-sacerdocio-de-todos-os-crentes\" target=\"_blank\" rel=\"noopener\">O dia da Reforma e o sacerd\u00f3cio de todos os crentes<\/a> &#8211; \u200bRen\u00e9 Padilla<\/p>\n<p><a href=\"http:\/\/www.ultimato.com.br\/conteudo\/o-anabatismo-e-a-reforma-radical\" target=\"_blank\" rel=\"noopener\">O Anabatismo e a Reforma Radical<\/a> &#8211; Marcos Inhauser<\/p>\n<p><a href=\"http:\/\/www.ultimato.com.br\/conteudo\/o-sequestro-de-1521\" target=\"_blank\" rel=\"noopener\">O sequestro de 1521<\/a>\u200b &#8211; Elben M. Lenz C\u00e9sar<\/p>\n<p><a href=\"http:\/\/www.ultimato.com.br\/conteudo\/precisamos-de-uma-reforma-protestante\" target=\"_blank\" rel=\"noopener\">Precisamos de uma reforma protestante?<\/a> &#8211; Robinson Cavalcanti<\/p>\n<p><a href=\"http:\/\/www.ultimato.com.br\/revista\/artigos\/320\/a-reforma-protestante-e-a-espiritualidade-classica\" target=\"_blank\" rel=\"noopener\">A Reforma Protestante e a espiritualidade cl\u00e1ssica<\/a> \u2013 Osmar Ludovico<\/p>\n<p><a href=\"http:\/\/www.ultimato.com.br\/revista\/artigos\/277\/uma-reforma-religiosa-de-500-em-500-anos\" target=\"_blank\" rel=\"noopener\">Uma reforma religiosa de 500 em 500 anos<\/a> &#8211; Revista Ultimato 277<\/p>\n<p><a href=\"http:\/\/www.ultimato.com.br\/revista\/artigos\/266\/a-reforma-luterana-como-despertamento\" target=\"_blank\" rel=\"noopener\">A Reforma Luterana como despertamento<\/a> &#8211; Martin Weingaertner<\/p>\n","protected":false},"excerpt":{"rendered":"<p>Vozes femininas na Reforma &#8211; Rute Salviano Almeida O legado desconhecido das Reformadoras do s\u00e9culo XVI &#8211; Lidice Meyer P. Ribeiro O tesouro escondido de Jo\u00e3o Calvino &#8211; Lidice Meyer P. Ribeiro Por que falar de Menno Simons? &#8211; Clayton Lima de Souza Catarina Zell (1497-1562): Deus recordar\u00e1 seu trabalho, mesmo que o mundo n\u00e3o [&hellip;]<\/p>\n","protected":false},"author":24,"featured_media":0,"parent":0,"menu_order":3,"comment_status":"closed","ping_status":"closed","template":"","meta":{"ngg_post_thumbnail":0,"footnotes":""},"class_list":["post-13","page","type-page","status-publish","hentry"],"_links":{"self":[{"href":"https:\/\/ultimato.com.br\/sites\/reformadores\/wp-json\/wp\/v2\/pages\/13","targetHints":{"allow":["GET"]}}],"collection":[{"href":"https:\/\/ultimato.com.br\/sites\/reformadores\/wp-json\/wp\/v2\/pages"}],"about":[{"href":"https:\/\/ultimato.com.br\/sites\/reformadores\/wp-json\/wp\/v2\/types\/page"}],"author":[{"embeddable":true,"href":"https:\/\/ultimato.com.br\/sites\/reformadores\/wp-json\/wp\/v2\/users\/24"}],"replies":[{"embeddable":true,"href":"https:\/\/ultimato.com.br\/sites\/reformadores\/wp-json\/wp\/v2\/comments?post=13"}],"version-history":[{"count":26,"href":"https:\/\/ultimato.com.br\/sites\/reformadores\/wp-json\/wp\/v2\/pages\/13\/revisions"}],"predecessor-version":[{"id":254,"href":"https:\/\/ultimato.com.br\/sites\/reformadores\/wp-json\/wp\/v2\/pages\/13\/revisions\/254"}],"wp:attachment":[{"href":"https:\/\/ultimato.com.br\/sites\/reformadores\/wp-json\/wp\/v2\/media?parent=13"}],"curies":[{"name":"wp","href":"https:\/\/api.w.org\/{rel}","templated":true}]}}