{"id":8,"date":"2013-11-17T20:22:19","date_gmt":"2013-11-17T20:22:19","guid":{"rendered":"http:\/\/ultimato.com.br\/sites\/reflexoes-de-uma-vida\/?page_id=8"},"modified":"2013-11-17T20:26:18","modified_gmt":"2013-11-17T20:26:18","slug":"o-autor","status":"publish","type":"page","link":"https:\/\/ultimato.com.br\/sites\/reflexoes-de-uma-vida\/o-autor\/","title":{"rendered":"O autor"},"content":{"rendered":"<p><a href=\"http:\/\/ultimato.com.br\/sites\/reflexoes-de-uma-vida\/files\/2013\/11\/foto_hs_reflexoes.jpg\"><img loading=\"lazy\" decoding=\"async\" class=\"alignleft size-thumbnail wp-image-26\" alt=\"foto_hs_reflexoes\" src=\"http:\/\/ultimato.com.br\/sites\/reflexoes-de-uma-vida\/files\/2013\/11\/foto_hs_reflexoes-150x150.jpg\" width=\"150\" height=\"150\" \/><\/a><strong>Robinson Cavalcanti<\/strong> foi colunista da revista Ultimato durante 27 anos, at\u00e9 a sua morte, em fevereiro de 2011. Cientista pol\u00edtico e bispo da Igreja Episcopal Anglicana do Recife, foi tamb\u00e9m diretor do Centro de Filosofia e Ci\u00eancias Humanas da Universidade Federal de Pernambuco. Era membro do Conselho Consultivo da Alian\u00e7a B\u00edblica Universit\u00e1ria (ABU) e do London Institute of Contemporary Christianity, al\u00e9m de membro-fundador da Fraternidade Teol\u00f3gica Latino-Americana. Integrou a Comiss\u00e3o de Lausanne pra a Evangeliza\u00e7\u00e3o Mundial e a Comiss\u00e3o Teol\u00f3gica da Alian\u00e7a Evang\u00e9lica Mundial. \u00c9 autor de, entre outros,\u00a0<a href=\"http:\/\/www.ultimato.com.br\/loja\/produtos\/a-igreja-o-pais-e-o-mundo\">A Igreja, o Pa\u00eds e o Mundo<\/a>,\u00a0<a href=\"http:\/\/www.ultimato.com.br\/loja\/produtos\/cristianismo-e-politica\">A Utopia Poss\u00edvel e\u00a0Cristianismo e Pol\u00edtica<\/a>.<\/p>\n","protected":false},"excerpt":{"rendered":"<p>Robinson Cavalcanti foi colunista da revista Ultimato durante 27 anos, at\u00e9 a sua morte, em fevereiro de 2011. Cientista pol\u00edtico e bispo da Igreja Episcopal Anglicana do Recife, foi tamb\u00e9m diretor do Centro de Filosofia e Ci\u00eancias Humanas da Universidade Federal de Pernambuco. Era membro do Conselho Consultivo da Alian\u00e7a B\u00edblica Universit\u00e1ria (ABU) e do [&hellip;]<\/p>\n","protected":false},"author":24,"featured_media":0,"parent":0,"menu_order":1,"comment_status":"open","ping_status":"open","template":"","meta":{"ngg_post_thumbnail":0,"footnotes":""},"class_list":["post-8","page","type-page","status-publish","hentry"],"_links":{"self":[{"href":"https:\/\/ultimato.com.br\/sites\/reflexoes-de-uma-vida\/wp-json\/wp\/v2\/pages\/8","targetHints":{"allow":["GET"]}}],"collection":[{"href":"https:\/\/ultimato.com.br\/sites\/reflexoes-de-uma-vida\/wp-json\/wp\/v2\/pages"}],"about":[{"href":"https:\/\/ultimato.com.br\/sites\/reflexoes-de-uma-vida\/wp-json\/wp\/v2\/types\/page"}],"author":[{"embeddable":true,"href":"https:\/\/ultimato.com.br\/sites\/reflexoes-de-uma-vida\/wp-json\/wp\/v2\/users\/24"}],"replies":[{"embeddable":true,"href":"https:\/\/ultimato.com.br\/sites\/reflexoes-de-uma-vida\/wp-json\/wp\/v2\/comments?post=8"}],"version-history":[{"count":3,"href":"https:\/\/ultimato.com.br\/sites\/reflexoes-de-uma-vida\/wp-json\/wp\/v2\/pages\/8\/revisions"}],"predecessor-version":[{"id":28,"href":"https:\/\/ultimato.com.br\/sites\/reflexoes-de-uma-vida\/wp-json\/wp\/v2\/pages\/8\/revisions\/28"}],"wp:attachment":[{"href":"https:\/\/ultimato.com.br\/sites\/reflexoes-de-uma-vida\/wp-json\/wp\/v2\/media?parent=8"}],"curies":[{"name":"wp","href":"https:\/\/api.w.org\/{rel}","templated":true}]}}