{"id":6,"date":"2013-11-17T20:22:07","date_gmt":"2013-11-17T20:22:07","guid":{"rendered":"http:\/\/ultimato.com.br\/sites\/reflexoes-de-uma-vida\/?page_id=6"},"modified":"2013-11-17T20:25:14","modified_gmt":"2013-11-17T20:25:14","slug":"o-livro","status":"publish","type":"page","link":"https:\/\/ultimato.com.br\/sites\/reflexoes-de-uma-vida\/","title":{"rendered":"O livro"},"content":{"rendered":"<p dir=\"ltr\"><strong>Reflex\u00f5es de Uma Vida \u2013 Mem\u00f3rias de Um Minist\u00e9rio<\/strong> celebra a vida e a mem\u00f3ria do not\u00e1vel professor, te\u00f3logo e pastor de muitas gera\u00e7\u00f5es de crist\u00e3os espalhados pelo pa\u00eds, o bispo Robinson Cavalcanti.<\/p>\n<p dir=\"ltr\">Trata-se de uma amostra da contribui\u00e7\u00e3o de um dos principais pensadores protestantes do s\u00e9culo 20 para a constru\u00e7\u00e3o do pensamento teol\u00f3gico protestante no Brasil. Algumas de suas marcas podem ser vistas ou lidas nas p\u00e1ginas do <a href=\"http:\/\/ultimato.com.br\/sites\/robinsoncavalcanti\/\">Memorial Robinson Cavalcanti<\/a>, inaugurado por ocasi\u00e3o da sua morte, em fevereiro de 2011.<\/p>\n<p>Mais do que uma homenagem <strong>Reflex\u00f5es de Uma Vida \u2013 Mem\u00f3rias de Um Minist\u00e9rio<\/strong> apresenta uma abordagem com a costumeira profundidade, bom humor e capacidade de s\u00edntese sobre: &#8220;A igreja de Cristo&#8221;; &#8220;A igreja brasileira&#8221;; \u00a0&#8220;Igreja e pol\u00edtica&#8221;; e, &#8220;Igreja e teologia&#8221;.<\/p>\n","protected":false},"excerpt":{"rendered":"<p>Reflex\u00f5es de Uma Vida \u2013 Mem\u00f3rias de Um Minist\u00e9rio celebra a vida e a mem\u00f3ria do not\u00e1vel professor, te\u00f3logo e pastor de muitas gera\u00e7\u00f5es de crist\u00e3os espalhados pelo pa\u00eds, o bispo Robinson Cavalcanti. Trata-se de uma amostra da contribui\u00e7\u00e3o de um dos principais pensadores protestantes do s\u00e9culo 20 para a constru\u00e7\u00e3o do pensamento teol\u00f3gico protestante [&hellip;]<\/p>\n","protected":false},"author":24,"featured_media":0,"parent":0,"menu_order":0,"comment_status":"open","ping_status":"open","template":"","meta":{"ngg_post_thumbnail":0,"footnotes":""},"class_list":["post-6","page","type-page","status-publish","hentry"],"_links":{"self":[{"href":"https:\/\/ultimato.com.br\/sites\/reflexoes-de-uma-vida\/wp-json\/wp\/v2\/pages\/6","targetHints":{"allow":["GET"]}}],"collection":[{"href":"https:\/\/ultimato.com.br\/sites\/reflexoes-de-uma-vida\/wp-json\/wp\/v2\/pages"}],"about":[{"href":"https:\/\/ultimato.com.br\/sites\/reflexoes-de-uma-vida\/wp-json\/wp\/v2\/types\/page"}],"author":[{"embeddable":true,"href":"https:\/\/ultimato.com.br\/sites\/reflexoes-de-uma-vida\/wp-json\/wp\/v2\/users\/24"}],"replies":[{"embeddable":true,"href":"https:\/\/ultimato.com.br\/sites\/reflexoes-de-uma-vida\/wp-json\/wp\/v2\/comments?post=6"}],"version-history":[{"count":3,"href":"https:\/\/ultimato.com.br\/sites\/reflexoes-de-uma-vida\/wp-json\/wp\/v2\/pages\/6\/revisions"}],"predecessor-version":[{"id":25,"href":"https:\/\/ultimato.com.br\/sites\/reflexoes-de-uma-vida\/wp-json\/wp\/v2\/pages\/6\/revisions\/25"}],"wp:attachment":[{"href":"https:\/\/ultimato.com.br\/sites\/reflexoes-de-uma-vida\/wp-json\/wp\/v2\/media?parent=6"}],"curies":[{"name":"wp","href":"https:\/\/api.w.org\/{rel}","templated":true}]}}