{"id":16,"date":"2013-11-17T20:23:15","date_gmt":"2013-11-17T20:23:15","guid":{"rendered":"http:\/\/ultimato.com.br\/sites\/reflexoes-de-uma-vida\/?page_id=16"},"modified":"2013-11-17T20:31:26","modified_gmt":"2013-11-17T20:31:26","slug":"videos","status":"publish","type":"page","link":"https:\/\/ultimato.com.br\/sites\/reflexoes-de-uma-vida\/extras\/videos\/","title":{"rendered":"V\u00eddeos"},"content":{"rendered":"<p><strong><span style=\"font-size: 1em;\">Juventude no Cora\u00e7\u00e3o<\/span><\/strong><\/p>\n<p>H\u00e1 muito tempo ele n\u00e3o era mais jovem, e nem por isso suas palavras faziam menos sentido para n\u00f3s.<\/p>\n<p><iframe loading=\"lazy\" src=\"http:\/\/player.vimeo.com\/video\/22132691?title=0&amp;byline=0&amp;portrait=0\" height=\"300\" width=\"500\" frameborder=\"0\"><\/iframe><\/p>\n<p><a href=\"http:\/\/vimeo.com\/22132691\">Robinson Cavalcanti, aos jovens da IBAB<\/a><\/p>\n<p>&nbsp;<\/p>\n<h4>Homenagem da AMTP, SEPAL, ABUB e \u00c0gua Viva Produ\u00e7\u00f5es<\/h4>\n<p>Trechos das falas do bispo Robinson Cavalcanti em diferentes encontros dessas organiza\u00e7\u00f5es. Para baixar o v\u00eddeo completo do 6. Congresso de Brasileiro de Miss\u00f5es, clique\u00a0<a href=\"http:\/\/www.mediafire.com\/?xcgic8vbnve07r1\" target=\"_blank\">aqui<\/a>.<\/p>\n<p><iframe loading=\"lazy\" src=\"http:\/\/www.youtube.com\/embed\/TLSFwAdB5lU\" height=\"315\" width=\"420\" frameborder=\"0\"><\/iframe><\/p>\n<p>&nbsp;<\/p>\n<h4>Encontro dos Amigos \u2013 Ultimato 40 anos &#8211; Julho de 2008.<\/h4>\n<p>Robinson dialoga com Paul Freston e Alderi Souza de Matos na mesa redonda\u00a0\u201cA participa\u00e7\u00e3o dos evang\u00e9licos no cen\u00e1rio pol\u00edtico brasileiro\u201d.<\/p>\n<p><object id=\"VideoPlayback\" style=\"width: 400px; height: 326px;\" width=\"320\" height=\"240\" classid=\"clsid:d27cdb6e-ae6d-11cf-96b8-444553540000\" codebase=\"http:\/\/download.macromedia.com\/pub\/shockwave\/cabs\/flash\/swflash.cab#version=6,0,40,0\"><param name=\"src\" value=\"http:\/\/video.google.com\/googleplayer.swf?docid=2999538528737055432&amp;hl=pt-BR&amp;fs=true\" \/><param name=\"allowfullscreen\" value=\"true\" \/><param name=\"allowscriptaccess\" value=\"always\" \/><embed id=\"VideoPlayback\" style=\"width: 400px; height: 326px;\" width=\"320\" height=\"240\" type=\"application\/x-shockwave-flash\" src=\"http:\/\/video.google.com\/googleplayer.swf?docid=2999538528737055432&amp;hl=pt-BR&amp;fs=true\" allowfullscreen=\"true\" allowscriptaccess=\"always\" \/><\/object><\/p>\n<p>&nbsp;<\/p>\n","protected":false},"excerpt":{"rendered":"<p>Juventude no Cora\u00e7\u00e3o H\u00e1 muito tempo ele n\u00e3o era mais jovem, e nem por isso suas palavras faziam menos sentido para n\u00f3s. Robinson Cavalcanti, aos jovens da IBAB &nbsp; Homenagem da AMTP, SEPAL, ABUB e \u00c0gua Viva Produ\u00e7\u00f5es Trechos das falas do bispo Robinson Cavalcanti em diferentes encontros dessas organiza\u00e7\u00f5es. Para baixar o v\u00eddeo completo [&hellip;]<\/p>\n","protected":false},"author":24,"featured_media":0,"parent":12,"menu_order":1,"comment_status":"open","ping_status":"open","template":"","meta":{"ngg_post_thumbnail":0,"footnotes":""},"class_list":["post-16","page","type-page","status-publish","hentry"],"_links":{"self":[{"href":"https:\/\/ultimato.com.br\/sites\/reflexoes-de-uma-vida\/wp-json\/wp\/v2\/pages\/16","targetHints":{"allow":["GET"]}}],"collection":[{"href":"https:\/\/ultimato.com.br\/sites\/reflexoes-de-uma-vida\/wp-json\/wp\/v2\/pages"}],"about":[{"href":"https:\/\/ultimato.com.br\/sites\/reflexoes-de-uma-vida\/wp-json\/wp\/v2\/types\/page"}],"author":[{"embeddable":true,"href":"https:\/\/ultimato.com.br\/sites\/reflexoes-de-uma-vida\/wp-json\/wp\/v2\/users\/24"}],"replies":[{"embeddable":true,"href":"https:\/\/ultimato.com.br\/sites\/reflexoes-de-uma-vida\/wp-json\/wp\/v2\/comments?post=16"}],"version-history":[{"count":2,"href":"https:\/\/ultimato.com.br\/sites\/reflexoes-de-uma-vida\/wp-json\/wp\/v2\/pages\/16\/revisions"}],"predecessor-version":[{"id":33,"href":"https:\/\/ultimato.com.br\/sites\/reflexoes-de-uma-vida\/wp-json\/wp\/v2\/pages\/16\/revisions\/33"}],"up":[{"embeddable":true,"href":"https:\/\/ultimato.com.br\/sites\/reflexoes-de-uma-vida\/wp-json\/wp\/v2\/pages\/12"}],"wp:attachment":[{"href":"https:\/\/ultimato.com.br\/sites\/reflexoes-de-uma-vida\/wp-json\/wp\/v2\/media?parent=16"}],"curies":[{"name":"wp","href":"https:\/\/api.w.org\/{rel}","templated":true}]}}