{"id":14,"date":"2013-11-17T20:22:59","date_gmt":"2013-11-17T20:22:59","guid":{"rendered":"http:\/\/ultimato.com.br\/sites\/reflexoes-de-uma-vida\/?page_id=14"},"modified":"2013-11-28T03:09:14","modified_gmt":"2013-11-28T03:09:14","slug":"release","status":"publish","type":"page","link":"https:\/\/ultimato.com.br\/sites\/reflexoes-de-uma-vida\/extras\/release\/","title":{"rendered":"Release"},"content":{"rendered":"<p>Aqui est\u00e1 o press-release do livro <strong><em>Reflex\u00f5es de uma Vida<\/em><\/strong> para voc\u00ea divulgar no seu site, blog, jornal ou outro meio de comunica\u00e7\u00e3o do seu acesso. Ajude-nos a espalhar este conte\u00fado.<\/p>\n<p>&#8211; Arquivo em <a href=\"http:\/\/ultimato.com.br\/sites\/reflexoes-de-uma-vida\/files\/2013\/11\/Release_Reflexoes_Vida_Nov_2013.pdf\">PDF<\/a>.<\/p>\n","protected":false},"excerpt":{"rendered":"<p>Aqui est\u00e1 o press-release do livro Reflex\u00f5es de uma Vida para voc\u00ea divulgar no seu site, blog, jornal ou outro meio de comunica\u00e7\u00e3o do seu acesso. Ajude-nos a espalhar este conte\u00fado. &#8211; Arquivo em PDF.<\/p>\n","protected":false},"author":24,"featured_media":0,"parent":12,"menu_order":0,"comment_status":"open","ping_status":"open","template":"","meta":{"ngg_post_thumbnail":0,"footnotes":""},"class_list":["post-14","page","type-page","status-publish","hentry"],"_links":{"self":[{"href":"https:\/\/ultimato.com.br\/sites\/reflexoes-de-uma-vida\/wp-json\/wp\/v2\/pages\/14","targetHints":{"allow":["GET"]}}],"collection":[{"href":"https:\/\/ultimato.com.br\/sites\/reflexoes-de-uma-vida\/wp-json\/wp\/v2\/pages"}],"about":[{"href":"https:\/\/ultimato.com.br\/sites\/reflexoes-de-uma-vida\/wp-json\/wp\/v2\/types\/page"}],"author":[{"embeddable":true,"href":"https:\/\/ultimato.com.br\/sites\/reflexoes-de-uma-vida\/wp-json\/wp\/v2\/users\/24"}],"replies":[{"embeddable":true,"href":"https:\/\/ultimato.com.br\/sites\/reflexoes-de-uma-vida\/wp-json\/wp\/v2\/comments?post=14"}],"version-history":[{"count":3,"href":"https:\/\/ultimato.com.br\/sites\/reflexoes-de-uma-vida\/wp-json\/wp\/v2\/pages\/14\/revisions"}],"predecessor-version":[{"id":41,"href":"https:\/\/ultimato.com.br\/sites\/reflexoes-de-uma-vida\/wp-json\/wp\/v2\/pages\/14\/revisions\/41"}],"up":[{"embeddable":true,"href":"https:\/\/ultimato.com.br\/sites\/reflexoes-de-uma-vida\/wp-json\/wp\/v2\/pages\/12"}],"wp:attachment":[{"href":"https:\/\/ultimato.com.br\/sites\/reflexoes-de-uma-vida\/wp-json\/wp\/v2\/media?parent=14"}],"curies":[{"name":"wp","href":"https:\/\/api.w.org\/{rel}","templated":true}]}}