{"id":10,"date":"2013-11-17T20:22:31","date_gmt":"2013-11-17T20:22:31","guid":{"rendered":"http:\/\/ultimato.com.br\/sites\/reflexoes-de-uma-vida\/?page_id=10"},"modified":"2013-11-17T20:27:32","modified_gmt":"2013-11-17T20:27:32","slug":"o-que-disseram","status":"publish","type":"page","link":"https:\/\/ultimato.com.br\/sites\/reflexoes-de-uma-vida\/o-que-disseram\/","title":{"rendered":"O que disseram"},"content":{"rendered":"<blockquote>\n<p dir=\"ltr\">Diante de um autor t\u00e3o prof\u00edcuo, cujas obras \u2013 extraordinariamente \u2013 exibem pouca ou nenhuma oscila\u00e7\u00e3o do mais alto padr\u00e3o de qualidade liter\u00e1ria e relev\u00e2ncia, selecionar alguns poucos artigos para apresentar ao leitor torna-se o principal desafio do editor.<\/p>\n<\/blockquote>\n<p dir=\"ltr\"><em>Rev. Marcus Throup<\/em><\/p>\n<blockquote>\n<p dir=\"ltr\">A Igreja Evang\u00e9lica Brasileira perde um profeta. A Ultimato perde seu mais antigo e fiel articulista. A Diocese Anglicana de Recife perde seu pastor. O Brasil perde um cidad\u00e3o ilustre. N\u00f3s perdemos um grande amigo. Sabemos que o Senhor da Igreja seguir\u00e1 conduzindo seu povo atrav\u00e9s de seus pastores, mas a perda do pastor Robinson e sua esposa nos deixar\u00e1 \u00f3rf\u00e3os de um testemunho corajoso, fiel e \u00edntegro.<\/p>\n<\/blockquote>\n<p><em>Ricardo Barbosa de Sousa<\/em>, por ocasi\u00e3o da morte do bispo Robinson Cavalcanti.<\/p>\n","protected":false},"excerpt":{"rendered":"<p>Diante de um autor t\u00e3o prof\u00edcuo, cujas obras \u2013 extraordinariamente \u2013 exibem pouca ou nenhuma oscila\u00e7\u00e3o do mais alto padr\u00e3o de qualidade liter\u00e1ria e relev\u00e2ncia, selecionar alguns poucos artigos para apresentar ao leitor torna-se o principal desafio do editor. Rev. Marcus Throup A Igreja Evang\u00e9lica Brasileira perde um profeta. A Ultimato perde seu mais antigo [&hellip;]<\/p>\n","protected":false},"author":24,"featured_media":0,"parent":0,"menu_order":2,"comment_status":"open","ping_status":"open","template":"","meta":{"ngg_post_thumbnail":0,"footnotes":""},"class_list":["post-10","page","type-page","status-publish","hentry"],"_links":{"self":[{"href":"https:\/\/ultimato.com.br\/sites\/reflexoes-de-uma-vida\/wp-json\/wp\/v2\/pages\/10","targetHints":{"allow":["GET"]}}],"collection":[{"href":"https:\/\/ultimato.com.br\/sites\/reflexoes-de-uma-vida\/wp-json\/wp\/v2\/pages"}],"about":[{"href":"https:\/\/ultimato.com.br\/sites\/reflexoes-de-uma-vida\/wp-json\/wp\/v2\/types\/page"}],"author":[{"embeddable":true,"href":"https:\/\/ultimato.com.br\/sites\/reflexoes-de-uma-vida\/wp-json\/wp\/v2\/users\/24"}],"replies":[{"embeddable":true,"href":"https:\/\/ultimato.com.br\/sites\/reflexoes-de-uma-vida\/wp-json\/wp\/v2\/comments?post=10"}],"version-history":[{"count":2,"href":"https:\/\/ultimato.com.br\/sites\/reflexoes-de-uma-vida\/wp-json\/wp\/v2\/pages\/10\/revisions"}],"predecessor-version":[{"id":29,"href":"https:\/\/ultimato.com.br\/sites\/reflexoes-de-uma-vida\/wp-json\/wp\/v2\/pages\/10\/revisions\/29"}],"wp:attachment":[{"href":"https:\/\/ultimato.com.br\/sites\/reflexoes-de-uma-vida\/wp-json\/wp\/v2\/media?parent=10"}],"curies":[{"name":"wp","href":"https:\/\/api.w.org\/{rel}","templated":true}]}}