{"id":57,"date":"2013-11-05T18:19:20","date_gmt":"2013-11-05T18:19:20","guid":{"rendered":"http:\/\/ultimato.com.br\/sites\/refeicoes-diarias-com-os-discipulos\/?page_id=57"},"modified":"2013-11-06T12:40:39","modified_gmt":"2013-11-06T12:40:39","slug":"release","status":"publish","type":"page","link":"https:\/\/ultimato.com.br\/sites\/refeicoes-diarias-com-os-discipulos\/extras\/release\/","title":{"rendered":"Release"},"content":{"rendered":"<p>Aqui est\u00e1 o press-release do livro <strong><em>Refei\u00e7\u00f5es Di\u00e1rias com os Disc\u00edpulos<\/em><\/strong> para voc\u00ea divulgar no seu site, blog, jornal ou outro meio de comunica\u00e7\u00e3o do seu acesso. Ajude-nos a espalhar este conte\u00fado.<\/p>\n<p>&#8211; Arquivo em <a href=\"http:\/\/ultimato.com.br\/sites\/refeicoes-diarias-com-os-discipulos\/files\/2013\/11\/Release_Refeicoes_Diarias_Discipulos_Nov_2013.pdf\">PDF<\/a>.<\/p>\n","protected":false},"excerpt":{"rendered":"<p>Aqui est\u00e1 o press-release do livro Refei\u00e7\u00f5es Di\u00e1rias com os Disc\u00edpulos para voc\u00ea divulgar no seu site, blog, jornal ou outro meio de comunica\u00e7\u00e3o do seu acesso. Ajude-nos a espalhar este conte\u00fado. &#8211; Arquivo em PDF.<\/p>\n","protected":false},"author":8,"featured_media":0,"parent":18,"menu_order":3,"comment_status":"open","ping_status":"open","template":"","meta":{"footnotes":""},"class_list":["post-57","page","type-page","status-publish","hentry"],"_links":{"self":[{"href":"https:\/\/ultimato.com.br\/sites\/refeicoes-diarias-com-os-discipulos\/wp-json\/wp\/v2\/pages\/57","targetHints":{"allow":["GET"]}}],"collection":[{"href":"https:\/\/ultimato.com.br\/sites\/refeicoes-diarias-com-os-discipulos\/wp-json\/wp\/v2\/pages"}],"about":[{"href":"https:\/\/ultimato.com.br\/sites\/refeicoes-diarias-com-os-discipulos\/wp-json\/wp\/v2\/types\/page"}],"author":[{"embeddable":true,"href":"https:\/\/ultimato.com.br\/sites\/refeicoes-diarias-com-os-discipulos\/wp-json\/wp\/v2\/users\/8"}],"replies":[{"embeddable":true,"href":"https:\/\/ultimato.com.br\/sites\/refeicoes-diarias-com-os-discipulos\/wp-json\/wp\/v2\/comments?post=57"}],"version-history":[{"count":2,"href":"https:\/\/ultimato.com.br\/sites\/refeicoes-diarias-com-os-discipulos\/wp-json\/wp\/v2\/pages\/57\/revisions"}],"predecessor-version":[{"id":61,"href":"https:\/\/ultimato.com.br\/sites\/refeicoes-diarias-com-os-discipulos\/wp-json\/wp\/v2\/pages\/57\/revisions\/61"}],"up":[{"embeddable":true,"href":"https:\/\/ultimato.com.br\/sites\/refeicoes-diarias-com-os-discipulos\/wp-json\/wp\/v2\/pages\/18"}],"wp:attachment":[{"href":"https:\/\/ultimato.com.br\/sites\/refeicoes-diarias-com-os-discipulos\/wp-json\/wp\/v2\/media?parent=57"}],"curies":[{"name":"wp","href":"https:\/\/api.w.org\/{rel}","templated":true}]}}