{"id":6,"date":"2018-10-18T09:44:30","date_gmt":"2018-10-18T12:44:30","guid":{"rendered":"http:\/\/ultimato.com.br\/sites\/refeicoes-diarias-celebrando-a-reconciliacao\/?page_id=6"},"modified":"2018-10-18T10:09:39","modified_gmt":"2018-10-18T13:09:39","slug":"o-livro","status":"publish","type":"page","link":"https:\/\/ultimato.com.br\/sites\/refeicoes-diarias-celebrando-a-reconciliacao\/","title":{"rendered":"O Livro"},"content":{"rendered":"<p><strong>Refei\u00e7\u00f5es Di\u00e1rias \u2013 Celebrando a Reconcilia\u00e7\u00e3o<\/strong>\u00a0\u00e9 uma constru\u00e7\u00e3o coletiva. \u00c9 o devocion\u00e1rio da Editora Ultimato para 2019.<\/p>\n<p>Trata-se de uma preciosa colet\u00e2nea de medita\u00e7\u00f5es di\u00e1rias \u2013 de quinze mulheres e quinze homens, alguns mais, outros menos conhecidos do leitor \u2013, reunidas para celebrar o conte\u00fado b\u00edblico e a confian\u00e7a do povo de Deus no \u00fanico Senhor da hist\u00f3ria.<\/p>\n<p>Ao longo do ano somos guiados pela orienta\u00e7\u00e3o b\u00edblica aplicada aos desafios do dia a dia: dos relacionamentos, da voca\u00e7\u00e3o, do trabalho, da enfermidade, das lutas emocionais e da incredulidade, das perdas e da incerteza sobre o futuro, entregues nas m\u00e3os daquele que, \u201cem Cristo, est\u00e1 reconciliando todas as coisas (2Co 5.18-19).<\/p>\n<p><strong>Refei\u00e7\u00f5es Di\u00e1rias\u00a0\u2013 Celebrando a Reconcilia\u00e7\u00e3o:<\/strong>\u00a0uma leitura e medita\u00e7\u00e3o para cada dia do ano<\/p>\n","protected":false},"excerpt":{"rendered":"<p>Refei\u00e7\u00f5es Di\u00e1rias \u2013 Celebrando a Reconcilia\u00e7\u00e3o\u00a0\u00e9 uma constru\u00e7\u00e3o coletiva. \u00c9 o devocion\u00e1rio da Editora Ultimato para 2019. Trata-se de uma preciosa colet\u00e2nea de medita\u00e7\u00f5es di\u00e1rias \u2013 de quinze mulheres e quinze homens, alguns mais, outros menos conhecidos do leitor \u2013, reunidas para celebrar o conte\u00fado b\u00edblico e a confian\u00e7a do povo de Deus no \u00fanico [&hellip;]<\/p>\n","protected":false},"author":24,"featured_media":0,"parent":0,"menu_order":1,"comment_status":"closed","ping_status":"closed","template":"","meta":{"ngg_post_thumbnail":0,"footnotes":""},"class_list":["post-6","page","type-page","status-publish","hentry"],"_links":{"self":[{"href":"https:\/\/ultimato.com.br\/sites\/refeicoes-diarias-celebrando-a-reconciliacao\/wp-json\/wp\/v2\/pages\/6","targetHints":{"allow":["GET"]}}],"collection":[{"href":"https:\/\/ultimato.com.br\/sites\/refeicoes-diarias-celebrando-a-reconciliacao\/wp-json\/wp\/v2\/pages"}],"about":[{"href":"https:\/\/ultimato.com.br\/sites\/refeicoes-diarias-celebrando-a-reconciliacao\/wp-json\/wp\/v2\/types\/page"}],"author":[{"embeddable":true,"href":"https:\/\/ultimato.com.br\/sites\/refeicoes-diarias-celebrando-a-reconciliacao\/wp-json\/wp\/v2\/users\/24"}],"replies":[{"embeddable":true,"href":"https:\/\/ultimato.com.br\/sites\/refeicoes-diarias-celebrando-a-reconciliacao\/wp-json\/wp\/v2\/comments?post=6"}],"version-history":[{"count":2,"href":"https:\/\/ultimato.com.br\/sites\/refeicoes-diarias-celebrando-a-reconciliacao\/wp-json\/wp\/v2\/pages\/6\/revisions"}],"predecessor-version":[{"id":25,"href":"https:\/\/ultimato.com.br\/sites\/refeicoes-diarias-celebrando-a-reconciliacao\/wp-json\/wp\/v2\/pages\/6\/revisions\/25"}],"wp:attachment":[{"href":"https:\/\/ultimato.com.br\/sites\/refeicoes-diarias-celebrando-a-reconciliacao\/wp-json\/wp\/v2\/media?parent=6"}],"curies":[{"name":"wp","href":"https:\/\/api.w.org\/{rel}","templated":true}]}}