{"id":54,"date":"2011-11-09T09:47:04","date_gmt":"2011-11-09T12:47:04","guid":{"rendered":"http:\/\/ultimato.com.br\/sites\/refeicoes-diarias-2012\/?page_id=54"},"modified":"2011-11-09T09:57:18","modified_gmt":"2011-11-09T12:57:18","slug":"podcasts","status":"publish","type":"page","link":"https:\/\/ultimato.com.br\/sites\/refeicoes-diarias-2012\/extras\/podcasts\/","title":{"rendered":"Podcasts"},"content":{"rendered":"<p>Ou\u00e7a algumas devocionais selecionadas do livro <strong>Refei\u00e7\u00f5es Di\u00e1rias &#8211; no partir do p\u00e3o e na ora\u00e7\u00e3o<\/strong>.<br \/>\n<strong>Podcast1 &#8211; \u00c9 uma Espera de Poucos Dias<\/strong><br \/>\n<object height=\"81\" width=\"100%\"><param name=\"movie\" value=\"http:\/\/player.soundcloud.com\/player.swf?url=http%3A%2F%2Fapi.soundcloud.com%2Ftracks%2F27570161\"><\/param><param name=\"allowscriptaccess\" value=\"always\"><\/param><embed allowscriptaccess=\"always\" height=\"81\" src=\"http:\/\/player.soundcloud.com\/player.swf?url=http%3A%2F%2Fapi.soundcloud.com%2Ftracks%2F27570161\" type=\"application\/x-shockwave-flash\" width=\"100%\"><\/embed><\/object>  <span><a href=\"http:\/\/soundcloud.com\/ultimatoonline\/rd2012_podcast1\">Refei\u00e7\u00f5es Di\u00e1rias 2012 &#8211; podcast1<\/a> by <a href=\"http:\/\/soundcloud.com\/ultimatoonline\">Editora Ultimato<\/a><\/span><\/p>\n<p><strong>Podcast2 &#8211; Tra\u00e7o de Uni\u00e3o<\/strong><br \/>\n<object height=\"81\" width=\"100%\"><param name=\"movie\" value=\"http:\/\/player.soundcloud.com\/player.swf?url=http%3A%2F%2Fapi.soundcloud.com%2Ftracks%2F27570385\"><\/param><param name=\"allowscriptaccess\" value=\"always\"><\/param><embed allowscriptaccess=\"always\" height=\"81\" src=\"http:\/\/player.soundcloud.com\/player.swf?url=http%3A%2F%2Fapi.soundcloud.com%2Ftracks%2F27570385\" type=\"application\/x-shockwave-flash\" width=\"100%\"><\/embed><\/object>  <span><a href=\"http:\/\/soundcloud.com\/ultimatoonline\/rd2012-podcast2\">Refei\u00e7\u00f5es Di\u00e1rias 2012 &#8211; podcast2<\/a> by <a href=\"http:\/\/soundcloud.com\/ultimatoonline\">Editora Ultimato<\/a><\/span><\/p>\n<p><strong>Podcast3 &#8211; N\u00f3s e o Esp\u00edrito Santo<\/strong><br \/>\n<object width=\"100%\" height=\"81\" classid=\"clsid:d27cdb6e-ae6d-11cf-96b8-444553540000\" codebase=\"http:\/\/download.macromedia.com\/pub\/shockwave\/cabs\/flash\/swflash.cab#version=6,0,40,0\"><param name=\"allowscriptaccess\" value=\"always\" \/><param name=\"src\" value=\"http:\/\/player.soundcloud.com\/player.swf?url=http%3A%2F%2Fapi.soundcloud.com%2Ftracks%2F27568704\" \/><embed width=\"100%\" height=\"81\" type=\"application\/x-shockwave-flash\" src=\"http:\/\/player.soundcloud.com\/player.swf?url=http%3A%2F%2Fapi.soundcloud.com%2Ftracks%2F27568704\" allowscriptaccess=\"always\" \/><\/object> <span><a href=\"http:\/\/soundcloud.com\/ultimatoonline\/rd2012_3\">Refei\u00e7\u00f5es Di\u00e1rias 2012 &#8211; podcast3<\/a> by <a href=\"http:\/\/soundcloud.com\/ultimatoonline\">Editora Ultimato<\/a><\/span><\/p>\n","protected":false},"excerpt":{"rendered":"<p>Ou\u00e7a algumas devocionais selecionadas do livro Refei\u00e7\u00f5es Di\u00e1rias &#8211; no partir do p\u00e3o e na ora\u00e7\u00e3o. Podcast1 &#8211; \u00c9 uma Espera de Poucos Dias Refei\u00e7\u00f5es Di\u00e1rias 2012 &#8211; podcast1 by Editora Ultimato Podcast2 &#8211; Tra\u00e7o de Uni\u00e3o Refei\u00e7\u00f5es Di\u00e1rias 2012 &#8211; podcast2 by Editora Ultimato Podcast3 &#8211; N\u00f3s e o Esp\u00edrito Santo Refei\u00e7\u00f5es Di\u00e1rias 2012 [&hellip;]<\/p>\n","protected":false},"author":8,"featured_media":0,"parent":17,"menu_order":4,"comment_status":"open","ping_status":"open","template":"","meta":{"footnotes":""},"class_list":["post-54","page","type-page","status-publish","hentry"],"_links":{"self":[{"href":"https:\/\/ultimato.com.br\/sites\/refeicoes-diarias-2012\/wp-json\/wp\/v2\/pages\/54","targetHints":{"allow":["GET"]}}],"collection":[{"href":"https:\/\/ultimato.com.br\/sites\/refeicoes-diarias-2012\/wp-json\/wp\/v2\/pages"}],"about":[{"href":"https:\/\/ultimato.com.br\/sites\/refeicoes-diarias-2012\/wp-json\/wp\/v2\/types\/page"}],"author":[{"embeddable":true,"href":"https:\/\/ultimato.com.br\/sites\/refeicoes-diarias-2012\/wp-json\/wp\/v2\/users\/8"}],"replies":[{"embeddable":true,"href":"https:\/\/ultimato.com.br\/sites\/refeicoes-diarias-2012\/wp-json\/wp\/v2\/comments?post=54"}],"version-history":[{"count":4,"href":"https:\/\/ultimato.com.br\/sites\/refeicoes-diarias-2012\/wp-json\/wp\/v2\/pages\/54\/revisions"}],"predecessor-version":[{"id":58,"href":"https:\/\/ultimato.com.br\/sites\/refeicoes-diarias-2012\/wp-json\/wp\/v2\/pages\/54\/revisions\/58"}],"up":[{"embeddable":true,"href":"https:\/\/ultimato.com.br\/sites\/refeicoes-diarias-2012\/wp-json\/wp\/v2\/pages\/17"}],"wp:attachment":[{"href":"https:\/\/ultimato.com.br\/sites\/refeicoes-diarias-2012\/wp-json\/wp\/v2\/media?parent=54"}],"curies":[{"name":"wp","href":"https:\/\/api.w.org\/{rel}","templated":true}]}}