{"id":43,"date":"2011-10-06T14:29:15","date_gmt":"2011-10-06T17:29:15","guid":{"rendered":"http:\/\/ultimato.com.br\/sites\/refeicoes-diarias-2012\/?page_id=43"},"modified":"2011-10-06T14:36:13","modified_gmt":"2011-10-06T17:36:13","slug":"reserve-o-seu","status":"publish","type":"page","link":"https:\/\/ultimato.com.br\/sites\/refeicoes-diarias-2012\/reserve-o-seu\/","title":{"rendered":"Reserve o seu!"},"content":{"rendered":"<p>Clique <a href=\"http:\/\/www.ultimato.com.br\/loja\/produtos\/refeicoes-diarias\" target=\"_blank\">aqui<\/a> para comprar em pr\u00e9-venda ou preencha o formul\u00e1rio a seguir para reservar o seu livro. Quando ele estiver dispon\u00edvel entraremos em contato.<\/p>\n<p>Saiba mais sobre os descontos progressivos. Clique <a href=\"http:\/\/ultimato.com.br\/sites\/refeicoes-diarias-2012\/descontos-progressivos\/\">aqui<\/a>.<\/p>\n<p><iframe loading=\"lazy\" src=\"https:\/\/docs.google.com\/spreadsheet\/embeddedform?formkey=dDNTd0ZDRTIzeHAtZ29LTVE4VGpHZnc6MQ\" width=\"595\" height=\"600\" frameborder=\"0\" marginheight=\"0\" marginwidth=\"0\">Carregando&#8230;<\/iframe><\/p>\n","protected":false},"excerpt":{"rendered":"<p>Clique aqui para comprar em pr\u00e9-venda ou preencha o formul\u00e1rio a seguir para reservar o seu livro. Quando ele estiver dispon\u00edvel entraremos em contato. Saiba mais sobre os descontos progressivos. Clique aqui. Carregando&#8230;<\/p>\n","protected":false},"author":8,"featured_media":0,"parent":0,"menu_order":7,"comment_status":"open","ping_status":"open","template":"","meta":{"footnotes":""},"class_list":["post-43","page","type-page","status-publish","hentry"],"_links":{"self":[{"href":"https:\/\/ultimato.com.br\/sites\/refeicoes-diarias-2012\/wp-json\/wp\/v2\/pages\/43","targetHints":{"allow":["GET"]}}],"collection":[{"href":"https:\/\/ultimato.com.br\/sites\/refeicoes-diarias-2012\/wp-json\/wp\/v2\/pages"}],"about":[{"href":"https:\/\/ultimato.com.br\/sites\/refeicoes-diarias-2012\/wp-json\/wp\/v2\/types\/page"}],"author":[{"embeddable":true,"href":"https:\/\/ultimato.com.br\/sites\/refeicoes-diarias-2012\/wp-json\/wp\/v2\/users\/8"}],"replies":[{"embeddable":true,"href":"https:\/\/ultimato.com.br\/sites\/refeicoes-diarias-2012\/wp-json\/wp\/v2\/comments?post=43"}],"version-history":[{"count":4,"href":"https:\/\/ultimato.com.br\/sites\/refeicoes-diarias-2012\/wp-json\/wp\/v2\/pages\/43\/revisions"}],"predecessor-version":[{"id":48,"href":"https:\/\/ultimato.com.br\/sites\/refeicoes-diarias-2012\/wp-json\/wp\/v2\/pages\/43\/revisions\/48"}],"wp:attachment":[{"href":"https:\/\/ultimato.com.br\/sites\/refeicoes-diarias-2012\/wp-json\/wp\/v2\/media?parent=43"}],"curies":[{"name":"wp","href":"https:\/\/api.w.org\/{rel}","templated":true}]}}