{"id":40,"date":"2011-10-04T10:59:24","date_gmt":"2011-10-04T13:59:24","guid":{"rendered":"http:\/\/ultimato.com.br\/sites\/refeicoes-diarias-2012\/?page_id=40"},"modified":"2011-10-04T10:59:24","modified_gmt":"2011-10-04T13:59:24","slug":"divulgue-a-ideia","status":"publish","type":"page","link":"https:\/\/ultimato.com.br\/sites\/refeicoes-diarias-2012\/extras\/divulgue-a-ideia\/","title":{"rendered":"Divulgue a ideia"},"content":{"rendered":"<p>O que acha de incentivar as pessoas a lerem a b\u00edblia e refletirem sobre a igreja e a atua\u00e7\u00e3o do Esp\u00edrito Santo? Preparamos alguns banners para voc\u00ea colocar no seu blog\/site. Divulgue a ideia!<\/p>\n<p><strong>Banner 120&#215;60<\/strong><\/p>\n<table border=\"0\" cellspacing=\"0\" cellpadding=\"0\" width=\"100%\">\n<tbody>\n<tr>\n<td style=\"text-align: center;\"><a href=\"http:\/\/www.ultimato.com.br\/boletim\/downloads\/devoc2012\/bannerE_devoc2012.gif\" class=\"lightview\" data-lightview-group=\"group-40\" data-lightview-options=\"skin: 'dark', controls: 'relative', padding: '10', shadow: { color: '#000000', opacity: 0.08, blur: 3 }\" target=\"_blank\" data-lightview-title=\"Banner 120x60\"><img loading=\"lazy\" decoding=\"async\" class=\"alignnone size-thumbnail wp-image-120\" style=\"border: 0px initial initial;\" title=\"Banner 120x60\" src=\"http:\/\/www.ultimato.com.br\/boletim\/downloads\/devoc2012\/bannerE_devoc2012.gif\" alt=\"\" width=\"120\" height=\"60\" \/><\/a><\/td>\n<\/tr>\n<tr>\n<td style=\"text-align: center;\"><a href=\"http:\/\/www.ultimato.com.br\/boletim\/downloads\/devoc2012\/bannerE_devoc2012.gif\" class=\"lightview\" data-lightview-group=\"group-40\" data-lightview-options=\"skin: 'dark', controls: 'relative', padding: '10', shadow: { color: '#000000', opacity: 0.08, blur: 3 }\" target=\"_blank\">[120&#215;60]<\/a><\/td>\n<\/tr>\n<\/tbody>\n<\/table>\n<p style=\"padding-left: 60px;\"><em>C\u00f3digo de incorpora\u00e7\u00e3o:<\/em> &lt;a href=&#8221;http:\/\/ultimato.com.br\/sites\/refeicoes-diarias-2012\/&#8221; target=&#8221;_blank&#8221; title=&#8221;Refei\u00e7\u00f5es Di\u00e1rias &#8211; no partir do p\u00e3o e na ora\u00e7\u00e3o&#8221;&gt;&lt;img style=&#8221;border: 0px initial initial;&#8221; title=&#8221;Banner 120&#215;60&#8243; src=&#8221;http:\/\/www.ultimato.com.br\/boletim\/downloads\/devoc2012\/bannerE_devoc2012.gif&#8221; alt=&#8221;&#8221; width=&#8221;120&#8243; height=&#8221;60&#8243; \/&gt;&lt;\/a&gt;<\/p>\n<p><a href=\"http:\/\/www.ultimato.com.br\/boletim\/downloads\/devoc2012\/bannerE_devoc2012.gif\" class=\"lightview\" data-lightview-group=\"group-40\" data-lightview-options=\"skin: 'dark', controls: 'relative', padding: '10', shadow: { color: '#000000', opacity: 0.08, blur: 3 }\" style=\"border: 0px initial initial;\" title=\"Banner 120x60\" target=\"_blank\"><\/a><\/p>\n<p><strong>Banner 120&#215;240<\/strong><\/p>\n<table border=\"0\" cellspacing=\"0\" cellpadding=\"0\" width=\"100%\">\n<tbody>\n<tr>\n<td style=\"text-align: center;\"><a href=\"http:\/\/www.ultimato.com.br\/boletim\/downloads\/devoc2012\/bannerD_devoc2012.gif\" class=\"lightview\" data-lightview-group=\"group-40\" data-lightview-options=\"skin: 'dark', controls: 'relative', padding: '10', shadow: { color: '#000000', opacity: 0.08, blur: 3 }\" target=\"_blank\" data-lightview-title=\"Banner 120x240 (a)\"><img loading=\"lazy\" decoding=\"async\" class=\"alignnone size-thumbnail wp-image-120\" style=\"border: 0px initial initial;\" title=\"Banner 120x240 (a)\" src=\"http:\/\/www.ultimato.com.br\/boletim\/downloads\/devoc2012\/bannerD_devoc2012.gif\" alt=\"\" width=\"120\" height=\"240\" \/><\/a><\/td>\n<\/tr>\n<tr>\n<td style=\"text-align: center;\"><a href=\"http:\/\/www.ultimato.com.br\/boletim\/downloads\/devoc2012\/bannerD_devoc2012.gif\" class=\"lightview\" data-lightview-group=\"group-40\" data-lightview-options=\"skin: 'dark', controls: 'relative', padding: '10', shadow: { color: '#000000', opacity: 0.08, blur: 3 }\" target=\"_blank\">[120&#215;240]<\/a><\/td>\n<\/tr>\n<\/tbody>\n<\/table>\n<p style=\"padding-left: 60px;\"><em>C\u00f3digo de incorpora\u00e7\u00e3o:<\/em> &lt;a href=&#8221;http:\/\/ultimato.com.br\/sites\/refeicoes-diarias-2012\/&#8221; target=&#8221;_blank&#8221; title=&#8221;Refei\u00e7\u00f5es Di\u00e1rias &#8211; no partir do p\u00e3o e na ora\u00e7\u00e3o&#8221;&gt;&lt;img style=&#8221;border: 0px initial initial;&#8221; title=&#8221;Banner 120&#215;240&#8243; src=&#8221;http:\/\/www.ultimato.com.br\/boletim\/downloads\/devoc2012\/bannerD_devoc2012.gif&#8221; alt=&#8221;&#8221; width=&#8221;120&#8243; height=&#8221;240&#8243; \/&gt;&lt;\/a&gt;<\/p>\n","protected":false},"excerpt":{"rendered":"<p>O que acha de incentivar as pessoas a lerem a b\u00edblia e refletirem sobre a igreja e a atua\u00e7\u00e3o do Esp\u00edrito Santo? Preparamos alguns banners para voc\u00ea colocar no seu blog\/site. Divulgue a ideia! Banner 120&#215;60 [120&#215;60] C\u00f3digo de incorpora\u00e7\u00e3o: &lt;a href=&#8221;http:\/\/ultimato.com.br\/sites\/refeicoes-diarias-2012\/&#8221; target=&#8221;_blank&#8221; title=&#8221;Refei\u00e7\u00f5es Di\u00e1rias &#8211; no partir do p\u00e3o e na ora\u00e7\u00e3o&#8221;&gt;&lt;img style=&#8221;border: 0px [&hellip;]<\/p>\n","protected":false},"author":8,"featured_media":0,"parent":17,"menu_order":3,"comment_status":"open","ping_status":"open","template":"","meta":{"footnotes":""},"class_list":["post-40","page","type-page","status-publish","hentry"],"_links":{"self":[{"href":"https:\/\/ultimato.com.br\/sites\/refeicoes-diarias-2012\/wp-json\/wp\/v2\/pages\/40","targetHints":{"allow":["GET"]}}],"collection":[{"href":"https:\/\/ultimato.com.br\/sites\/refeicoes-diarias-2012\/wp-json\/wp\/v2\/pages"}],"about":[{"href":"https:\/\/ultimato.com.br\/sites\/refeicoes-diarias-2012\/wp-json\/wp\/v2\/types\/page"}],"author":[{"embeddable":true,"href":"https:\/\/ultimato.com.br\/sites\/refeicoes-diarias-2012\/wp-json\/wp\/v2\/users\/8"}],"replies":[{"embeddable":true,"href":"https:\/\/ultimato.com.br\/sites\/refeicoes-diarias-2012\/wp-json\/wp\/v2\/comments?post=40"}],"version-history":[{"count":2,"href":"https:\/\/ultimato.com.br\/sites\/refeicoes-diarias-2012\/wp-json\/wp\/v2\/pages\/40\/revisions"}],"predecessor-version":[{"id":59,"href":"https:\/\/ultimato.com.br\/sites\/refeicoes-diarias-2012\/wp-json\/wp\/v2\/pages\/40\/revisions\/59"}],"up":[{"embeddable":true,"href":"https:\/\/ultimato.com.br\/sites\/refeicoes-diarias-2012\/wp-json\/wp\/v2\/pages\/17"}],"wp:attachment":[{"href":"https:\/\/ultimato.com.br\/sites\/refeicoes-diarias-2012\/wp-json\/wp\/v2\/media?parent=40"}],"curies":[{"name":"wp","href":"https:\/\/api.w.org\/{rel}","templated":true}]}}