{"id":15,"date":"2011-09-09T09:43:28","date_gmt":"2011-09-09T12:43:28","guid":{"rendered":"http:\/\/ultimato.com.br\/sites\/refeicoes-diarias-2012\/?page_id=15"},"modified":"2011-09-09T14:41:41","modified_gmt":"2011-09-09T17:41:41","slug":"o-que-disseram","status":"publish","type":"page","link":"https:\/\/ultimato.com.br\/sites\/refeicoes-diarias-2012\/o-que-disseram\/","title":{"rendered":"O que disseram"},"content":{"rendered":"<blockquote><p>O estudo do livro de Atos tem me ajudado a ver as dimens\u00f5es da a\u00e7\u00e3o do Esp\u00edrito Santo. <em>Refei\u00e7\u00f5es Di\u00e1rias \u2014 no partir do p\u00e3o e na ora\u00e7\u00e3o<\/em> ser\u00e1 \u00fatil a todo crist\u00e3o que queira fortalecer a sua vida espiritual e ser um melhor servo do Senhor.<\/p><\/blockquote>\n<p style=\"text-align: right;\"><em>Justo L. Gonz\u00e1lez, <\/em><em>historiador cubano, bacharel em teologia e autor de Atos \u2014 o Evangelho do Esp\u00edrito Santo<\/em><\/p>\n<blockquote><p>A igreja primitiva, tanto em Jerusal\u00e9m, como em Antioquia, representou uma experi\u00eancia \u00fanica na hist\u00f3ria n\u00e3o s\u00f3 da Igreja, mas de toda a humanidade. <em>Refei\u00e7\u00f5es Di\u00e1rias \u2014 no partir do p\u00e3o e na ora\u00e7\u00e3o<\/em> \u00e9 um guia na medita\u00e7\u00e3o sobre comunidades humanas, que demonstraram que humanidade \u00e9 uma proposta que pode dar certo.<\/p><\/blockquote>\n<p style=\"text-align: right;\"><em>Ariovaldo Ramos,<\/em><em> pastor na Comunidade Crist\u00e3 Reformada<\/em><\/p>\n<blockquote><p>H\u00e1 v\u00e1rias maneiras de se aproximar do conte\u00fado do livro dos Atos dos Ap\u00f3stolos. A escolhida pelo Rev. Elben C\u00e9sar neste livro \u00e9 a de tirar li\u00e7\u00f5es para a vida por meio de devocionais. O conte\u00fado mostra profundidade no estudo do texto b\u00edblico e, ao mesmo tempo, simplicidade na apresenta\u00e7\u00e3o das li\u00e7\u00f5es aprendidas. As mensagens trazem admoesta\u00e7\u00f5es, orienta\u00e7\u00e3o e for\u00e7a para a vida crist\u00e3 di\u00e1ria, todas num estilo que cativa e inspira o leitor.<\/p><\/blockquote>\n<p style=\"text-align: right;\"><em>Ern\u00ed Walter Seibert, mestre em teologia e doutor em ci\u00eancia da religi\u00e3o, <\/em><em>secret\u00e1rio de Comunica\u00e7\u00e3o e A\u00e7\u00e3o Social da SBB e editor de A B\u00edblia no Brasil<\/em><\/p>\n<blockquote><p>Este devocion\u00e1rio nos tira a venda dos olhos, para que possamos ler as Escrituras no sentido intencionado pelo pr\u00f3prio Deus.<\/p><\/blockquote>\n<p style=\"text-align: right;\"><em>Lindolfo Weing\u00e4rtner, <\/em><em>te\u00f3logo, escritor e pastor luterano<\/em><\/p>\n<p><em> <\/em><\/p>\n<blockquote><p>Na busca do equil\u00edbrio espiritual, a pr\u00e1tica devocional di\u00e1ria \u00e9 mais que uma obriga\u00e7\u00e3o. Recomendo a leitura de <em>Refei\u00e7\u00f5es Di\u00e1rias \u2014 no partir do p\u00e3o e na ora\u00e7\u00e3o<\/em>.<\/p><\/blockquote>\n<p style=\"text-align: right;\"><em>Arieuston Gomes, <\/em><em>pastor e diretor executivo de miss\u00f5es da Igreja Assembleia de Deus no Ipiranga, em S\u00e3o Paulo<\/em><\/p>\n<blockquote><p>O mesmo Senhor Jesus que aben\u00e7oou tanto a igreja em seu in\u00edcio h\u00e1 de usar este devocion\u00e1rio para aben\u00e7oar voc\u00ea tamb\u00e9m. Com uma linguagem simples e pr\u00e1tica,<em> Refei\u00e7\u00f5es Di\u00e1rias \u2014 no partir do p\u00e3o e na ora\u00e7\u00e3o<\/em> exalta o nome glorioso de Jesus.<\/p><\/blockquote>\n<p style=\"text-align: right;\"><em>Joyce Clayton, <\/em><em>escritora, doutora em hist\u00f3ria da igreja e mission\u00e1ria no Nordeste do Brasil<\/em><\/p>\n<blockquote><p>Foi com grande alegria que recebi a not\u00edcia de mais um devocion\u00e1rio baseado nos Atos dos Ap\u00f3stolos. N\u00e3o tenho nenhuma d\u00favida de que ser\u00e1 um b\u00e1lsamo para muitos pastores e l\u00edderes crist\u00e3os que, ao meditar sobre a incr\u00edvel atua\u00e7\u00e3o do Esp\u00edrito Santo na igreja primitiva, ser\u00e3o, uma vez mais, inspirados e desafiados a renovar seu compromisso e total submiss\u00e3o \u00e0 soberana vontade do nosso Senhor e Salvador Jesus.<\/p><\/blockquote>\n<p style=\"text-align: right;\"><em>Marcos Amado, <\/em><em>mestre em missiologia pelo All Nations Christian College, na Inglaterra e pastor na Igreja Batista do Morumbi, em S\u00e3o Paulo<\/em><\/p>\n<blockquote><p>A vida se d\u00e1 em atos. \u00c9 o jeito que procedemos, a conduta que temos, as a\u00e7\u00f5es que praticamos. Rev\u00ea-las e atentar ao nosso procedimento \u00e9 um desafio cotidiano.<\/p>\n<p>Este devocion\u00e1rio nos remete a atos registrados por Lucas no dia-a-dia dos primeiros crist\u00e3os, os \u201cdo caminho\u201d. Ler a respeito \u00e9 oportunidade de inspirar-se.<\/p>\n<p>Cuidar de observar, valorizar e aprender tais atos \u00e9 o que o pastor Elben C\u00e9sar nos ajuda a fazer, \u00a0atrav\u00e9s de alguns destaques e coment\u00e1rios s\u00e1bios e po\u00e9ticos.<\/p>\n<p>Enrique\u00e7a seu cora\u00e7\u00e3o e alimente sua alma com esses exerc\u00edcios di\u00e1rios.<\/p><\/blockquote>\n<p style=\"text-align: right;\"><em>Ta\u00eds Machado, psic\u00f3loga cl\u00ednica e escritora<\/em><\/p>\n<p>&nbsp;<\/p>\n","protected":false},"excerpt":{"rendered":"<p>O estudo do livro de Atos tem me ajudado a ver as dimens\u00f5es da a\u00e7\u00e3o do Esp\u00edrito Santo. Refei\u00e7\u00f5es Di\u00e1rias \u2014 no partir do p\u00e3o e na ora\u00e7\u00e3o ser\u00e1 \u00fatil a todo crist\u00e3o que queira fortalecer a sua vida espiritual e ser um melhor servo do Senhor. Justo L. Gonz\u00e1lez, historiador cubano, bacharel em teologia [&hellip;]<\/p>\n","protected":false},"author":8,"featured_media":0,"parent":0,"menu_order":3,"comment_status":"open","ping_status":"open","template":"","meta":{"footnotes":""},"class_list":["post-15","page","type-page","status-publish","hentry"],"_links":{"self":[{"href":"https:\/\/ultimato.com.br\/sites\/refeicoes-diarias-2012\/wp-json\/wp\/v2\/pages\/15","targetHints":{"allow":["GET"]}}],"collection":[{"href":"https:\/\/ultimato.com.br\/sites\/refeicoes-diarias-2012\/wp-json\/wp\/v2\/pages"}],"about":[{"href":"https:\/\/ultimato.com.br\/sites\/refeicoes-diarias-2012\/wp-json\/wp\/v2\/types\/page"}],"author":[{"embeddable":true,"href":"https:\/\/ultimato.com.br\/sites\/refeicoes-diarias-2012\/wp-json\/wp\/v2\/users\/8"}],"replies":[{"embeddable":true,"href":"https:\/\/ultimato.com.br\/sites\/refeicoes-diarias-2012\/wp-json\/wp\/v2\/comments?post=15"}],"version-history":[{"count":3,"href":"https:\/\/ultimato.com.br\/sites\/refeicoes-diarias-2012\/wp-json\/wp\/v2\/pages\/15\/revisions"}],"predecessor-version":[{"id":24,"href":"https:\/\/ultimato.com.br\/sites\/refeicoes-diarias-2012\/wp-json\/wp\/v2\/pages\/15\/revisions\/24"}],"wp:attachment":[{"href":"https:\/\/ultimato.com.br\/sites\/refeicoes-diarias-2012\/wp-json\/wp\/v2\/media?parent=15"}],"curies":[{"name":"wp","href":"https:\/\/api.w.org\/{rel}","templated":true}]}}