{"id":11,"date":"2011-09-09T09:42:38","date_gmt":"2011-09-09T12:42:38","guid":{"rendered":"http:\/\/ultimato.com.br\/sites\/refeicoes-diarias-2012\/?page_id=11"},"modified":"2011-09-29T11:42:47","modified_gmt":"2011-09-29T14:42:47","slug":"o-livro","status":"publish","type":"page","link":"https:\/\/ultimato.com.br\/sites\/refeicoes-diarias-2012\/","title":{"rendered":"O livro"},"content":{"rendered":"<p><strong><em>Refei\u00e7\u00f5es Di\u00e1rias \u2014 No partir do p\u00e3o e na ora\u00e7\u00e3o<\/em><\/strong> quer tornar mais conhecido e mais apaixonante o marco inicial da igreja vis\u00edvel. S\u00e3o 366 medita\u00e7\u00f5es di\u00e1rias baseadas no livro de Atos dos Ap\u00f3stolos, entre outros escritos b\u00edblicos.<\/p>\n<p>Uma leitura que vai encorajar o leitor a caminhar com os ap\u00f3stolos e os primeiros convertidos dia ap\u00f3s dia, desde a Grande Comiss\u00e3o at\u00e9 o estabelecimento da igreja crist\u00e3 nos principais centros urbanos do mundo da \u00e9poca.<\/p>\n<p>N\u00e3o \u00e9 exagero afirmar que o livro de Atos dos Ap\u00f3stolos conta a hist\u00f3ria da a\u00e7\u00e3o do Esp\u00edrito Santo. E, quando a igreja deseja recuperar o primeiro amor e consertar alguma coisa, ela sempre recorre ao livro de Atos e \u00e0 lideran\u00e7a do Esp\u00edrito Santo. Voc\u00ea \u00e9 nosso convidado a ler em um ano o que aconteceu em pouco mais de trinta anos.<\/p>\n<p>***<\/p>\n<blockquote><p>\u201cPara escrever este devocion\u00e1rio bebi na mesma fonte dos anteriores (<em>Refei\u00e7\u00f5es Di\u00e1rias com o Sabor dos Salmos,<\/em><em>Refei\u00e7\u00f5es Di\u00e1rias com os Profetas Menores<\/em> e <em>Refei\u00e7\u00f5es Di\u00e1rias com Jesus)<\/em>. Continuo me alimentando das Escrituras Sagradas e dela tirando proveito, for\u00e7a, inspira\u00e7\u00e3o, resist\u00eancia e esperan\u00e7a. Fico feliz por poder dividir o fruto desta medita\u00e7\u00e3o\u201d.<\/p><\/blockquote>\n<p style=\"text-align: right;\">Elben C\u00e9sar<\/p>\n<p>&nbsp;<\/p>\n","protected":false},"excerpt":{"rendered":"<p>Refei\u00e7\u00f5es Di\u00e1rias \u2014 No partir do p\u00e3o e na ora\u00e7\u00e3o quer tornar mais conhecido e mais apaixonante o marco inicial da igreja vis\u00edvel. S\u00e3o 366 medita\u00e7\u00f5es di\u00e1rias baseadas no livro de Atos dos Ap\u00f3stolos, entre outros escritos b\u00edblicos. Uma leitura que vai encorajar o leitor a caminhar com os ap\u00f3stolos e os primeiros convertidos dia [&hellip;]<\/p>\n","protected":false},"author":8,"featured_media":0,"parent":0,"menu_order":1,"comment_status":"open","ping_status":"open","template":"","meta":{"footnotes":""},"class_list":["post-11","page","type-page","status-publish","hentry"],"_links":{"self":[{"href":"https:\/\/ultimato.com.br\/sites\/refeicoes-diarias-2012\/wp-json\/wp\/v2\/pages\/11","targetHints":{"allow":["GET"]}}],"collection":[{"href":"https:\/\/ultimato.com.br\/sites\/refeicoes-diarias-2012\/wp-json\/wp\/v2\/pages"}],"about":[{"href":"https:\/\/ultimato.com.br\/sites\/refeicoes-diarias-2012\/wp-json\/wp\/v2\/types\/page"}],"author":[{"embeddable":true,"href":"https:\/\/ultimato.com.br\/sites\/refeicoes-diarias-2012\/wp-json\/wp\/v2\/users\/8"}],"replies":[{"embeddable":true,"href":"https:\/\/ultimato.com.br\/sites\/refeicoes-diarias-2012\/wp-json\/wp\/v2\/comments?post=11"}],"version-history":[{"count":5,"href":"https:\/\/ultimato.com.br\/sites\/refeicoes-diarias-2012\/wp-json\/wp\/v2\/pages\/11\/revisions"}],"predecessor-version":[{"id":19,"href":"https:\/\/ultimato.com.br\/sites\/refeicoes-diarias-2012\/wp-json\/wp\/v2\/pages\/11\/revisions\/19"}],"wp:attachment":[{"href":"https:\/\/ultimato.com.br\/sites\/refeicoes-diarias-2012\/wp-json\/wp\/v2\/media?parent=11"}],"curies":[{"name":"wp","href":"https:\/\/api.w.org\/{rel}","templated":true}]}}