{"id":9,"date":"2014-06-26T02:26:54","date_gmt":"2014-06-26T02:26:54","guid":{"rendered":"http:\/\/ultimato.com.br\/sites\/preciso-saber-envelhecer\/?page_id=9"},"modified":"2014-06-26T02:26:54","modified_gmt":"2014-06-26T02:26:54","slug":"o-que-disseram","status":"publish","type":"page","link":"https:\/\/ultimato.com.br\/sites\/preciso-saber-envelhecer\/o-que-disseram\/","title":{"rendered":"O que disseram"},"content":{"rendered":"<blockquote><p>Um livro t\u00e3o importante como este deveria ser lido por aqueles que est\u00e3o na casa dos vinte, e para aqueles que est\u00e3o chegando aos quarenta deveria ser leitura obrigat\u00f3ria.<\/p><\/blockquote>\n<p><i>\u2013 The Christian <\/i><i>Century<\/i><i><\/i><\/p>\n<blockquote><p>\u00a0Paul Tournier combina sua experi\u00eancia como m\u00e9dico com conhecimento b\u00edblico e psicol\u00f3gico para alcan\u00e7ar a imagina\u00e7\u00e3o do leitor de qualquer idade e de qualquer confiss\u00e3o de f\u00e9. Sua capacidade de expressar verdades existenciais complexas e de estimular a f\u00e9, bem como d\u00favidas honestas e a esperan\u00e7a, \u00e9 um legado surpreendente.<\/p><\/blockquote>\n<p><i>\u2013 John Cox<\/i>, professor em\u00e9rito de psiquiatria da Universidade de Keele e ex-secret\u00e1rio-geral da Associa\u00e7\u00e3o Mundial de Psiquiatria<\/p>\n<blockquote><p><b>\u00c9 Preciso Saber Envelhecer<\/b> apresenta uma perspectiva realista e construtiva sobre o envelhecimento para leitores de qualquer idade. Excelente para profissionais e leigos.<\/p><\/blockquote>\n<p><i>\u2013 Eternity\u00a0<\/i><\/p>\n","protected":false},"excerpt":{"rendered":"<p>Um livro t\u00e3o importante como este deveria ser lido por aqueles que est\u00e3o na casa dos vinte, e para aqueles que est\u00e3o chegando aos quarenta deveria ser leitura obrigat\u00f3ria. \u2013 The Christian Century \u00a0Paul Tournier combina sua experi\u00eancia como m\u00e9dico com conhecimento b\u00edblico e psicol\u00f3gico para alcan\u00e7ar a imagina\u00e7\u00e3o do leitor de qualquer idade e [&hellip;]<\/p>\n","protected":false},"author":24,"featured_media":0,"parent":0,"menu_order":1,"comment_status":"closed","ping_status":"open","template":"","meta":{"footnotes":""},"class_list":["post-9","page","type-page","status-publish","hentry"],"_links":{"self":[{"href":"https:\/\/ultimato.com.br\/sites\/preciso-saber-envelhecer\/wp-json\/wp\/v2\/pages\/9","targetHints":{"allow":["GET"]}}],"collection":[{"href":"https:\/\/ultimato.com.br\/sites\/preciso-saber-envelhecer\/wp-json\/wp\/v2\/pages"}],"about":[{"href":"https:\/\/ultimato.com.br\/sites\/preciso-saber-envelhecer\/wp-json\/wp\/v2\/types\/page"}],"author":[{"embeddable":true,"href":"https:\/\/ultimato.com.br\/sites\/preciso-saber-envelhecer\/wp-json\/wp\/v2\/users\/24"}],"replies":[{"embeddable":true,"href":"https:\/\/ultimato.com.br\/sites\/preciso-saber-envelhecer\/wp-json\/wp\/v2\/comments?post=9"}],"version-history":[{"count":1,"href":"https:\/\/ultimato.com.br\/sites\/preciso-saber-envelhecer\/wp-json\/wp\/v2\/pages\/9\/revisions"}],"predecessor-version":[{"id":10,"href":"https:\/\/ultimato.com.br\/sites\/preciso-saber-envelhecer\/wp-json\/wp\/v2\/pages\/9\/revisions\/10"}],"wp:attachment":[{"href":"https:\/\/ultimato.com.br\/sites\/preciso-saber-envelhecer\/wp-json\/wp\/v2\/media?parent=9"}],"curies":[{"name":"wp","href":"https:\/\/api.w.org\/{rel}","templated":true}]}}