{"id":16,"date":"2014-06-26T02:29:51","date_gmt":"2014-06-26T02:29:51","guid":{"rendered":"http:\/\/ultimato.com.br\/sites\/preciso-saber-envelhecer\/?page_id=16"},"modified":"2014-06-26T17:58:29","modified_gmt":"2014-06-26T17:58:29","slug":"serie-paul-tounier","status":"publish","type":"page","link":"https:\/\/ultimato.com.br\/sites\/preciso-saber-envelhecer\/serie-paul-tounier\/","title":{"rendered":"S\u00e9rie Paul Tournier"},"content":{"rendered":"<p>Para conhecer melhor o autor, sua influ\u00eancia e contribui\u00e7\u00e3o \u00e0 pr\u00e1tica m\u00e9dica e teol\u00f3gica, acesse os artigos da <a href=\"http:\/\/ultimato.com.br\/sites\/blogdaultimato\/2014\/06\/26\/a-influencia-da-religiao-sobre-a-saude-serie-paul-tournier\/\" title=\"S\u00e9rie Paul Tournier\" target=\"_blank\">S\u00e9rie Paul Tournier<\/a>, publicados pela revista Ultimato em parceria com o Corpo de Psic\u00f3logos e Psiquiatras Crist\u00e3os.<\/p>\n","protected":false},"excerpt":{"rendered":"<p>Para conhecer melhor o autor, sua influ\u00eancia e contribui\u00e7\u00e3o \u00e0 pr\u00e1tica m\u00e9dica e teol\u00f3gica, acesse os artigos da S\u00e9rie Paul Tournier, publicados pela revista Ultimato em parceria com o Corpo de Psic\u00f3logos e Psiquiatras Crist\u00e3os.<\/p>\n","protected":false},"author":24,"featured_media":0,"parent":0,"menu_order":4,"comment_status":"closed","ping_status":"open","template":"","meta":{"footnotes":""},"class_list":["post-16","page","type-page","status-publish","hentry"],"_links":{"self":[{"href":"https:\/\/ultimato.com.br\/sites\/preciso-saber-envelhecer\/wp-json\/wp\/v2\/pages\/16","targetHints":{"allow":["GET"]}}],"collection":[{"href":"https:\/\/ultimato.com.br\/sites\/preciso-saber-envelhecer\/wp-json\/wp\/v2\/pages"}],"about":[{"href":"https:\/\/ultimato.com.br\/sites\/preciso-saber-envelhecer\/wp-json\/wp\/v2\/types\/page"}],"author":[{"embeddable":true,"href":"https:\/\/ultimato.com.br\/sites\/preciso-saber-envelhecer\/wp-json\/wp\/v2\/users\/24"}],"replies":[{"embeddable":true,"href":"https:\/\/ultimato.com.br\/sites\/preciso-saber-envelhecer\/wp-json\/wp\/v2\/comments?post=16"}],"version-history":[{"count":6,"href":"https:\/\/ultimato.com.br\/sites\/preciso-saber-envelhecer\/wp-json\/wp\/v2\/pages\/16\/revisions"}],"predecessor-version":[{"id":45,"href":"https:\/\/ultimato.com.br\/sites\/preciso-saber-envelhecer\/wp-json\/wp\/v2\/pages\/16\/revisions\/45"}],"wp:attachment":[{"href":"https:\/\/ultimato.com.br\/sites\/preciso-saber-envelhecer\/wp-json\/wp\/v2\/media?parent=16"}],"curies":[{"name":"wp","href":"https:\/\/api.w.org\/{rel}","templated":true}]}}