{"id":11,"date":"2014-06-26T02:28:21","date_gmt":"2014-06-26T02:28:21","guid":{"rendered":"http:\/\/ultimato.com.br\/sites\/preciso-saber-envelhecer\/?page_id=11"},"modified":"2014-06-26T02:28:21","modified_gmt":"2014-06-26T02:28:21","slug":"o-autor","status":"publish","type":"page","link":"https:\/\/ultimato.com.br\/sites\/preciso-saber-envelhecer\/o-autor\/","title":{"rendered":"O autor"},"content":{"rendered":"<p><b><a href=\"http:\/\/ultimato.com.br\/sites\/preciso-saber-envelhecer\/files\/2014\/06\/foto_hs_epse.jpg\"><img loading=\"lazy\" decoding=\"async\" class=\"alignleft size-thumbnail wp-image-12\" alt=\"foto_hs_epse\" src=\"http:\/\/ultimato.com.br\/sites\/preciso-saber-envelhecer\/files\/2014\/06\/foto_hs_epse-150x150.jpg\" width=\"150\" height=\"150\" \/><\/a>Paul Tournier<\/b>, m\u00e9dico su\u00ed\u00e7o, conhecido internacionalmente como psiquiatra crist\u00e3o, foi tamb\u00e9m escritor traduzido e publicado em mais de trinta idiomas. Come\u00e7ou sua vida profissional como m\u00e9dico em Genebra e sua preocupa\u00e7\u00e3o com a medicina integral o levou \u00e0 pr\u00e1tica da psicoterapia. Em 1947 fundou o Grupo Internacional de Medicina da Pessoa. \u00c9 autor de, entre outros, <i>A Miss\u00e3o da Mulher<\/i>, <i>Culpa e Gra\u00e7a<\/i> e\u00a0<i>Os Fortes e os Fracos<\/i>.<\/p>\n","protected":false},"excerpt":{"rendered":"<p>Paul Tournier, m\u00e9dico su\u00ed\u00e7o, conhecido internacionalmente como psiquiatra crist\u00e3o, foi tamb\u00e9m escritor traduzido e publicado em mais de trinta idiomas. Come\u00e7ou sua vida profissional como m\u00e9dico em Genebra e sua preocupa\u00e7\u00e3o com a medicina integral o levou \u00e0 pr\u00e1tica da psicoterapia. Em 1947 fundou o Grupo Internacional de Medicina da Pessoa. \u00c9 autor de, entre [&hellip;]<\/p>\n","protected":false},"author":24,"featured_media":0,"parent":0,"menu_order":2,"comment_status":"closed","ping_status":"open","template":"","meta":{"footnotes":""},"class_list":["post-11","page","type-page","status-publish","hentry"],"_links":{"self":[{"href":"https:\/\/ultimato.com.br\/sites\/preciso-saber-envelhecer\/wp-json\/wp\/v2\/pages\/11","targetHints":{"allow":["GET"]}}],"collection":[{"href":"https:\/\/ultimato.com.br\/sites\/preciso-saber-envelhecer\/wp-json\/wp\/v2\/pages"}],"about":[{"href":"https:\/\/ultimato.com.br\/sites\/preciso-saber-envelhecer\/wp-json\/wp\/v2\/types\/page"}],"author":[{"embeddable":true,"href":"https:\/\/ultimato.com.br\/sites\/preciso-saber-envelhecer\/wp-json\/wp\/v2\/users\/24"}],"replies":[{"embeddable":true,"href":"https:\/\/ultimato.com.br\/sites\/preciso-saber-envelhecer\/wp-json\/wp\/v2\/comments?post=11"}],"version-history":[{"count":1,"href":"https:\/\/ultimato.com.br\/sites\/preciso-saber-envelhecer\/wp-json\/wp\/v2\/pages\/11\/revisions"}],"predecessor-version":[{"id":13,"href":"https:\/\/ultimato.com.br\/sites\/preciso-saber-envelhecer\/wp-json\/wp\/v2\/pages\/11\/revisions\/13"}],"wp:attachment":[{"href":"https:\/\/ultimato.com.br\/sites\/preciso-saber-envelhecer\/wp-json\/wp\/v2\/media?parent=11"}],"curies":[{"name":"wp","href":"https:\/\/api.w.org\/{rel}","templated":true}]}}