{"id":9,"date":"2011-05-23T19:24:04","date_gmt":"2011-05-23T22:24:04","guid":{"rendered":"http:\/\/ultimato.com.br\/sites\/por-que-faco\/"},"modified":"2011-05-24T08:40:36","modified_gmt":"2011-05-24T11:40:36","slug":"o-livro","status":"publish","type":"page","link":"https:\/\/ultimato.com.br\/sites\/por-que-faco\/","title":{"rendered":"O livro"},"content":{"rendered":"<p>Com que roupa voc\u00ea vai sair hoje?<\/p>\n<p>N\u00e3o, n\u00e3o \u00e9 sobre moda o lan\u00e7amento<strong> Por Que (Sempre) Fa\u00e7o o Que N\u00e3o Quero?<\/strong>.<strong> <\/strong>Ali\u00e1s, a pergunta que combina com o livro \u00e9: \u201ccom que cara vou sair hoje? A social ou a verdadeira?&#8230;\u201d<\/p>\n<p>A pergunta \u201cpor que fa\u00e7o o que n\u00e3o quero?\u201d \u00e9 quase uma confiss\u00e3o. Incomoda e acusa. No entanto, n\u00e3o \u00e9 coisa de religiosos ou conversa de confession\u00e1rio. Est\u00e1 na boca dos intelectuais, dos psicopatas, no meio do povo e tamb\u00e9m nas igrejas.<\/p>\n<p><strong> <\/strong><\/p>\n<p><strong>Por Que (Sempre) Fa\u00e7o o Que N\u00e3o Quero?<\/strong> n\u00e3o faz especula\u00e7\u00f5es. Para o autor, a B\u00edblia responde e aponta caminhos para essa evidente contradi\u00e7\u00e3o que enfrentamos todos os dias. Afinal, quem poderia imaginar, como afirma o psiquiatra Viktor Frankl, que o ser humano seria capaz tanto de inventar as c\u00e2maras de g\u00e1s de Auschwitz como de entrar nelas de cabe\u00e7a erguida, tendo nos l\u00e1bios a ora\u00e7\u00e3o do Pai-Nosso?<\/p>\n","protected":false},"excerpt":{"rendered":"<p>Com que roupa voc\u00ea vai sair hoje? N\u00e3o, n\u00e3o \u00e9 sobre moda o lan\u00e7amento Por Que (Sempre) Fa\u00e7o o Que N\u00e3o Quero?. Ali\u00e1s, a pergunta que combina com o livro \u00e9: \u201ccom que cara vou sair hoje? A social ou a verdadeira?&#8230;\u201d A pergunta \u201cpor que fa\u00e7o o que n\u00e3o quero?\u201d \u00e9 quase uma confiss\u00e3o. [&hellip;]<\/p>\n","protected":false},"author":8,"featured_media":0,"parent":0,"menu_order":0,"comment_status":"open","ping_status":"open","template":"","meta":{"footnotes":""},"class_list":["post-9","page","type-page","status-publish","hentry"],"_links":{"self":[{"href":"https:\/\/ultimato.com.br\/sites\/por-que-faco\/wp-json\/wp\/v2\/pages\/9","targetHints":{"allow":["GET"]}}],"collection":[{"href":"https:\/\/ultimato.com.br\/sites\/por-que-faco\/wp-json\/wp\/v2\/pages"}],"about":[{"href":"https:\/\/ultimato.com.br\/sites\/por-que-faco\/wp-json\/wp\/v2\/types\/page"}],"author":[{"embeddable":true,"href":"https:\/\/ultimato.com.br\/sites\/por-que-faco\/wp-json\/wp\/v2\/users\/8"}],"replies":[{"embeddable":true,"href":"https:\/\/ultimato.com.br\/sites\/por-que-faco\/wp-json\/wp\/v2\/comments?post=9"}],"version-history":[{"count":2,"href":"https:\/\/ultimato.com.br\/sites\/por-que-faco\/wp-json\/wp\/v2\/pages\/9\/revisions"}],"predecessor-version":[{"id":17,"href":"https:\/\/ultimato.com.br\/sites\/por-que-faco\/wp-json\/wp\/v2\/pages\/9\/revisions\/17"}],"wp:attachment":[{"href":"https:\/\/ultimato.com.br\/sites\/por-que-faco\/wp-json\/wp\/v2\/media?parent=9"}],"curies":[{"name":"wp","href":"https:\/\/api.w.org\/{rel}","templated":true}]}}