{"id":48,"date":"2011-05-24T10:36:44","date_gmt":"2011-05-24T13:36:44","guid":{"rendered":"http:\/\/ultimato.com.br\/sites\/por-que-faco\/"},"modified":"2011-05-24T14:16:59","modified_gmt":"2011-05-24T17:16:59","slug":"suplicas-de-um-necessitado","status":"publish","type":"page","link":"https:\/\/ultimato.com.br\/sites\/por-que-faco\/extras\/suplicas-de-um-necessitado\/","title":{"rendered":"S\u00faplicas de Um Necessitado"},"content":{"rendered":"<p>A ora\u00e7\u00e3o \u00e9 uma b\u00ean\u00e7\u00e3o. \u00c9 um dos dois maiores\u00a0instrumentos de comunh\u00e3o com Deus (o outro \u00e9 a leitura\u00a0cuidadosa e proveitosa da B\u00edblia). \u00c9 tamb\u00e9m o meio\u00a0mais eficaz na pr\u00e1tica da vigil\u00e2ncia.\u00a0S\u00faplicas de um Necessitado foi escrito para encorajar este\u00a0tipo de ora\u00e7\u00e3o e este tipo de vigil\u00e2ncia.<\/p>\n<div>\n<div>\n<div>Ningu\u00e9m cumpre o itiner\u00e1rio \u00e9tico sem uma invas\u00e3o\u00a0do Esp\u00edrito Santo em todo o seu ser e sem submeter-se\u00a0ao seu dom\u00ednio. S\u00f3 assim ser\u00e1 poss\u00edvel negar-se a si mesmo\u00a0vezes sem conta, crucificar o pr\u00f3prio eu e nadar contra\u00a0a correnteza. Que Deus nos torne humildes e necessitados!\u00a0Am\u00e9m.<\/div>\n<\/div>\n<blockquote>\n<div>A todos quantos n\u00e3o conseguem, com seus\u00a0pr\u00f3prios esfor\u00e7os, sobreviver em retid\u00e3o e emsabedoria frente \u00e0s tenta\u00e7\u00f5es do pecado, da\u00a0tristeza e do des\u00e2nimo.<\/div>\n<\/blockquote>\n<\/div>\n<div>A seguir algumas dessas s\u00faplicas. Para saber mais do livro, clique <a href=\"http:\/\/www.ultimato.com.br\/loja\/produtos\/suplicas-de-um-necessitado-1\" target=\"_blank\">aqui<\/a>.<\/div>\n<div>____________________________________<\/div>\n<div><strong>ASSUME O CONTROLE DA MINHA VIDA<\/strong><\/div>\n<div>\n<p class=\"MsoNormal\" style=\"mso-layout-grid-align: none; text-autospace: none;\">\u00d3 DEUS, TEM MISERIC\u00d3RDIA de mim, pois sou pecador e indeciso. Assume o controle absoluto de minha vida. Toma em tuas m\u00e3os e segura bem firme as r\u00e9deas que me indicar\u00e3o o caminho. Quero ser como o cavalo domado, sem perder o entendimento, mas submisso e obediente.<span style=\"font-size: 7.0pt;\">1<\/span><\/p>\n<p>Leva-me para onde tu quiseres, quando tu quiseres e como tu quiseres.<\/p>\n<p>N\u00e3o me deixes fazer o que n\u00e3o \u00e9 para fazer. Nem me permitas deixar de fazer o que \u00e9 para fazer. N\u00e3o me deixes falar ou escrever o que n\u00e3o \u00e9 para falar e escrever. N\u00e3o me permitas deixar de falar e de escrever o que \u00e9 para falar e escrever.<\/p>\n<p>Destr\u00f3i, \u00f3 Deus, todas as minhas concep\u00e7\u00f5es, todas as minhas id\u00e9ias, todos os meus projetos, todos os meus alvos \u2014 que n\u00e3o procedem de ti, que n\u00e3o est\u00e3o de acordo com a tua vontade soberana. Fa\u00e7a-se a tua vontade, assim em mim como no c\u00e9u.<span style=\"font-size: 7.0pt&amp;amp;amp;\">3<\/span><\/p>\n<p>Controla a dire\u00e7\u00e3o, controla o tempo, controla as marchas, as contramarchas e a velocidade dos acontecimentos. Elimina tanto a hesita\u00e7\u00e3o como a precipita\u00e7\u00e3o, tanto o medo como a valentia, tanto a morosidade como a pressa demasiada.<\/p>\n<p>Guia-me pelo racioc\u00ednio, pela consci\u00eancia, pela palavra que tu colocas na boca de algu\u00e9m, pelo sofrimento, pela ora\u00e7\u00e3o, pela leitura e medita\u00e7\u00e3o das Escrituras Sagradas, pelos impulsos do Esp\u00edrito, pelas manifesta\u00e7\u00f5es claras e inequ\u00edvocas da tua vontade boa e soberana e pelo sistema de portas abertas e portas fechadas.<\/p>\n<p><span style=\"mso-layout-grid-align: none; text-autospace: none;\"><span style=\"font-size: 9.0pt; font-family: Frutiger-Roman; mso-bidi-font-family: Frutiger-Roman;\">1. Salmos 32.9.<\/span><\/span><\/p>\n<p class=\"MsoNormal\" style=\"mso-layout-grid-align: none; text-autospace: none;\"><span style=\"font-size: 9.0pt; font-family: Frutiger-Roman; mso-bidi-font-family: Frutiger-Roman;\">2. Mateus 6.10.<\/span><\/p>\n<p class=\"MsoNormal\" style=\"mso-layout-grid-align: none; text-autospace: none;\"><span style=\"font-size: 9.0pt; font-family: Frutiger-Roman; mso-bidi-font-family: Frutiger-Roman;\">3. Isa\u00edas 30.21.<\/span><\/p>\n<p class=\"MsoNormal\" style=\"mso-layout-grid-align: none; text-autospace: none;\"><span style=\"font-size: 9.0pt; font-family: Frutiger-Roman; mso-bidi-font-family: Frutiger-Roman;\">4. 1 Cor\u00edntios 16.9.<\/span><\/p>\n<div>____________________________________<\/div>\n<div><strong>LIVRA-ME DA TENTA\u00c7\u00c3O\u00a0DOS EXTREMOS<\/strong><\/div>\n<div>\n<p>\u00d3 DEUS, TEM MISERIC\u00d3RDIA de mim, pois sou pecador e desequilibrado. Livra-me da tenta\u00e7\u00e3o dos extremos. Da apatia religiosa e do fanatismo religioso. De nenhuma f\u00e9 em milagres e da busca fren\u00e9tica por milagres.<\/p>\n<p>Da nega\u00e7\u00e3o do Diabo e da id\u00e9ia fixa de Diabo. Da aus\u00eancia de ambi\u00e7\u00e3o e da ambi\u00e7\u00e3o desmedida. Da falta de alvos e da multid\u00e3o de alvos. Da \u00eanfase demasiada na teologia do livre arb\u00edtrio e da \u00eanfase demasiada na teologia da soberania divina. Do an\u00fancio exclusivo da bondade divina e do an\u00fancio exclusivo da severidade divina. Da inc\u00f4moda depress\u00e3o e da falsa euforia. Do desastroso legalismo e do desastroso antinomianismo.<\/p>\n<p>Salva-me da f\u00e9 sem obras e das obras sem f\u00e9. Da a\u00e7\u00e3o sem ora\u00e7\u00e3o e da ora\u00e7\u00e3o sem a\u00e7\u00e3o. Da ortodoxia sem amor e do amor sem ortodoxia. Da evangeliza\u00e7\u00e3o sem a\u00e7\u00e3o social e da a\u00e7\u00e3o social sem evangeliza\u00e7\u00e3o. Da miseric\u00f3rdia sem sabedoria e da sabedoria sem miseric\u00f3rdia. Da psicologia sem teologia e da teologia sem psicologia.<\/p>\n<p>D\u00e1-me a medida certa. N\u00e3o me deixes desviar da tua Palavra nem para a direita nem para a esquerda, para que eu seja bem-sucedido por onde quer que andar.<span style=\"font-size: 7.0pt&amp;gt;1&amp;lt;\/span&amp;gt;&amp;lt;\/p&amp;gt; &amp;lt;p&amp;gt;Concede-me modera\u00e7\u00e3o no pensar, no falar e no agir. E que minha modera\u00e7\u00e3o, minha amabilidade, minha mod\u00e9stia e minha bondade sejam p\u00fablicas.&amp;lt;span style=;\">2 <\/span>N\u00e3o em benef\u00edcio do meu nome, mas para que os outros glorifiquem a ti.<span style=\"font-size: 7.0pt&amp;gt;3&amp;lt;\/span&amp;gt;&amp;lt;\/p&amp;gt; &amp;lt;p&amp;gt;Ajuda-me a ter um conceito equilibrado de mim mesmo.&amp;lt;span style=;\">4 <\/span>Que eu n\u00e3o me considere nem um super-homem nem um superverme. Ajuda-me a fazer uso da mesma cautela no que diz respeito aos outros. Que eu enxergue seus defeitos e tamb\u00e9m suas virtudes. Ensina-me a ver algo de bom na pessoa que suponho ser perversa e algo de ruim na pessoa que suponho ser santa.<\/p>\n<p>N\u00e3o me deixes bater palmas demais nem de menos, para mim ou para os outros. N\u00e3o me deixes comer demais, beber demais, trabalhar demais, descansar demais, andar devagar demais, correr demais, ser manso demais ou bravo demais, falar demais ou calar-me demais. Livra-me da perigosa estrat\u00e9gia do \u201ctudo ou nada\u201d. Que eu seja cauteloso como as serpentes e ao mesmo tempo inofensivo como as pombas.<span style=\"font-size: 7.0pt&amp;gt;5&amp;lt;\/span&amp;gt;Que eu preze tanto a tradi\u00e7\u00e3o como a contesta\u00e7\u00e3o. Torna-me moderado em todas as coisas.&amp;lt;span style=;\">6 <\/span>Am\u00e9m.<\/p>\n<\/div>\n<address>\n<p class=\"MsoNormal\" style=\"mso-layout-grid-align: none; text-autospace: none;\"><span style=\"font-size: 9.0pt; font-family: Frutiger-Roman; mso-bidi-font-family: Frutiger-Roman;\">1. Josu\u00e9 1.7.<\/span><\/p>\n<p class=\"MsoNormal\" style=\"mso-layout-grid-align: none; text-autospace: none;\"><span style=\"font-size: 9.0pt; font-family: Frutiger-Roman; mso-bidi-font-family: Frutiger-Roman;\">2. Filipenses 4.5.<\/span><\/p>\n<p class=\"MsoNormal\" style=\"mso-layout-grid-align: none; text-autospace: none;\"><span style=\"font-size: 9.0pt; font-family: Frutiger-Roman; mso-bidi-font-family: Frutiger-Roman;\">3. Mateus 5.16.<\/span><\/p>\n<p class=\"MsoNormal\" style=\"mso-layout-grid-align: none; text-autospace: none;\"><span style=\"font-size: 9.0pt; font-family: Frutiger-Roman; mso-bidi-font-family: Frutiger-Roman;\">4. Romanos 12.3.<\/span><\/p>\n<p class=\"MsoNormal\" style=\"mso-layout-grid-align: none; text-autospace: none;\"><span style=\"font-size: 9.0pt; font-family: Frutiger-Roman; mso-bidi-font-family: Frutiger-Roman;\">5. Mateus 10.16.<\/span><\/p>\n<p class=\"MsoNormal\" style=\"mso-layout-grid-align: none; text-autospace: none;\"><span style=\"font-size: 9.0pt; font-family: Frutiger-Roman; mso-bidi-font-family: Frutiger-Roman;\">6. 2 Tim\u00f3teo 4.5.<\/span><\/p>\n<\/address>\n<div>____________________________________<\/div>\n<div><strong>SUBJUGA O MEU CORPO<\/strong><\/div>\n<p>\u00d3 DEUS, TEM MISERIC\u00d3RDIA de mim, pois sou pecador e escravo do pecado. D\u00e1-me dom\u00ednio pr\u00f3prio. N\u00e3o me deixes passar pela vergonha de ver homens e mulheres que praticam esportes, e buscam uma coroa muito menor que a minha, serem muito mais disciplinados do que eu. Submeta-me ao mesmo treinamento rigoroso a que eles se sujeitam. Eles de tudo se privam e se sujeitam a sacrif\u00edcios incr\u00edveis. Eles se imp\u00f5em uma ascese rigorosa e suportam exerc\u00edcios duros. Eles em tudo se dominam e est\u00e3o sempre dispostos a renunciar a todas as coisas que poder\u00e3o impedi-los de fazer o melhor que podem no est\u00e1dio, nas competi\u00e7\u00f5es, nas olimp\u00edadas.<\/p>\n<p>\u00c0 semelhan\u00e7a desses atletas, e mais do que eles, preciso bater no meu corpo, castigar o meu corpo, esmurrar o meu corpo, e fazer dele meu escravo. N\u00e3o quero continuar a servir o corpo. O que de fato quero \u00e9 o contr\u00e1rio: que o meu corpo me sirva. Preciso tratar com dureza o meu corpo para ele fazer o que deve e n\u00e3o aquilo que deseja.<span style=\"font-size: 7.0pt&amp;gt;1&amp;lt;\/span&amp;gt;&amp;lt;\/p&amp;gt; &amp;lt;p&amp;gt;D\u00e1-me dom\u00ednio sobre a l\u00edngua, dom\u00ednio sobre os olhos, dom\u00ednio sobre os pensamentos, dom\u00ednio sobre os desejos, dom\u00ednio sobre o est\u00f4mago. N\u00e3o me deixes gastar minhas energias e meu tempo desferindo golpes no ar, na sombra, no vazio, na minha mulher, nos meus filhos, nos outros. Que eu n\u00e3o me desculpe nem fuja dos exerc\u00edcios. Ajuda-me a dar murros certeiros e continuados.&amp;lt;\/p&amp;gt; &amp;lt;p&amp;gt;Sempre para tua honra e gl\u00f3ria.&amp;lt;span style=;\">2 <\/span><\/p>\n<p>Tenho uma vontade d\u00f3cil e outra rebelde. Preciso estar debaixo da vontade d\u00f3cil e acima da vontade rebelde. Conceda-me, pois, a medida certa de dom\u00ednio pr\u00f3prio para eu ser bem-sucedido nessas pr\u00e1ticas.<\/p>\n<p>Ensina-me tamb\u00e9m a lidar com as coisas l\u00edcitas ou permitidas, porque nem tudo conv\u00e9m e nem tudo edifica. At\u00e9 nessas coisas tenho necessidade de dom\u00ednio pr\u00f3prio.<\/p>\n<p>Quero copiar Paulo e declarar humildemente: \u201cTudo me \u00e9 permitido, mas eu n\u00e3o deixarei que nada me domine\u201d.<span style=\"font-size: 7.0pt&amp;gt;3 &amp;lt;\/span&amp;gt;&amp;lt;\/p&amp;gt; &amp;lt;p&amp;gt;Com o teu aux\u00edlio, n\u00e3o vou entristecer o Esp\u00edrito, mas encher-me dele dia ap\u00f3s dia. Pois eu bem sei que o dom\u00ednio pr\u00f3prio flui do Esp\u00edrito, emana do Esp\u00edrito, prov\u00e9m do Esp\u00edrito!&amp;lt;span style=;\">4 <\/span>Am\u00e9m.<\/p>\n<address>\n<p class=\"MsoNormal\" style=\"mso-layout-grid-align: none; text-autospace: none;\"><span style=\"font-size: 9.0pt; font-family: Frutiger-Roman; mso-bidi-font-family: Frutiger-Roman;\">1. 1 Cor\u00edntios 9.24-27.<\/span><\/p>\n<p class=\"MsoNormal\" style=\"mso-layout-grid-align: none; text-autospace: none;\"><span style=\"font-size: 9.0pt; font-family: Frutiger-Roman; mso-bidi-font-family: Frutiger-Roman;\">2. Tiago 3.1-8; Mateus 6.22-23; Colossenses 3.2; G\u00eanesis 4.7; 1 Cor\u00edntios 6.13.<\/span><\/p>\n<p class=\"MsoNormal\" style=\"mso-layout-grid-align: none; text-autospace: none;\"><span style=\"font-size: 9.0pt; font-family: Frutiger-Roman; mso-bidi-font-family: Frutiger-Roman;\">3. 1 Cor\u00edntios 6.12.<\/span><\/p>\n<p class=\"MsoNormal\" style=\"mso-layout-grid-align: none; text-autospace: none;\"><span style=\"font-size: 9.0pt; font-family: Frutiger-Roman; mso-bidi-font-family: Frutiger-Roman;\">4. G\u00e1latas 5.22-23.<\/span><\/p>\n<\/address>\n<p class=\"MsoNormal\" style=\"mso-layout-grid-align: none; text-autospace: none;\"><span style=\"font-size: 12.5pt; font-family: GoudyOldStyle; mso-bidi-font-family: GoudyOldStyle;\"><br \/>\n<\/span><\/p>\n<\/div>\n","protected":false},"excerpt":{"rendered":"<p>A ora\u00e7\u00e3o \u00e9 uma b\u00ean\u00e7\u00e3o. \u00c9 um dos dois maiores\u00a0instrumentos de comunh\u00e3o com Deus (o outro \u00e9 a leitura\u00a0cuidadosa e proveitosa da B\u00edblia). \u00c9 tamb\u00e9m o meio\u00a0mais eficaz na pr\u00e1tica da vigil\u00e2ncia.\u00a0S\u00faplicas de um Necessitado foi escrito para encorajar este\u00a0tipo de ora\u00e7\u00e3o e este tipo de vigil\u00e2ncia. Ningu\u00e9m cumpre o itiner\u00e1rio \u00e9tico sem uma invas\u00e3o\u00a0do [&hellip;]<\/p>\n","protected":false},"author":8,"featured_media":0,"parent":33,"menu_order":3,"comment_status":"open","ping_status":"open","template":"","meta":{"footnotes":""},"class_list":["post-48","page","type-page","status-publish","hentry"],"_links":{"self":[{"href":"https:\/\/ultimato.com.br\/sites\/por-que-faco\/wp-json\/wp\/v2\/pages\/48","targetHints":{"allow":["GET"]}}],"collection":[{"href":"https:\/\/ultimato.com.br\/sites\/por-que-faco\/wp-json\/wp\/v2\/pages"}],"about":[{"href":"https:\/\/ultimato.com.br\/sites\/por-que-faco\/wp-json\/wp\/v2\/types\/page"}],"author":[{"embeddable":true,"href":"https:\/\/ultimato.com.br\/sites\/por-que-faco\/wp-json\/wp\/v2\/users\/8"}],"replies":[{"embeddable":true,"href":"https:\/\/ultimato.com.br\/sites\/por-que-faco\/wp-json\/wp\/v2\/comments?post=48"}],"version-history":[{"count":7,"href":"https:\/\/ultimato.com.br\/sites\/por-que-faco\/wp-json\/wp\/v2\/pages\/48\/revisions"}],"predecessor-version":[{"id":56,"href":"https:\/\/ultimato.com.br\/sites\/por-que-faco\/wp-json\/wp\/v2\/pages\/48\/revisions\/56"}],"up":[{"embeddable":true,"href":"https:\/\/ultimato.com.br\/sites\/por-que-faco\/wp-json\/wp\/v2\/pages\/33"}],"wp:attachment":[{"href":"https:\/\/ultimato.com.br\/sites\/por-que-faco\/wp-json\/wp\/v2\/media?parent=48"}],"curies":[{"name":"wp","href":"https:\/\/api.w.org\/{rel}","templated":true}]}}