{"id":33,"date":"2011-05-24T09:18:48","date_gmt":"2011-05-24T12:18:48","guid":{"rendered":"http:\/\/ultimato.com.br\/sites\/por-que-faco\/"},"modified":"2011-05-24T10:40:18","modified_gmt":"2011-05-24T13:40:18","slug":"extras","status":"publish","type":"page","link":"https:\/\/ultimato.com.br\/sites\/por-que-faco\/extras\/","title":{"rendered":"Extras"},"content":{"rendered":"<p>Disponibilizamos material extra para voc\u00ea:<\/p>\n<p>Leia um trecho do livro &#8211; clique <a href=\"http:\/\/ultimato.com.br\/sites\/por-que-faco\/extras\/leia-um-trecho-do-livro\/\" target=\"_self\">aqui<\/a>.<\/p>\n<p>Baixe pap\u00e9is de parede para seu PC &#8211; clique <a href=\"http:\/\/ultimato.com.br\/sites\/por-que-faco\/extras\/papel-de-parede\/\" target=\"_self\">aqui<\/a>.<\/p>\n<p>&#8220;H\u00e1 esperan\u00e7a&#8221;. Leia algumas S\u00faplicas de um Necessitado, um dos instrumentos para lidar com nossa maldade &#8211; clique <a href=\"http:\/\/ultimato.com.br\/sites\/por-que-faco\/extras\/suplicas-de-um-necessitado\/\" target=\"_self\">aqui<\/a>.<\/p>\n","protected":false},"excerpt":{"rendered":"<p>Disponibilizamos material extra para voc\u00ea: Leia um trecho do livro &#8211; clique aqui. Baixe pap\u00e9is de parede para seu PC &#8211; clique aqui. &#8220;H\u00e1 esperan\u00e7a&#8221;. Leia algumas S\u00faplicas de um Necessitado, um dos instrumentos para lidar com nossa maldade &#8211; clique aqui.<\/p>\n","protected":false},"author":8,"featured_media":0,"parent":0,"menu_order":5,"comment_status":"open","ping_status":"open","template":"","meta":{"footnotes":""},"class_list":["post-33","page","type-page","status-publish","hentry"],"_links":{"self":[{"href":"https:\/\/ultimato.com.br\/sites\/por-que-faco\/wp-json\/wp\/v2\/pages\/33","targetHints":{"allow":["GET"]}}],"collection":[{"href":"https:\/\/ultimato.com.br\/sites\/por-que-faco\/wp-json\/wp\/v2\/pages"}],"about":[{"href":"https:\/\/ultimato.com.br\/sites\/por-que-faco\/wp-json\/wp\/v2\/types\/page"}],"author":[{"embeddable":true,"href":"https:\/\/ultimato.com.br\/sites\/por-que-faco\/wp-json\/wp\/v2\/users\/8"}],"replies":[{"embeddable":true,"href":"https:\/\/ultimato.com.br\/sites\/por-que-faco\/wp-json\/wp\/v2\/comments?post=33"}],"version-history":[{"count":4,"href":"https:\/\/ultimato.com.br\/sites\/por-que-faco\/wp-json\/wp\/v2\/pages\/33\/revisions"}],"predecessor-version":[{"id":53,"href":"https:\/\/ultimato.com.br\/sites\/por-que-faco\/wp-json\/wp\/v2\/pages\/33\/revisions\/53"}],"wp:attachment":[{"href":"https:\/\/ultimato.com.br\/sites\/por-que-faco\/wp-json\/wp\/v2\/media?parent=33"}],"curies":[{"name":"wp","href":"https:\/\/api.w.org\/{rel}","templated":true}]}}