{"id":18,"date":"2011-05-24T08:50:33","date_gmt":"2011-05-24T11:50:33","guid":{"rendered":"http:\/\/ultimato.com.br\/sites\/por-que-faco\/"},"modified":"2011-05-24T08:50:49","modified_gmt":"2011-05-24T11:50:49","slug":"o-autor","status":"publish","type":"page","link":"https:\/\/ultimato.com.br\/sites\/por-que-faco\/o-autor\/","title":{"rendered":"O autor"},"content":{"rendered":"<p><a href=\"http:\/\/ultimato.com.br\/sites\/por-que-faco\/files\/2011\/05\/foto_hs.jpg\" class=\"lightview\" data-lightview-group=\"group-18\" data-lightview-options=\"skin: 'dark', controls: 'relative', padding: '10', shadow: { color: '#000000', opacity: 0.08, blur: 3 }\" data-lightview-title=\"foto_hs\"><img loading=\"lazy\" decoding=\"async\" class=\"alignright size-full wp-image-19\" title=\"foto_hs\" src=\"http:\/\/ultimato.com.br\/sites\/por-que-faco\/files\/2011\/05\/foto_hs.jpg\" alt=\"\" width=\"200\" height=\"241\" \/><\/a>Elben M. Lenz C\u00e9sar \u00e9 diretor-fundador da revista <strong>Ultimato<\/strong>. \u00c9 autor de, entre outros, <em>Pr\u00e1ticas Devocionais<\/em>, <em>Refei\u00e7\u00f5es Di\u00e1rias com Jesus<\/em>, <em>Hist\u00f3ria da Evangeliza\u00e7\u00e3o do Brasil<\/em> e <em>Mochila nas Costas e Di\u00e1rio na M\u00e3o<\/em>, todos publicados pela Editora Ultimato.<\/p>\n","protected":false},"excerpt":{"rendered":"<p>Elben M. Lenz C\u00e9sar \u00e9 diretor-fundador da revista Ultimato. \u00c9 autor de, entre outros, Pr\u00e1ticas Devocionais, Refei\u00e7\u00f5es Di\u00e1rias com Jesus, Hist\u00f3ria da Evangeliza\u00e7\u00e3o do Brasil e Mochila nas Costas e Di\u00e1rio na M\u00e3o, todos publicados pela Editora Ultimato.<\/p>\n","protected":false},"author":8,"featured_media":0,"parent":0,"menu_order":2,"comment_status":"open","ping_status":"open","template":"","meta":{"footnotes":""},"class_list":["post-18","page","type-page","status-publish","hentry"],"_links":{"self":[{"href":"https:\/\/ultimato.com.br\/sites\/por-que-faco\/wp-json\/wp\/v2\/pages\/18","targetHints":{"allow":["GET"]}}],"collection":[{"href":"https:\/\/ultimato.com.br\/sites\/por-que-faco\/wp-json\/wp\/v2\/pages"}],"about":[{"href":"https:\/\/ultimato.com.br\/sites\/por-que-faco\/wp-json\/wp\/v2\/types\/page"}],"author":[{"embeddable":true,"href":"https:\/\/ultimato.com.br\/sites\/por-que-faco\/wp-json\/wp\/v2\/users\/8"}],"replies":[{"embeddable":true,"href":"https:\/\/ultimato.com.br\/sites\/por-que-faco\/wp-json\/wp\/v2\/comments?post=18"}],"version-history":[{"count":4,"href":"https:\/\/ultimato.com.br\/sites\/por-que-faco\/wp-json\/wp\/v2\/pages\/18\/revisions"}],"predecessor-version":[{"id":61,"href":"https:\/\/ultimato.com.br\/sites\/por-que-faco\/wp-json\/wp\/v2\/pages\/18\/revisions\/61"}],"wp:attachment":[{"href":"https:\/\/ultimato.com.br\/sites\/por-que-faco\/wp-json\/wp\/v2\/media?parent=18"}],"curies":[{"name":"wp","href":"https:\/\/api.w.org\/{rel}","templated":true}]}}