{"id":6,"date":"2012-05-08T12:34:11","date_gmt":"2012-05-08T12:34:11","guid":{"rendered":"http:\/\/ultimato.com.br\/sites\/ponto-final\/?page_id=6"},"modified":"2012-05-08T11:13:11","modified_gmt":"2012-05-08T14:13:11","slug":"o-autor","status":"publish","type":"page","link":"https:\/\/ultimato.com.br\/sites\/ponto-final\/o-autor\/","title":{"rendered":"O Autor"},"content":{"rendered":"<p><strong><a href=\"http:\/\/ultimato.com.br\/sites\/ponto-final\/files\/2012\/05\/rubem.jpg\" class=\"lightview\" data-lightview-group=\"group-6\" data-lightview-options=\"skin: 'dark', controls: 'relative', padding: '10', shadow: { color: '#000000', opacity: 0.08, blur: 3 }\" data-lightview-title=\"rubem\"><img loading=\"lazy\" decoding=\"async\" class=\"alignright  wp-image-47\" title=\"rubem\" src=\"http:\/\/ultimato.com.br\/sites\/ponto-final\/files\/2012\/05\/rubem-284x300.jpg\" alt=\"\" width=\"192\" height=\"202\" srcset=\"https:\/\/ultimato.com.br\/sites\/ponto-final\/files\/2012\/05\/rubem-284x300.jpg 284w, https:\/\/ultimato.com.br\/sites\/ponto-final\/files\/2012\/05\/rubem.jpg 320w\" sizes=\"auto, (max-width: 192px) 100vw, 192px\" \/><\/a>Rubem Amorese <\/strong>\u00e9 mestre em comunica\u00e7\u00e3o e presb\u00edtero em\u00e9rito na Igreja Presbiteriana do Planalto, em Bras\u00edlia. \u00c9 colunista da revista <em>Ultimato <\/em>e autor de, entre outros,<a href=\"http:\/\/www.ultimato.com.br\/loja\/produtos\/icabode\" target=\"_blank\"> Icabode \u2014 da mente de Cristo \u00e0 consci\u00eancia moderna<\/a>, <a href=\"http:\/\/www.ultimato.com.br\/loja\/produtos\/louvor-adoracao-e-liturgia\" target=\"_blank\">Louvor, Adora\u00e7\u00e3o e Liturgia<\/a> e <a href=\"http:\/\/www.ultimato.com.br\/loja\/produtos\/fabrica-de-missionarios\" target=\"_blank\">F\u00e1brica de Mission\u00e1rios<\/a>.<\/p>\n","protected":false},"excerpt":{"rendered":"<p>Rubem Amorese \u00e9 mestre em comunica\u00e7\u00e3o e presb\u00edtero em\u00e9rito na Igreja Presbiteriana do Planalto, em Bras\u00edlia. \u00c9 colunista da revista Ultimato e autor de, entre outros, Icabode \u2014 da mente de Cristo \u00e0 consci\u00eancia moderna, Louvor, Adora\u00e7\u00e3o e Liturgia e F\u00e1brica de Mission\u00e1rios.<\/p>\n","protected":false},"author":24,"featured_media":0,"parent":0,"menu_order":2,"comment_status":"open","ping_status":"open","template":"","meta":{"footnotes":""},"class_list":["post-6","page","type-page","status-publish","hentry"],"_links":{"self":[{"href":"https:\/\/ultimato.com.br\/sites\/ponto-final\/wp-json\/wp\/v2\/pages\/6","targetHints":{"allow":["GET"]}}],"collection":[{"href":"https:\/\/ultimato.com.br\/sites\/ponto-final\/wp-json\/wp\/v2\/pages"}],"about":[{"href":"https:\/\/ultimato.com.br\/sites\/ponto-final\/wp-json\/wp\/v2\/types\/page"}],"author":[{"embeddable":true,"href":"https:\/\/ultimato.com.br\/sites\/ponto-final\/wp-json\/wp\/v2\/users\/24"}],"replies":[{"embeddable":true,"href":"https:\/\/ultimato.com.br\/sites\/ponto-final\/wp-json\/wp\/v2\/comments?post=6"}],"version-history":[{"count":7,"href":"https:\/\/ultimato.com.br\/sites\/ponto-final\/wp-json\/wp\/v2\/pages\/6\/revisions"}],"predecessor-version":[{"id":23,"href":"https:\/\/ultimato.com.br\/sites\/ponto-final\/wp-json\/wp\/v2\/pages\/6\/revisions\/23"}],"wp:attachment":[{"href":"https:\/\/ultimato.com.br\/sites\/ponto-final\/wp-json\/wp\/v2\/media?parent=6"}],"curies":[{"name":"wp","href":"https:\/\/api.w.org\/{rel}","templated":true}]}}