{"id":13,"date":"2018-06-27T11:03:20","date_gmt":"2018-06-27T14:03:20","guid":{"rendered":"http:\/\/ultimato.com.br\/sites\/penultima-curiosidade\/?page_id=13"},"modified":"2018-06-28T08:35:13","modified_gmt":"2018-06-28T11:35:13","slug":"o-que-disseram","status":"publish","type":"page","link":"https:\/\/ultimato.com.br\/sites\/penultima-curiosidade\/o-que-disseram\/","title":{"rendered":"O que disseram"},"content":{"rendered":"<blockquote><p><span style=\"color: #333333;\">De maneira \u00fanica,\u00a0<strong>A Pen\u00faltima Curiosidade<\/strong>\u00a0aborda ci\u00eancia e religi\u00e3o por meio do texto e de ilustra\u00e7\u00f5es \u2013 das pinturas e artefatos em cavernas dos primeiros homin\u00eddeos, passando pelos grandes pensadores que moldaram a civiliza\u00e7\u00e3o, at\u00e9 os gigantes da revolu\u00e7\u00e3o cient\u00edfica e da tecnologia dos dias atuais.<\/span><br \/>\n&nbsp;<br \/>\n<span style=\"color: #333333;\"><em>\u2013 Bob White, Universidade de Cambridge<\/em><\/span><\/p><\/blockquote>\n<blockquote><p><span style=\"color: #333333;\"><strong>A Pen\u00faltima Curiosidade<\/strong>\u00a0\u00e9 um relato fascinante de como a curiosidade humana tem lutado para entender o universo a partir de diferentes pontos de vista. Mostra em detalhes como as tens\u00f5es entre ci\u00eancia e religi\u00e3o foram debatidas com profundidade por mentes brilhantes durante s\u00e9culos.<\/span><br \/>\n&nbsp;<br \/>\n<span style=\"color: #333333;\"><em>\u2013 George Ellis, autor, com Stephen Hawking, de The Large Scale Structure of Space-Time<\/em><\/span><\/p><\/blockquote>\n<blockquote><p><span style=\"color: #333333;\">Eis aqui a excel\u00eancia.\u00a0<strong>A Pen\u00faltima Curiosidade<\/strong>\u00a0mostra como \u00e9 insaci\u00e1vel e criativa a curiosidade humana por entendimento e sentido, da pr\u00e9-hist\u00f3ria ao presente.<\/span><br \/>\n&nbsp;<br \/>\n<span style=\"color: #333333;\"><em>\u2013 Justin Welby, arcebispo de Cantu\u00e1ria<\/em><\/span><\/p><\/blockquote>\n<blockquote><p><span style=\"color: #333333;\">Com a expertise de um not\u00e1vel artista e de um pesquisador envolvido no que h\u00e1 de mais<\/span><br \/>\n<span style=\"color: #333333;\">inovador na ci\u00eancia contempor\u00e2nea, o resultado \u00e9 um feito do pensamento interdisciplinar na sua melhor forma e um livro deslumbrante.<\/span><br \/>\n&nbsp;<br \/>\n<span style=\"color: #333333;\"><em>\u2013 Malcolm Jeeves, presidente da Sociedade Real de Edimburgo (1996-1999)<\/em><\/span><\/p><\/blockquote>\n<blockquote><p><span style=\"color: #333333;\">\u00c9 preciso perguntar se pode haver di\u00e1logo entre a ci\u00eancia e a religi\u00e3o, se uma pode respeitar a outra e aceitar seus respectivos pontos de vista. Andrew Briggs e Roger Wagner demonstram que seguir esse caminho \u00e9 n\u00e3o apenas poss\u00edvel, mas tamb\u00e9m enriquecedor.<\/span><br \/>\n&nbsp;<br \/>\n<span style=\"color: #333333;\"><em>\u2013 Rolf Heuer, diretor-geral, CERN<\/em><\/span><\/p><\/blockquote>\n<blockquote><p><span style=\"color: #333333;\">Com originalidade impressionante, a obra exp\u00f5e as perguntas mais profundas sobre a identidade e o prop\u00f3sito humanos.<\/span><br \/>\n&nbsp;<br \/>\n<span style=\"color: #333333;\"><em>\u2013 Alister McGrath, professor da c\u00e1tedra Andreas Idreos de ci\u00eancia e religi\u00e3o, Universidade de Oxford<\/em><\/span><\/p><\/blockquote>\n","protected":false},"excerpt":{"rendered":"<p>De maneira \u00fanica,\u00a0A Pen\u00faltima Curiosidade\u00a0aborda ci\u00eancia e religi\u00e3o por meio do texto e de ilustra\u00e7\u00f5es \u2013 das pinturas e artefatos em cavernas dos primeiros homin\u00eddeos, passando pelos grandes pensadores que moldaram a civiliza\u00e7\u00e3o, at\u00e9 os gigantes da revolu\u00e7\u00e3o cient\u00edfica e da tecnologia dos dias atuais. &nbsp; \u2013 Bob White, Universidade de Cambridge A Pen\u00faltima Curiosidade\u00a0\u00e9 [&hellip;]<\/p>\n","protected":false},"author":24,"featured_media":0,"parent":0,"menu_order":3,"comment_status":"closed","ping_status":"closed","template":"","meta":{"footnotes":""},"class_list":["post-13","page","type-page","status-publish","hentry"],"_links":{"self":[{"href":"https:\/\/ultimato.com.br\/sites\/penultima-curiosidade\/wp-json\/wp\/v2\/pages\/13","targetHints":{"allow":["GET"]}}],"collection":[{"href":"https:\/\/ultimato.com.br\/sites\/penultima-curiosidade\/wp-json\/wp\/v2\/pages"}],"about":[{"href":"https:\/\/ultimato.com.br\/sites\/penultima-curiosidade\/wp-json\/wp\/v2\/types\/page"}],"author":[{"embeddable":true,"href":"https:\/\/ultimato.com.br\/sites\/penultima-curiosidade\/wp-json\/wp\/v2\/users\/24"}],"replies":[{"embeddable":true,"href":"https:\/\/ultimato.com.br\/sites\/penultima-curiosidade\/wp-json\/wp\/v2\/comments?post=13"}],"version-history":[{"count":5,"href":"https:\/\/ultimato.com.br\/sites\/penultima-curiosidade\/wp-json\/wp\/v2\/pages\/13\/revisions"}],"predecessor-version":[{"id":29,"href":"https:\/\/ultimato.com.br\/sites\/penultima-curiosidade\/wp-json\/wp\/v2\/pages\/13\/revisions\/29"}],"wp:attachment":[{"href":"https:\/\/ultimato.com.br\/sites\/penultima-curiosidade\/wp-json\/wp\/v2\/media?parent=13"}],"curies":[{"name":"wp","href":"https:\/\/api.w.org\/{rel}","templated":true}]}}