{"id":21,"date":"2016-03-31T05:42:13","date_gmt":"2016-03-31T05:42:13","guid":{"rendered":"http:\/\/ultimato.com.br\/sites\/pensamentos-transformados-emocoes-redimidas\/?page_id=21"},"modified":"2016-03-31T12:56:30","modified_gmt":"2016-03-31T12:56:30","slug":"release","status":"publish","type":"page","link":"https:\/\/ultimato.com.br\/sites\/pensamentos-transformados-emocoes-redimidas\/extras\/release\/","title":{"rendered":"Release"},"content":{"rendered":"<p><em><a href=\"http:\/\/ultimato.com.br\/sites\/pensamentos-transformados-emocoes-redimidas\/files\/2016\/03\/7-Pensamentos_Emocoes_Abr2016.pdf\">Aqui est\u00e1<\/a> o press<\/em>&#8211;<em>release<\/em> do livro <strong>Pensamentos Transformados, Emo\u00e7\u00f5es Redimidas<\/strong>\u00a0para voc\u00ea divulgar no seu site, blog, jornal ou outro meio de comunica\u00e7\u00e3o do seu acesso.<\/p>\n","protected":false},"excerpt":{"rendered":"<p>Aqui est\u00e1 o press&#8211;release do livro Pensamentos Transformados, Emo\u00e7\u00f5es Redimidas\u00a0para voc\u00ea divulgar no seu site, blog, jornal ou outro meio de comunica\u00e7\u00e3o do seu acesso.<\/p>\n","protected":false},"author":24,"featured_media":0,"parent":8,"menu_order":3,"comment_status":"closed","ping_status":"closed","template":"","meta":{"footnotes":""},"class_list":["post-21","page","type-page","status-publish","hentry"],"_links":{"self":[{"href":"https:\/\/ultimato.com.br\/sites\/pensamentos-transformados-emocoes-redimidas\/wp-json\/wp\/v2\/pages\/21","targetHints":{"allow":["GET"]}}],"collection":[{"href":"https:\/\/ultimato.com.br\/sites\/pensamentos-transformados-emocoes-redimidas\/wp-json\/wp\/v2\/pages"}],"about":[{"href":"https:\/\/ultimato.com.br\/sites\/pensamentos-transformados-emocoes-redimidas\/wp-json\/wp\/v2\/types\/page"}],"author":[{"embeddable":true,"href":"https:\/\/ultimato.com.br\/sites\/pensamentos-transformados-emocoes-redimidas\/wp-json\/wp\/v2\/users\/24"}],"replies":[{"embeddable":true,"href":"https:\/\/ultimato.com.br\/sites\/pensamentos-transformados-emocoes-redimidas\/wp-json\/wp\/v2\/comments?post=21"}],"version-history":[{"count":2,"href":"https:\/\/ultimato.com.br\/sites\/pensamentos-transformados-emocoes-redimidas\/wp-json\/wp\/v2\/pages\/21\/revisions"}],"predecessor-version":[{"id":32,"href":"https:\/\/ultimato.com.br\/sites\/pensamentos-transformados-emocoes-redimidas\/wp-json\/wp\/v2\/pages\/21\/revisions\/32"}],"up":[{"embeddable":true,"href":"https:\/\/ultimato.com.br\/sites\/pensamentos-transformados-emocoes-redimidas\/wp-json\/wp\/v2\/pages\/8"}],"wp:attachment":[{"href":"https:\/\/ultimato.com.br\/sites\/pensamentos-transformados-emocoes-redimidas\/wp-json\/wp\/v2\/media?parent=21"}],"curies":[{"name":"wp","href":"https:\/\/api.w.org\/{rel}","templated":true}]}}